{"id":10784,"date":"2022-10-09T10:20:37","date_gmt":"2022-10-09T15:20:37","guid":{"rendered":"https:\/\/kodesolution.com\/2022\/orgonic\/?page_id=10784"},"modified":"2025-12-10T15:22:47","modified_gmt":"2025-12-10T20:22:47","slug":"nosotros","status":"publish","type":"page","link":"https:\/\/www.imfapart.com\/es\/nosotros\/","title":{"rendered":"Sobre Nosotros"},"content":{"rendered":"<div data-elementor-type=\"wp-page\" data-elementor-id=\"10784\" class=\"elementor elementor-10784\" data-elementor-post-type=\"page\">\n\t\t\t\t\t\t<section class=\"elementor-section elementor-top-section elementor-element elementor-element-98beceb elementor-section-stretched elementor-section-boxed elementor-section-height-default elementor-section-height-default tm-col-stretched-none tm-bg-color-over-image\" data-id=\"98beceb\" data-element_type=\"section\" data-settings=\"{&quot;stretch_section&quot;:&quot;section-stretched&quot;,&quot;background_background&quot;:&quot;classic&quot;}\">\n\t\t\t\t\t\t\t<div class=\"elementor-background-overlay\"><\/div>\n\t\t\t\t\t\t\t<div class=\"elementor-container elementor-column-gap-extended\">\n\t\t\t\t\t<div class=\"elementor-column elementor-col-33 elementor-top-column elementor-element elementor-element-238e9e7 tm-bg-color-over-image\" data-id=\"238e9e7\" data-element_type=\"column\">\n\t\t\t<div class=\"elementor-widget-wrap elementor-element-populated\">\n\t\t\t\t\t\t<div class=\"elementor-element elementor-element-c7d842f elementor-widget elementor-widget-tm-ele-animated-layers\" data-id=\"c7d842f\" data-element_type=\"widget\" data-widget_type=\"tm-ele-animated-layers.default\">\n\t\t\t\t<div class=\"elementor-widget-container\">\n\t\t\t\t\t\t\t<div class=\"tm-sc-animated-layer-advanced\">\r\n\t\t\t<div class=\"animated-layer-advanced-inner clearfix\">\r\n\t\r\n<div class=\"layer-image-wrapper layer-image  layer-image-fullwidth elementor-repeater-item-f32edfc\" style=\"\">\r\n\t<div class=\"layer-inner layer-image\">\r\n\t\t<div class=\"layer-image-inner-wrapper image-hover-effect-shine\">\r\n\t\t\t<img fetchpriority=\"high\" decoding=\"async\" class=\"\" src=\"https:\/\/www.imfapart.com\/wp-content\/uploads\/2022\/12\/bg2-600x800.jpg\" width=\"600\" height=\"800\" alt=\"Image\">\r\n\t\t<\/div>\r\n\t<\/div>\r\n<\/div>\r\n\r\n<div class=\"layer-image-wrapper layer-image  layer-image-fullwidth elementor-repeater-item-a895a5f\" style=\"\">\r\n\t<div class=\"layer-inner layer-image\">\r\n\t\t<div class=\"layer-image-inner-wrapper image-hover-effect-shine\">\r\n\t\t\t<img decoding=\"async\" class=\"\" src=\"https:\/\/www.imfapart.com\/wp-content\/uploads\/2022\/12\/bg5-600x800.jpg\" width=\"600\" height=\"800\" alt=\"Image\">\r\n\t\t<\/div>\r\n\t<\/div>\r\n<\/div>\r\n\r\n<div class=\"layer-image-wrapper layer-image  layer-image-fullwidth elementor-repeater-item-47a3984\" style=\"\">\r\n\t<div class=\"layer-inner layer-image\">\r\n\t\t<div class=\"layer-image-inner-wrapper image-hover-effect-shine\">\r\n\t\t\t<img decoding=\"async\" class=\"\" src=\"https:\/\/www.imfapart.com\/wp-content\/uploads\/2022\/12\/lines.png\" width=\"452\" height=\"421\" alt=\"Image\">\r\n\t\t<\/div>\r\n\t<\/div>\r\n<\/div>\r\n\t\t\t<\/div>\r\n\t\t\t<div class=\"clearfix\"><\/div>\r\n\t\t<\/div>\r\n\t\t\t\t\t<\/div>\n\t\t\t\t<\/div>\n\t\t\t\t\t<\/div>\n\t\t<\/div>\n\t\t\t\t<div class=\"elementor-column elementor-col-33 elementor-top-column elementor-element elementor-element-56be4a6 tm-bg-color-over-image\" data-id=\"56be4a6\" data-element_type=\"column\">\n\t\t\t<div class=\"elementor-widget-wrap\">\n\t\t\t\t\t\t\t<\/div>\n\t\t<\/div>\n\t\t\t\t<div class=\"elementor-column elementor-col-33 elementor-top-column elementor-element elementor-element-12a4c1c tm-bg-color-over-image\" data-id=\"12a4c1c\" data-element_type=\"column\">\n\t\t\t<div class=\"elementor-widget-wrap elementor-element-populated\">\n\t\t\t\t\t\t<div class=\"elementor-element elementor-element-357692e horizontal-line-align-left vertical-line-align-bottom elementor-widget elementor-widget-tm-ele-section-title\" data-id=\"357692e\" data-element_type=\"widget\" data-widget_type=\"tm-ele-section-title.default\">\n\t\t\t\t<div class=\"elementor-widget-container\">\n\t\t\t\t\t<div class=\"tm-sc-section-title section-title\">\r\n\t<div class=\"title-wrapper\">\r\n\t\t\t\t\t\t<h6 class=\"subtitle\">\r\n\r\n\t\t\r\n\t\tEspecialistas en Filtraci\u00f3n\t<\/h6>\r\n\t\t\t\t<h2 class=\"title\">\r\n\r\n\t\t\r\n\t\t\t\t<span class=\"title-part1\">Comprometidos con la calidad<\/span>\r\n\t\t\t\t\r\n\t\t\r\n\t<\/h2>\r\n\t<div class=\"title-seperator-line\"><\/div>\t\t\t\t\t\t<\/div>\r\n<\/div>\t\t\t\t<\/div>\n\t\t\t\t<\/div>\n\t\t\t\t<div class=\"elementor-element elementor-element-2822c41 elementor-widget elementor-widget-tm-ele-text-editor\" data-id=\"2822c41\" data-element_type=\"widget\" data-widget_type=\"tm-ele-text-editor.default\">\n\t\t\t\t<div class=\"elementor-widget-container\">\n\t\t\t\t\t\t\t<div class=\"tm-text-editor\">\r\n\t\t<p>Imfapart es una empresa familiar que se dedica al suministro y mantenimiento en la industria del petr\u00f3leo y gas desde hace m\u00e1s de 25 a\u00f1os.<\/p><p>At Imfapart, we strive for efficiency and ensure that all systems have the right product for their needs.<\/p>\t\t<\/div>\r\n\t\t\t\t\t<\/div>\n\t\t\t\t<\/div>\n\t\t\t\t\t<\/div>\n\t\t<\/div>\n\t\t\t\t\t<\/div>\n\t\t<\/section>\n\t\t\t\t<section class=\"elementor-section elementor-top-section elementor-element elementor-element-7895b94 elementor-section-stretched elementor-section-boxed elementor-section-height-default elementor-section-height-default tm-col-stretched-none tm-bg-color-over-image\" data-id=\"7895b94\" data-element_type=\"section\" data-settings=\"{&quot;stretch_section&quot;:&quot;section-stretched&quot;,&quot;background_background&quot;:&quot;classic&quot;}\">\n\t\t\t\t\t\t<div class=\"elementor-container elementor-column-gap-extended\">\n\t\t\t\t\t<div class=\"elementor-column elementor-col-100 elementor-top-column elementor-element elementor-element-f153615 tm-bg-color-over-image\" data-id=\"f153615\" data-element_type=\"column\">\n\t\t\t<div class=\"elementor-widget-wrap elementor-element-populated\">\n\t\t\t\t\t\t<section class=\"elementor-section elementor-inner-section elementor-element elementor-element-1b622f2 elementor-section-boxed elementor-section-height-default elementor-section-height-default tm-col-stretched-none tm-bg-color-over-image\" data-id=\"1b622f2\" data-element_type=\"section\">\n\t\t\t\t\t\t<div class=\"elementor-container elementor-column-gap-default\">\n\t\t\t\t\t<div class=\"elementor-column elementor-col-33 elementor-inner-column elementor-element elementor-element-de102e6 tm-bg-color-over-image\" data-id=\"de102e6\" data-element_type=\"column\">\n\t\t\t<div class=\"elementor-widget-wrap\">\n\t\t\t\t\t\t\t<\/div>\n\t\t<\/div>\n\t\t\t\t<div class=\"elementor-column elementor-col-33 elementor-inner-column elementor-element elementor-element-c45cb00 tm-bg-color-over-image\" data-id=\"c45cb00\" data-element_type=\"column\">\n\t\t\t<div class=\"elementor-widget-wrap elementor-element-populated\">\n\t\t\t\t\t\t<div class=\"elementor-element elementor-element-6f711ce horizontal-line-align-left vertical-line-align-bottom elementor-widget elementor-widget-tm-ele-section-title\" data-id=\"6f711ce\" data-element_type=\"widget\" data-widget_type=\"tm-ele-section-title.default\">\n\t\t\t\t<div class=\"elementor-widget-container\">\n\t\t\t\t\t<div class=\"tm-sc-section-title section-title center\">\r\n\t<div class=\"title-wrapper\">\r\n\t\t\t\t\t\t<h6 class=\"subtitle\">\r\n\r\n\t\t\r\n\t\tImfapart\t<\/h6>\r\n\t\t\t\t<h2 class=\"title\">\r\n\r\n\t\t\r\n\t\t\t\t<span class=\"title-part1\">Industrial solutions for your projects<\/span>\r\n\t\t\t\t\r\n\t\t\r\n\t<\/h2>\r\n\t<div class=\"title-seperator-line\"><\/div>\t\t\t\t\t\t<\/div>\r\n<\/div>\t\t\t\t<\/div>\n\t\t\t\t<\/div>\n\t\t\t\t\t<\/div>\n\t\t<\/div>\n\t\t\t\t<div class=\"elementor-column elementor-col-33 elementor-inner-column elementor-element elementor-element-5cac5fe tm-bg-color-over-image\" data-id=\"5cac5fe\" data-element_type=\"column\">\n\t\t\t<div class=\"elementor-widget-wrap\">\n\t\t\t\t\t\t\t<\/div>\n\t\t<\/div>\n\t\t\t\t\t<\/div>\n\t\t<\/section>\n\t\t\t\t\t<\/div>\n\t\t<\/div>\n\t\t\t\t\t<\/div>\n\t\t<\/section>\n\t\t\t\t<section class=\"elementor-section elementor-top-section elementor-element elementor-element-16a4bf4 elementor-section-boxed elementor-section-height-default elementor-section-height-default tm-col-stretched-none tm-bg-color-over-image\" data-id=\"16a4bf4\" data-element_type=\"section\">\n\t\t\t\t\t\t<div class=\"elementor-container elementor-column-gap-default\">\n\t\t\t\t\t<div class=\"elementor-column elementor-col-50 elementor-top-column elementor-element elementor-element-9473365 tm-bg-color-over-image\" data-id=\"9473365\" data-element_type=\"column\">\n\t\t\t<div class=\"elementor-widget-wrap elementor-element-populated\">\n\t\t\t\t\t\t<div class=\"elementor-element elementor-element-89b3f66 elementor-widget elementor-widget-heading\" data-id=\"89b3f66\" data-element_type=\"widget\" data-widget_type=\"heading.default\">\n\t\t\t\t<div class=\"elementor-widget-container\">\n\t\t\t\t\t<h3 class=\"elementor-heading-title elementor-size-default\">Missi\u00f3n<\/h3>\t\t\t\t<\/div>\n\t\t\t\t<\/div>\n\t\t\t\t<div class=\"elementor-element elementor-element-e26f838 elementor-widget__width-auto elementor-widget elementor-widget-text-editor\" data-id=\"e26f838\" data-element_type=\"widget\" data-widget_type=\"text-editor.default\">\n\t\t\t\t<div class=\"elementor-widget-container\">\n\t\t\t\t\t\t\t\t\t<p>To satisfy our clients&#8217; needs in the industrial filtration sector and related products. To supply these products with the required specifications and related services, while prioritizing quality and commitment.<\/p>\t\t\t\t\t\t\t\t<\/div>\n\t\t\t\t<\/div>\n\t\t\t\t\t<\/div>\n\t\t<\/div>\n\t\t\t\t<div class=\"elementor-column elementor-col-50 elementor-top-column elementor-element elementor-element-c1099eb tm-bg-color-over-image\" data-id=\"c1099eb\" data-element_type=\"column\">\n\t\t\t<div class=\"elementor-widget-wrap elementor-element-populated\">\n\t\t\t\t\t\t<div class=\"elementor-element elementor-element-85bfd00 elementor-widget elementor-widget-heading\" data-id=\"85bfd00\" data-element_type=\"widget\" data-widget_type=\"heading.default\">\n\t\t\t\t<div class=\"elementor-widget-container\">\n\t\t\t\t\t<h3 class=\"elementor-heading-title elementor-size-default\">Visi\u00f3n<\/h3>\t\t\t\t<\/div>\n\t\t\t\t<\/div>\n\t\t\t\t<div class=\"elementor-element elementor-element-a92a52a elementor-widget__width-auto elementor-widget elementor-widget-text-editor\" data-id=\"a92a52a\" data-element_type=\"widget\" data-widget_type=\"text-editor.default\">\n\t\t\t\t<div class=\"elementor-widget-container\">\n\t\t\t\t\t\t\t\t\t<p>In the next 5 years, Imfapart will position itself as a leading international company in the supply of products, services, and consulting for the petroleum sector. To achieve this objective, we count on the necessary resources and qualified personnel.<\/p>\t\t\t\t\t\t\t\t<\/div>\n\t\t\t\t<\/div>\n\t\t\t\t\t<\/div>\n\t\t<\/div>\n\t\t\t\t\t<\/div>\n\t\t<\/section>\n\t\t\t\t<\/div>","protected":false},"excerpt":{"rendered":"<p>Filtration Specialists Committed to quality Imfapart is a family business dedicated to the supply and maintenance in the oil and&#8230;<\/p>","protected":false},"author":3,"featured_media":0,"parent":0,"menu_order":0,"comment_status":"closed","ping_status":"closed","template":"","meta":{"_joinchat":[],"footnotes":""},"class_list":["post-10784","page","type-page","status-publish","hentry"],"yoast_head":"<!-- This site is optimized with the Yoast SEO plugin v26.2 - https:\/\/yoast.com\/wordpress\/plugins\/seo\/ -->\n<title>Sobre Nosotros - IMFAPART | Industrial filtration and lubrication<\/title>\n<meta name=\"description\" content=\"Comprometidos con la calidad Imfapart es una empresa familiar dedicada al suministro y servicio de la industria del petr\u00f3leo y el gas desde hace m\u00e1s de 25 a\u00f1os. En Imfapart nos esforzamos por la eficiencia y nos aseguramos de que cada sistema tenga el producto adecuado a sus necesidades.\" \/>\n<meta name=\"robots\" content=\"index, follow, max-snippet:-1, max-image-preview:large, max-video-preview:-1\" \/>\n<link rel=\"canonical\" href=\"https:\/\/www.imfapart.com\/es\/nosotros\/\" \/>\n<meta property=\"og:locale\" content=\"es_ES\" \/>\n<meta property=\"og:type\" content=\"article\" \/>\n<meta property=\"og:title\" content=\"Sobre Nosotros - IMFAPART | Industrial filtration and lubrication\" \/>\n<meta property=\"og:description\" content=\"Comprometidos con la calidad Imfapart es una empresa familiar dedicada al suministro y servicio de la industria del petr\u00f3leo y el gas desde hace m\u00e1s de 25 a\u00f1os. En Imfapart nos esforzamos por la eficiencia y nos aseguramos de que cada sistema tenga el producto adecuado a sus necesidades.\" \/>\n<meta property=\"og:url\" content=\"https:\/\/www.imfapart.com\/es\/nosotros\/\" \/>\n<meta property=\"og:site_name\" content=\"IMFAPART | Industrial filtration and lubrication\" \/>\n<meta property=\"article:publisher\" content=\"https:\/\/www.facebook.com\/profile.php?id=100078783627404\" \/>\n<meta property=\"article:modified_time\" content=\"2025-12-10T20:22:47+00:00\" \/>\n<meta property=\"og:image\" content=\"http:\/\/www.imfapart.com\/wp-content\/uploads\/2022\/12\/bg2-600x800.jpg\" \/>\n<meta name=\"twitter:card\" content=\"summary_large_image\" \/>\n<meta name=\"twitter:label1\" content=\"Tiempo de lectura\" \/>\n\t<meta name=\"twitter:data1\" content=\"2 minutos\" \/>\n<script type=\"application\/ld+json\" class=\"yoast-schema-graph\">{\"@context\":\"https:\/\/schema.org\",\"@graph\":[{\"@type\":\"WebPage\",\"@id\":\"https:\/\/www.imfapart.com\/nosotros\/\",\"url\":\"https:\/\/www.imfapart.com\/nosotros\/\",\"name\":\"Sobre Nosotros - IMFAPART | Industrial filtration and lubrication\",\"isPartOf\":{\"@id\":\"https:\/\/www.imfapart.com\/#website\"},\"primaryImageOfPage\":{\"@id\":\"https:\/\/www.imfapart.com\/nosotros\/#primaryimage\"},\"image\":{\"@id\":\"https:\/\/www.imfapart.com\/nosotros\/#primaryimage\"},\"thumbnailUrl\":\"http:\/\/www.imfapart.com\/wp-content\/uploads\/2022\/12\/bg2-600x800.jpg\",\"datePublished\":\"2022-10-09T15:20:37+00:00\",\"dateModified\":\"2025-12-10T20:22:47+00:00\",\"description\":\"Comprometidos con la calidad Imfapart es una empresa familiar dedicada al suministro y servicio de la industria del petr\u00f3leo y el gas desde hace m\u00e1s de 25 a\u00f1os. En Imfapart nos esforzamos por la eficiencia y nos aseguramos de que cada sistema tenga el producto adecuado a sus necesidades.\",\"breadcrumb\":{\"@id\":\"https:\/\/www.imfapart.com\/nosotros\/#breadcrumb\"},\"inLanguage\":\"es-CO\",\"potentialAction\":[{\"@type\":\"ReadAction\",\"target\":[\"https:\/\/www.imfapart.com\/nosotros\/\"]}]},{\"@type\":\"ImageObject\",\"inLanguage\":\"es-CO\",\"@id\":\"https:\/\/www.imfapart.com\/nosotros\/#primaryimage\",\"url\":\"http:\/\/www.imfapart.com\/wp-content\/uploads\/2022\/12\/bg2-600x800.jpg\",\"contentUrl\":\"http:\/\/www.imfapart.com\/wp-content\/uploads\/2022\/12\/bg2-600x800.jpg\"},{\"@type\":\"BreadcrumbList\",\"@id\":\"https:\/\/www.imfapart.com\/nosotros\/#breadcrumb\",\"itemListElement\":[{\"@type\":\"ListItem\",\"position\":1,\"name\":\"Inicio\",\"item\":\"https:\/\/www.imfapart.com\/\"},{\"@type\":\"ListItem\",\"position\":2,\"name\":\"Sobre Nosotros\"}]},{\"@type\":\"WebSite\",\"@id\":\"https:\/\/www.imfapart.com\/#website\",\"url\":\"https:\/\/www.imfapart.com\/\",\"name\":\"IMFAPART | Industrial filtration and lubrication\",\"description\":\"We specialize in providing solutions to our clients, and our product range spans a varied selection, from filtration to industrial lubrication.\",\"publisher\":{\"@id\":\"https:\/\/www.imfapart.com\/#organization\"},\"potentialAction\":[{\"@type\":\"SearchAction\",\"target\":{\"@type\":\"EntryPoint\",\"urlTemplate\":\"https:\/\/www.imfapart.com\/?s={search_term_string}\"},\"query-input\":{\"@type\":\"PropertyValueSpecification\",\"valueRequired\":true,\"valueName\":\"search_term_string\"}}],\"inLanguage\":\"es-CO\"},{\"@type\":\"Organization\",\"@id\":\"https:\/\/www.imfapart.com\/#organization\",\"name\":\"IMFAPART | Industrial filtration and lubrication\",\"url\":\"https:\/\/www.imfapart.com\/\",\"logo\":{\"@type\":\"ImageObject\",\"inLanguage\":\"es-CO\",\"@id\":\"https:\/\/www.imfapart.com\/#\/schema\/logo\/image\/\",\"url\":\"https:\/\/www.imfapart.com\/wp-content\/uploads\/2023\/09\/Logo-IMFAPART.png\",\"contentUrl\":\"https:\/\/www.imfapart.com\/wp-content\/uploads\/2023\/09\/Logo-IMFAPART.png\",\"width\":350,\"height\":111,\"caption\":\"IMFAPART | Industrial filtration and lubrication\"},\"image\":{\"@id\":\"https:\/\/www.imfapart.com\/#\/schema\/logo\/image\/\"},\"sameAs\":[\"https:\/\/www.facebook.com\/profile.php?id=100078783627404\",\"https:\/\/www.instagram.com\/imfapart_hdp\/\"]}]}<\/script>\n<!-- \/ Yoast SEO plugin. -->","yoast_head_json":{"title":"Sobre Nosotros - IMFAPART | Industrial filtration and lubrication","description":"Comprometidos con la calidad Imfapart es una empresa familiar dedicada al suministro y servicio de la industria del petr\u00f3leo y el gas desde hace m\u00e1s de 25 a\u00f1os. En Imfapart nos esforzamos por la eficiencia y nos aseguramos de que cada sistema tenga el producto adecuado a sus necesidades.","robots":{"index":"index","follow":"follow","max-snippet":"max-snippet:-1","max-image-preview":"max-image-preview:large","max-video-preview":"max-video-preview:-1"},"canonical":"https:\/\/www.imfapart.com\/es\/nosotros\/","og_locale":"es_ES","og_type":"article","og_title":"Sobre Nosotros - IMFAPART | Industrial filtration and lubrication","og_description":"Comprometidos con la calidad Imfapart es una empresa familiar dedicada al suministro y servicio de la industria del petr\u00f3leo y el gas desde hace m\u00e1s de 25 a\u00f1os. En Imfapart nos esforzamos por la eficiencia y nos aseguramos de que cada sistema tenga el producto adecuado a sus necesidades.","og_url":"https:\/\/www.imfapart.com\/es\/nosotros\/","og_site_name":"IMFAPART | Industrial filtration and lubrication","article_publisher":"https:\/\/www.facebook.com\/profile.php?id=100078783627404","article_modified_time":"2025-12-10T20:22:47+00:00","og_image":[{"url":"http:\/\/www.imfapart.com\/wp-content\/uploads\/2022\/12\/bg2-600x800.jpg","type":"","width":"","height":""}],"twitter_card":"summary_large_image","twitter_misc":{"Tiempo de lectura":"2 minutos"},"schema":{"@context":"https:\/\/schema.org","@graph":[{"@type":"WebPage","@id":"https:\/\/www.imfapart.com\/nosotros\/","url":"https:\/\/www.imfapart.com\/nosotros\/","name":"Sobre Nosotros - IMFAPART | Industrial filtration and lubrication","isPartOf":{"@id":"https:\/\/www.imfapart.com\/#website"},"primaryImageOfPage":{"@id":"https:\/\/www.imfapart.com\/nosotros\/#primaryimage"},"image":{"@id":"https:\/\/www.imfapart.com\/nosotros\/#primaryimage"},"thumbnailUrl":"http:\/\/www.imfapart.com\/wp-content\/uploads\/2022\/12\/bg2-600x800.jpg","datePublished":"2022-10-09T15:20:37+00:00","dateModified":"2025-12-10T20:22:47+00:00","description":"Comprometidos con la calidad Imfapart es una empresa familiar dedicada al suministro y servicio de la industria del petr\u00f3leo y el gas desde hace m\u00e1s de 25 a\u00f1os. En Imfapart nos esforzamos por la eficiencia y nos aseguramos de que cada sistema tenga el producto adecuado a sus necesidades.","breadcrumb":{"@id":"https:\/\/www.imfapart.com\/nosotros\/#breadcrumb"},"inLanguage":"es-CO","potentialAction":[{"@type":"ReadAction","target":["https:\/\/www.imfapart.com\/nosotros\/"]}]},{"@type":"ImageObject","inLanguage":"es-CO","@id":"https:\/\/www.imfapart.com\/nosotros\/#primaryimage","url":"http:\/\/www.imfapart.com\/wp-content\/uploads\/2022\/12\/bg2-600x800.jpg","contentUrl":"http:\/\/www.imfapart.com\/wp-content\/uploads\/2022\/12\/bg2-600x800.jpg"},{"@type":"BreadcrumbList","@id":"https:\/\/www.imfapart.com\/nosotros\/#breadcrumb","itemListElement":[{"@type":"ListItem","position":1,"name":"Inicio","item":"https:\/\/www.imfapart.com\/"},{"@type":"ListItem","position":2,"name":"Sobre Nosotros"}]},{"@type":"WebSite","@id":"https:\/\/www.imfapart.com\/#website","url":"https:\/\/www.imfapart.com\/","name":"IMFAPART | Industrial filtration and lubrication","description":"We specialize in providing solutions to our clients, and our product range spans a varied selection, from filtration to industrial lubrication.","publisher":{"@id":"https:\/\/www.imfapart.com\/#organization"},"potentialAction":[{"@type":"SearchAction","target":{"@type":"EntryPoint","urlTemplate":"https:\/\/www.imfapart.com\/?s={search_term_string}"},"query-input":{"@type":"PropertyValueSpecification","valueRequired":true,"valueName":"search_term_string"}}],"inLanguage":"es-CO"},{"@type":"Organization","@id":"https:\/\/www.imfapart.com\/#organization","name":"IMFAPART | Industrial filtration and lubrication","url":"https:\/\/www.imfapart.com\/","logo":{"@type":"ImageObject","inLanguage":"es-CO","@id":"https:\/\/www.imfapart.com\/#\/schema\/logo\/image\/","url":"https:\/\/www.imfapart.com\/wp-content\/uploads\/2023\/09\/Logo-IMFAPART.png","contentUrl":"https:\/\/www.imfapart.com\/wp-content\/uploads\/2023\/09\/Logo-IMFAPART.png","width":350,"height":111,"caption":"IMFAPART | Industrial filtration and lubrication"},"image":{"@id":"https:\/\/www.imfapart.com\/#\/schema\/logo\/image\/"},"sameAs":["https:\/\/www.facebook.com\/profile.php?id=100078783627404","https:\/\/www.instagram.com\/imfapart_hdp\/"]}]}},"_links":{"self":[{"href":"https:\/\/www.imfapart.com\/es\/wp-json\/wp\/v2\/pages\/10784","targetHints":{"allow":["GET"]}}],"collection":[{"href":"https:\/\/www.imfapart.com\/es\/wp-json\/wp\/v2\/pages"}],"about":[{"href":"https:\/\/www.imfapart.com\/es\/wp-json\/wp\/v2\/types\/page"}],"author":[{"embeddable":true,"href":"https:\/\/www.imfapart.com\/es\/wp-json\/wp\/v2\/users\/3"}],"replies":[{"embeddable":true,"href":"https:\/\/www.imfapart.com\/es\/wp-json\/wp\/v2\/comments?post=10784"}],"version-history":[{"count":29,"href":"https:\/\/www.imfapart.com\/es\/wp-json\/wp\/v2\/pages\/10784\/revisions"}],"predecessor-version":[{"id":49477,"href":"https:\/\/www.imfapart.com\/es\/wp-json\/wp\/v2\/pages\/10784\/revisions\/49477"}],"wp:attachment":[{"href":"https:\/\/www.imfapart.com\/es\/wp-json\/wp\/v2\/media?parent=10784"}],"curies":[{"name":"wp","href":"https:\/\/api.w.org\/{rel}","templated":true}]}}