{"id":49363,"date":"2025-12-03T10:35:06","date_gmt":"2025-12-03T15:35:06","guid":{"rendered":"https:\/\/www.imfapart.com\/?page_id=49363"},"modified":"2026-02-19T17:01:45","modified_gmt":"2026-02-19T22:01:45","slug":"recipientes-de-filtracion-asme","status":"publish","type":"page","link":"https:\/\/www.imfapart.com\/es\/recipientes-de-filtracion-asme\/","title":{"rendered":"Asme Filter Housings"},"content":{"rendered":"<div data-elementor-type=\"wp-page\" data-elementor-id=\"49363\" class=\"elementor elementor-49363\" data-elementor-post-type=\"page\">\n\t\t\t\t\t\t<section class=\"elementor-section elementor-top-section elementor-element elementor-element-39002d0 elementor-section-boxed elementor-section-height-default elementor-section-height-default tm-col-stretched-none tm-bg-color-over-image\" data-id=\"39002d0\" data-element_type=\"section\">\n\t\t\t\t\t\t<div class=\"elementor-container elementor-column-gap-default\">\n\t\t\t\t\t<div class=\"elementor-column elementor-col-50 elementor-top-column elementor-element elementor-element-e49c471 tm-bg-color-over-image\" data-id=\"e49c471\" data-element_type=\"column\">\n\t\t\t<div class=\"elementor-widget-wrap elementor-element-populated\">\n\t\t\t\t\t\t<div class=\"elementor-element elementor-element-d8cb782 elementor-widget elementor-widget-image\" data-id=\"d8cb782\" data-element_type=\"widget\" data-widget_type=\"image.default\">\n\t\t\t\t<div class=\"elementor-widget-container\">\n\t\t\t\t\t\t\t\t\t\t\t\t\t\t\t<img fetchpriority=\"high\" decoding=\"async\" width=\"1024\" height=\"1024\" src=\"https:\/\/www.imfapart.com\/wp-content\/uploads\/2025\/10\/image-1-1024x1024.png\" class=\"attachment-large size-large wp-image-48593\" alt=\"\" srcset=\"https:\/\/www.imfapart.com\/wp-content\/uploads\/2025\/10\/image-1-1024x1024.png 1024w, https:\/\/www.imfapart.com\/wp-content\/uploads\/2025\/10\/image-1-150x150.png 150w, https:\/\/www.imfapart.com\/wp-content\/uploads\/2025\/10\/image-1-100x100.png 100w, https:\/\/www.imfapart.com\/wp-content\/uploads\/2025\/10\/image-1-300x300.png 300w, https:\/\/www.imfapart.com\/wp-content\/uploads\/2025\/10\/image-1-600x600.png 600w, https:\/\/www.imfapart.com\/wp-content\/uploads\/2025\/10\/image-1-768x768.png 768w\" sizes=\"(max-width: 1024px) 100vw, 1024px\" \/>\t\t\t\t\t\t\t\t\t\t\t\t\t\t\t<\/div>\n\t\t\t\t<\/div>\n\t\t\t\t<div class=\"elementor-element elementor-element-ac968cf elementor-widget elementor-widget-spacer\" data-id=\"ac968cf\" data-element_type=\"widget\" data-widget_type=\"spacer.default\">\n\t\t\t\t<div class=\"elementor-widget-container\">\n\t\t\t\t\t\t\t<div class=\"elementor-spacer\">\n\t\t\t<div class=\"elementor-spacer-inner\"><\/div>\n\t\t<\/div>\n\t\t\t\t\t\t<\/div>\n\t\t\t\t<\/div>\n\t\t\t\t<div class=\"elementor-element elementor-element-bb9579f elementor-widget elementor-widget-image\" data-id=\"bb9579f\" data-element_type=\"widget\" data-widget_type=\"image.default\">\n\t\t\t\t<div class=\"elementor-widget-container\">\n\t\t\t\t\t\t\t\t\t\t\t\t\t\t\t<img decoding=\"async\" width=\"768\" height=\"1024\" src=\"https:\/\/www.imfapart.com\/wp-content\/uploads\/2025\/12\/vasijas-de-alta-presion-3-768x1024.jpg\" class=\"attachment-large size-large wp-image-49366\" alt=\"\" srcset=\"https:\/\/www.imfapart.com\/wp-content\/uploads\/2025\/12\/vasijas-de-alta-presion-3-768x1024.jpg 768w, https:\/\/www.imfapart.com\/wp-content\/uploads\/2025\/12\/vasijas-de-alta-presion-3-225x300.jpg 225w, https:\/\/www.imfapart.com\/wp-content\/uploads\/2025\/12\/vasijas-de-alta-presion-3-9x12.jpg 9w, https:\/\/www.imfapart.com\/wp-content\/uploads\/2025\/12\/vasijas-de-alta-presion-3-600x800.jpg 600w, https:\/\/www.imfapart.com\/wp-content\/uploads\/2025\/12\/vasijas-de-alta-presion-3-400x532.jpg 400w, https:\/\/www.imfapart.com\/wp-content\/uploads\/2025\/12\/vasijas-de-alta-presion-3-450x600.jpg 450w, https:\/\/www.imfapart.com\/wp-content\/uploads\/2025\/12\/vasijas-de-alta-presion-3.jpg 960w\" sizes=\"(max-width: 768px) 100vw, 768px\" \/>\t\t\t\t\t\t\t\t\t\t\t\t\t\t\t<\/div>\n\t\t\t\t<\/div>\n\t\t\t\t<div class=\"elementor-element elementor-element-aa163f2 elementor-widget elementor-widget-spacer\" data-id=\"aa163f2\" data-element_type=\"widget\" data-widget_type=\"spacer.default\">\n\t\t\t\t<div class=\"elementor-widget-container\">\n\t\t\t\t\t\t\t<div class=\"elementor-spacer\">\n\t\t\t<div class=\"elementor-spacer-inner\"><\/div>\n\t\t<\/div>\n\t\t\t\t\t\t<\/div>\n\t\t\t\t<\/div>\n\t\t\t\t<div class=\"elementor-element elementor-element-bf9c211 elementor-widget elementor-widget-image\" data-id=\"bf9c211\" data-element_type=\"widget\" data-widget_type=\"image.default\">\n\t\t\t\t<div class=\"elementor-widget-container\">\n\t\t\t\t\t\t\t\t\t\t\t\t\t\t\t<img decoding=\"async\" width=\"339\" height=\"246\" src=\"https:\/\/www.imfapart.com\/wp-content\/uploads\/2025\/12\/Vasijas-alta-presion-2.png\" class=\"attachment-large size-large wp-image-49368\" alt=\"\" srcset=\"https:\/\/www.imfapart.com\/wp-content\/uploads\/2025\/12\/Vasijas-alta-presion-2.png 339w, https:\/\/www.imfapart.com\/wp-content\/uploads\/2025\/12\/Vasijas-alta-presion-2-300x218.png 300w, https:\/\/www.imfapart.com\/wp-content\/uploads\/2025\/12\/Vasijas-alta-presion-2-18x12.png 18w\" sizes=\"(max-width: 339px) 100vw, 339px\" \/>\t\t\t\t\t\t\t\t\t\t\t\t\t\t\t<\/div>\n\t\t\t\t<\/div>\n\t\t\t\t<div class=\"elementor-element elementor-element-e7a7b14 elementor-widget elementor-widget-spacer\" data-id=\"e7a7b14\" data-element_type=\"widget\" data-widget_type=\"spacer.default\">\n\t\t\t\t<div class=\"elementor-widget-container\">\n\t\t\t\t\t\t\t<div class=\"elementor-spacer\">\n\t\t\t<div class=\"elementor-spacer-inner\"><\/div>\n\t\t<\/div>\n\t\t\t\t\t\t<\/div>\n\t\t\t\t<\/div>\n\t\t\t\t<div class=\"elementor-element elementor-element-124b860 elementor-widget elementor-widget-image\" data-id=\"124b860\" data-element_type=\"widget\" data-widget_type=\"image.default\">\n\t\t\t\t<div class=\"elementor-widget-container\">\n\t\t\t\t\t\t\t\t\t\t\t\t\t\t\t<img loading=\"lazy\" decoding=\"async\" width=\"283\" height=\"283\" src=\"https:\/\/www.imfapart.com\/wp-content\/uploads\/2025\/12\/vasijas-alta-presion-1.jpg\" class=\"attachment-large size-large wp-image-49367\" alt=\"\" srcset=\"https:\/\/www.imfapart.com\/wp-content\/uploads\/2025\/12\/vasijas-alta-presion-1.jpg 283w, https:\/\/www.imfapart.com\/wp-content\/uploads\/2025\/12\/vasijas-alta-presion-1-150x150.jpg 150w, https:\/\/www.imfapart.com\/wp-content\/uploads\/2025\/12\/vasijas-alta-presion-1-12x12.jpg 12w, https:\/\/www.imfapart.com\/wp-content\/uploads\/2025\/12\/vasijas-alta-presion-1-100x100.jpg 100w\" sizes=\"(max-width: 283px) 100vw, 283px\" \/>\t\t\t\t\t\t\t\t\t\t\t\t\t\t\t<\/div>\n\t\t\t\t<\/div>\n\t\t\t\t<div class=\"elementor-element elementor-element-31aca30 elementor-widget elementor-widget-spacer\" data-id=\"31aca30\" data-element_type=\"widget\" data-widget_type=\"spacer.default\">\n\t\t\t\t<div class=\"elementor-widget-container\">\n\t\t\t\t\t\t\t<div class=\"elementor-spacer\">\n\t\t\t<div class=\"elementor-spacer-inner\"><\/div>\n\t\t<\/div>\n\t\t\t\t\t\t<\/div>\n\t\t\t\t<\/div>\n\t\t\t\t<div class=\"elementor-element elementor-element-787a9fc elementor-widget elementor-widget-image\" data-id=\"787a9fc\" data-element_type=\"widget\" data-widget_type=\"image.default\">\n\t\t\t\t<div class=\"elementor-widget-container\">\n\t\t\t\t\t\t\t\t\t\t\t\t\t\t\t<img loading=\"lazy\" decoding=\"async\" width=\"314\" height=\"240\" src=\"https:\/\/www.imfapart.com\/wp-content\/uploads\/2025\/12\/vasijas-de-alta-presion-4.png\" class=\"attachment-large size-large wp-image-49365\" alt=\"\" srcset=\"https:\/\/www.imfapart.com\/wp-content\/uploads\/2025\/12\/vasijas-de-alta-presion-4.png 314w, https:\/\/www.imfapart.com\/wp-content\/uploads\/2025\/12\/vasijas-de-alta-presion-4-300x229.png 300w, https:\/\/www.imfapart.com\/wp-content\/uploads\/2025\/12\/vasijas-de-alta-presion-4-16x12.png 16w\" sizes=\"(max-width: 314px) 100vw, 314px\" \/>\t\t\t\t\t\t\t\t\t\t\t\t\t\t\t<\/div>\n\t\t\t\t<\/div>\n\t\t\t\t\t<\/div>\n\t\t<\/div>\n\t\t\t\t<div class=\"elementor-column elementor-col-50 elementor-top-column elementor-element elementor-element-70b1544 tm-bg-color-over-image\" data-id=\"70b1544\" data-element_type=\"column\">\n\t\t\t<div class=\"elementor-widget-wrap elementor-element-populated\">\n\t\t\t\t\t\t<div class=\"elementor-element elementor-element-88473e9 elementor-widget elementor-widget-heading\" data-id=\"88473e9\" data-element_type=\"widget\" data-widget_type=\"heading.default\">\n\t\t\t\t<div class=\"elementor-widget-container\">\n\t\t\t\t\t<h1 class=\"elementor-heading-title elementor-size-default\">Asme Filter Housings<\/h1>\t\t\t\t<\/div>\n\t\t\t\t<\/div>\n\t\t\t\t<div class=\"elementor-element elementor-element-14b182e elementor-widget elementor-widget-text-editor\" data-id=\"14b182e\" data-element_type=\"widget\" data-widget_type=\"text-editor.default\">\n\t\t\t\t<div class=\"elementor-widget-container\">\n\t\t\t\t\t\t\t\t\t<p class=\"translation-block\">Nuestros carcasas de filtros certificadas ASME est\u00e1n dise\u00f1adas para cumplir con las aplicaciones de filtraci\u00f3n industrial m\u00e1s exigentes. Fabricadas de acuerdo con el C\u00f3digo ASME de Calderas y Recipientes a Presi\u00f3n (BPVC), nuestras carcasas garantizan integridad estructural, seguridad y un rendimiento confiable a largo plazo en procesos cr\u00edticos.<\/p><p>Ofrecemos soluciones completas de filtraci\u00f3n para sistemas de gas, aire y l\u00edquidos en diversos sectores industriales.<\/p><p><strong>Nuestra Gama de Productos<\/strong><\/p><h3><strong>\u00a0Vasijas de filtros para gas<\/strong><\/h3><p>Recipientes de alta presi\u00f3n dise\u00f1ados para eliminar part\u00edculas s\u00f3lidas y contaminantes de sistemas de gas natural, biog\u00e1s, gas de proceso y gases comprimidos.<\/p><p><strong>Caracter\u00edsticas Clave:<\/strong><\/p><ul><li>Certificados seg\u00fan la Secci\u00f3n VIII de ASME<\/li><li>Construcci\u00f3n en acero al carbono o acero inoxidable<\/li><li>Clasificaci\u00f3n de alta presi\u00f3n<\/li><li>Configuraciones de boquillas personalizadas<\/li><li>Dise\u00f1ado para elementos coalescentes o de part\u00edculas<\/li><\/ul><p><strong>Aplicaciones<\/strong><\/p><ul><li>Estaciones de gas natural<\/li><li>Plantas de procesamiento de petr\u00f3leo y gas<\/li><li>Sistemas de Biogas<\/li><li>L\u00edneas industriales de gas comprimido<\/li><\/ul><h3><strong>\u00a0Vasijas de filtros para aire<\/strong><\/h3><p>Dise\u00f1ado para sistemas de aire comprimido e instalaciones industriales que requieren una eliminaci\u00f3n confiable de part\u00edculas y humedad.<\/p><p><strong>Caracter\u00edsticas Clave:<\/strong><\/p><ul><li>Dise\u00f1ado para sistemas de aire comprimido.<\/li><li>Recubrimientos resistentes a la corrosi\u00f3n.<\/li><li>Reemplazo f\u00e1cil del elemento.<\/li><li>Dise\u00f1o de baja ca\u00edda de presi\u00f3n.<\/li><li>Indicadores de presi\u00f3n diferencial opcionales.<\/li><\/ul><p><strong>Aplicaciones<\/strong><\/p><ul><li>Plantas de manufactura<\/li><li>Sistemas neum\u00e1ticos<\/li><li>Instalaciones de compresores de aire<\/li><li>Plantas de alimentos y bebidas<\/li><\/ul><h3><strong>Vasijas de filtros para liquidos<\/strong><\/h3><p>Vasos a presi\u00f3n de servicio pesado dise\u00f1ados para la filtraci\u00f3n de l\u00edquidos en procesos industriales.<\/p><p><strong>Caracter\u00edsticas Clave:<\/strong><\/p><ul><li>Configuraciones de cartucho \u00fanico o m\u00faltiple<\/li><li>Alta capacidad de flujo<\/li><li>Cumplimiento con ASME<\/li><li>Opciones en acero inoxidable (304\/316L)<\/li><li>Dise\u00f1ado para elementos tipo bolsa o cartucho<\/li><\/ul><p><strong>Aplicaciones<\/strong><\/p><ul><li>Tratamiento de agua<\/li><li>Procesamiento qu\u00edmico<\/li><li>Industria del aceite de palma<\/li><li>Producci\u00f3n de alimentos y bebidas<\/li><li>Sistemas de enfriamiento y lubricaci\u00f3n<\/li><\/ul>\t\t\t\t\t\t\t\t<\/div>\n\t\t\t\t<\/div>\n\t\t\t\t\t<\/div>\n\t\t<\/div>\n\t\t\t\t\t<\/div>\n\t\t<\/section>\n\t\t\t\t<section class=\"elementor-section elementor-top-section elementor-element elementor-element-4e8d95e elementor-section-boxed elementor-section-height-default elementor-section-height-default tm-col-stretched-none tm-bg-color-over-image\" data-id=\"4e8d95e\" data-element_type=\"section\">\n\t\t\t\t\t\t<div class=\"elementor-container elementor-column-gap-default\">\n\t\t\t\t\t<div class=\"elementor-column elementor-col-100 elementor-top-column elementor-element elementor-element-9524632 tm-bg-color-over-image\" data-id=\"9524632\" data-element_type=\"column\">\n\t\t\t<div class=\"elementor-widget-wrap elementor-element-populated\">\n\t\t\t\t\t\t<div class=\"elementor-element elementor-element-2ae18ed elementor-widget elementor-widget-text-editor\" data-id=\"2ae18ed\" data-element_type=\"widget\" data-widget_type=\"text-editor.default\">\n\t\t\t\t<div class=\"elementor-widget-container\">\n\t\t\t\t\t\t\t\t\t<p>Dise\u00f1amos y suministramos <strong>sistemas de filtraci\u00f3n personalizados<\/strong>, integrando carcasas, elementos filtrantes, v\u00e1lvulas, instrumentaci\u00f3n y soluciones montadas sobre skid.<\/p><p><strong>Nuestros sistemas incluyen:<\/strong><\/p><ul><li>Etapas de prefiltraci\u00f3n<\/li><li>Filtraci\u00f3n por coalescencia<\/li><li>Filtraci\u00f3n de pulido final<\/li><li>Monitoreo automatizado<\/li><li>Dise\u00f1o personalizado de skid<\/li><\/ul><p>Dise\u00f1ados para optimizar el rendimiento, reducir el tiempo de inactividad y proteger equipos cr\u00edticos.<\/p><p><strong>\u00bfPor qu\u00e9 elegir nuestras vasijas de filtro ASME?<\/strong><\/p><p>\u2713 Cumplimiento del c\u00f3digo ASME<br \/>\u2713 Dise\u00f1adas para aplicaciones de alta presi\u00f3n<br \/>\u2713 Capacidades de dise\u00f1o personalizado<br \/>\u2713 Soporte t\u00e9cnico en campo<br \/>\u2713 Mantenimiento y tiempo de inactividad reducidos<\/p><p>No solo suministramos carcasas, tambi\u00e9n ofrecemos soporte de ingenier\u00eda para asegurar el dimensionamiento, instalaci\u00f3n y eficiencia operativa adecuados.<\/p><p><strong>Industrias a las que servimos:<\/strong><\/p><ul><li>Petr\u00f3leo y gas<\/li><li>Generaci\u00f3n de energ\u00eda<\/li><li>Procesamiento de aceite de palma<\/li><li>Alimentos y bebidas<\/li><li>Industria qu\u00edmica<\/li><li>Manufactura<\/li><\/ul><p><strong>\u00bfNecesita soporte de ingenier\u00eda?<\/strong><\/p><p>Nuestro equipo t\u00e9cnico puede ayudarle con:<\/p><ul><li>Selecci\u00f3n adecuada de la vasija<\/li><li>C\u00e1lculos de caudal<\/li><li>Evaluaci\u00f3n de ca\u00edda de presi\u00f3n<\/li><li>Compatibilidad de materiales<\/li><li>Fabricaci\u00f3n personalizada<\/li><\/ul>\t\t\t\t\t\t\t\t<\/div>\n\t\t\t\t<\/div>\n\t\t\t\t\t<\/div>\n\t\t<\/div>\n\t\t\t\t\t<\/div>\n\t\t<\/section>\n\t\t\t\t<\/div>","protected":false},"excerpt":{"rendered":"<p>Asme Filter Housings Our ASME-certified filter housings are built to meet the most demanding industrial filtration applications. Designed in compliance&#8230;<\/p>","protected":false},"author":7,"featured_media":0,"parent":0,"menu_order":0,"comment_status":"closed","ping_status":"closed","template":"","meta":{"_joinchat":[],"footnotes":""},"class_list":["post-49363","page","type-page","status-publish","hentry"],"yoast_head":"<!-- This site is optimized with the Yoast SEO plugin v26.2 - https:\/\/yoast.com\/wordpress\/plugins\/seo\/ -->\n<title>Asme Filter Housings - IMFAPART | Industrial filtration and lubrication<\/title>\n<meta name=\"robots\" content=\"index, follow, max-snippet:-1, max-image-preview:large, max-video-preview:-1\" \/>\n<link rel=\"canonical\" href=\"https:\/\/www.imfapart.com\/es\/recipientes-de-filtracion-asme\/\" \/>\n<meta property=\"og:locale\" content=\"es_ES\" \/>\n<meta property=\"og:type\" content=\"article\" \/>\n<meta property=\"og:title\" content=\"Asme Filter Housings - IMFAPART | Industrial filtration and lubrication\" \/>\n<meta property=\"og:description\" content=\"Asme Filter Housings Our ASME-certified filter housings are built to meet the most demanding industrial filtration applications. Designed in compliance...\" \/>\n<meta property=\"og:url\" content=\"https:\/\/www.imfapart.com\/es\/recipientes-de-filtracion-asme\/\" \/>\n<meta property=\"og:site_name\" content=\"IMFAPART | Industrial filtration and lubrication\" \/>\n<meta property=\"article:publisher\" content=\"https:\/\/www.facebook.com\/profile.php?id=100078783627404\" \/>\n<meta property=\"article:modified_time\" content=\"2026-02-19T22:01:45+00:00\" \/>\n<meta property=\"og:image\" content=\"http:\/\/www.imfapart.com\/wp-content\/uploads\/2025\/10\/image-1-1024x1024.png\" \/>\n<meta name=\"twitter:card\" content=\"summary_large_image\" \/>\n<meta name=\"twitter:label1\" content=\"Tiempo de lectura\" \/>\n\t<meta name=\"twitter:data1\" content=\"3 minutos\" \/>\n<script type=\"application\/ld+json\" class=\"yoast-schema-graph\">{\"@context\":\"https:\/\/schema.org\",\"@graph\":[{\"@type\":\"WebPage\",\"@id\":\"https:\/\/www.imfapart.com\/recipientes-de-filtracion-asme\/\",\"url\":\"https:\/\/www.imfapart.com\/recipientes-de-filtracion-asme\/\",\"name\":\"Asme Filter Housings - IMFAPART | Industrial filtration and lubrication\",\"isPartOf\":{\"@id\":\"https:\/\/www.imfapart.com\/#website\"},\"primaryImageOfPage\":{\"@id\":\"https:\/\/www.imfapart.com\/recipientes-de-filtracion-asme\/#primaryimage\"},\"image\":{\"@id\":\"https:\/\/www.imfapart.com\/recipientes-de-filtracion-asme\/#primaryimage\"},\"thumbnailUrl\":\"http:\/\/www.imfapart.com\/wp-content\/uploads\/2025\/10\/image-1-1024x1024.png\",\"datePublished\":\"2025-12-03T15:35:06+00:00\",\"dateModified\":\"2026-02-19T22:01:45+00:00\",\"breadcrumb\":{\"@id\":\"https:\/\/www.imfapart.com\/recipientes-de-filtracion-asme\/#breadcrumb\"},\"inLanguage\":\"es-CO\",\"potentialAction\":[{\"@type\":\"ReadAction\",\"target\":[\"https:\/\/www.imfapart.com\/recipientes-de-filtracion-asme\/\"]}]},{\"@type\":\"ImageObject\",\"inLanguage\":\"es-CO\",\"@id\":\"https:\/\/www.imfapart.com\/recipientes-de-filtracion-asme\/#primaryimage\",\"url\":\"http:\/\/www.imfapart.com\/wp-content\/uploads\/2025\/10\/image-1-1024x1024.png\",\"contentUrl\":\"http:\/\/www.imfapart.com\/wp-content\/uploads\/2025\/10\/image-1-1024x1024.png\"},{\"@type\":\"BreadcrumbList\",\"@id\":\"https:\/\/www.imfapart.com\/recipientes-de-filtracion-asme\/#breadcrumb\",\"itemListElement\":[{\"@type\":\"ListItem\",\"position\":1,\"name\":\"Inicio\",\"item\":\"https:\/\/www.imfapart.com\/\"},{\"@type\":\"ListItem\",\"position\":2,\"name\":\"Asme Filter Housings\"}]},{\"@type\":\"WebSite\",\"@id\":\"https:\/\/www.imfapart.com\/#website\",\"url\":\"https:\/\/www.imfapart.com\/\",\"name\":\"IMFAPART | Industrial filtration and lubrication\",\"description\":\"We specialize in providing solutions to our clients, and our product range spans a varied selection, from filtration to industrial lubrication.\",\"publisher\":{\"@id\":\"https:\/\/www.imfapart.com\/#organization\"},\"potentialAction\":[{\"@type\":\"SearchAction\",\"target\":{\"@type\":\"EntryPoint\",\"urlTemplate\":\"https:\/\/www.imfapart.com\/?s={search_term_string}\"},\"query-input\":{\"@type\":\"PropertyValueSpecification\",\"valueRequired\":true,\"valueName\":\"search_term_string\"}}],\"inLanguage\":\"es-CO\"},{\"@type\":\"Organization\",\"@id\":\"https:\/\/www.imfapart.com\/#organization\",\"name\":\"IMFAPART | Industrial filtration and lubrication\",\"url\":\"https:\/\/www.imfapart.com\/\",\"logo\":{\"@type\":\"ImageObject\",\"inLanguage\":\"es-CO\",\"@id\":\"https:\/\/www.imfapart.com\/#\/schema\/logo\/image\/\",\"url\":\"https:\/\/www.imfapart.com\/wp-content\/uploads\/2023\/09\/Logo-IMFAPART.png\",\"contentUrl\":\"https:\/\/www.imfapart.com\/wp-content\/uploads\/2023\/09\/Logo-IMFAPART.png\",\"width\":350,\"height\":111,\"caption\":\"IMFAPART | Industrial filtration and lubrication\"},\"image\":{\"@id\":\"https:\/\/www.imfapart.com\/#\/schema\/logo\/image\/\"},\"sameAs\":[\"https:\/\/www.facebook.com\/profile.php?id=100078783627404\",\"https:\/\/www.instagram.com\/imfapart_hdp\/\"]}]}<\/script>\n<!-- \/ Yoast SEO plugin. -->","yoast_head_json":{"title":"Asme Filter Housings - IMFAPART | Industrial filtration and lubrication","robots":{"index":"index","follow":"follow","max-snippet":"max-snippet:-1","max-image-preview":"max-image-preview:large","max-video-preview":"max-video-preview:-1"},"canonical":"https:\/\/www.imfapart.com\/es\/recipientes-de-filtracion-asme\/","og_locale":"es_ES","og_type":"article","og_title":"Asme Filter Housings - IMFAPART | Industrial filtration and lubrication","og_description":"Asme Filter Housings Our ASME-certified filter housings are built to meet the most demanding industrial filtration applications. Designed in compliance...","og_url":"https:\/\/www.imfapart.com\/es\/recipientes-de-filtracion-asme\/","og_site_name":"IMFAPART | Industrial filtration and lubrication","article_publisher":"https:\/\/www.facebook.com\/profile.php?id=100078783627404","article_modified_time":"2026-02-19T22:01:45+00:00","og_image":[{"url":"http:\/\/www.imfapart.com\/wp-content\/uploads\/2025\/10\/image-1-1024x1024.png","type":"","width":"","height":""}],"twitter_card":"summary_large_image","twitter_misc":{"Tiempo de lectura":"3 minutos"},"schema":{"@context":"https:\/\/schema.org","@graph":[{"@type":"WebPage","@id":"https:\/\/www.imfapart.com\/recipientes-de-filtracion-asme\/","url":"https:\/\/www.imfapart.com\/recipientes-de-filtracion-asme\/","name":"Asme Filter Housings - IMFAPART | Industrial filtration and lubrication","isPartOf":{"@id":"https:\/\/www.imfapart.com\/#website"},"primaryImageOfPage":{"@id":"https:\/\/www.imfapart.com\/recipientes-de-filtracion-asme\/#primaryimage"},"image":{"@id":"https:\/\/www.imfapart.com\/recipientes-de-filtracion-asme\/#primaryimage"},"thumbnailUrl":"http:\/\/www.imfapart.com\/wp-content\/uploads\/2025\/10\/image-1-1024x1024.png","datePublished":"2025-12-03T15:35:06+00:00","dateModified":"2026-02-19T22:01:45+00:00","breadcrumb":{"@id":"https:\/\/www.imfapart.com\/recipientes-de-filtracion-asme\/#breadcrumb"},"inLanguage":"es-CO","potentialAction":[{"@type":"ReadAction","target":["https:\/\/www.imfapart.com\/recipientes-de-filtracion-asme\/"]}]},{"@type":"ImageObject","inLanguage":"es-CO","@id":"https:\/\/www.imfapart.com\/recipientes-de-filtracion-asme\/#primaryimage","url":"http:\/\/www.imfapart.com\/wp-content\/uploads\/2025\/10\/image-1-1024x1024.png","contentUrl":"http:\/\/www.imfapart.com\/wp-content\/uploads\/2025\/10\/image-1-1024x1024.png"},{"@type":"BreadcrumbList","@id":"https:\/\/www.imfapart.com\/recipientes-de-filtracion-asme\/#breadcrumb","itemListElement":[{"@type":"ListItem","position":1,"name":"Inicio","item":"https:\/\/www.imfapart.com\/"},{"@type":"ListItem","position":2,"name":"Asme Filter Housings"}]},{"@type":"WebSite","@id":"https:\/\/www.imfapart.com\/#website","url":"https:\/\/www.imfapart.com\/","name":"IMFAPART | Industrial filtration and lubrication","description":"We specialize in providing solutions to our clients, and our product range spans a varied selection, from filtration to industrial lubrication.","publisher":{"@id":"https:\/\/www.imfapart.com\/#organization"},"potentialAction":[{"@type":"SearchAction","target":{"@type":"EntryPoint","urlTemplate":"https:\/\/www.imfapart.com\/?s={search_term_string}"},"query-input":{"@type":"PropertyValueSpecification","valueRequired":true,"valueName":"search_term_string"}}],"inLanguage":"es-CO"},{"@type":"Organization","@id":"https:\/\/www.imfapart.com\/#organization","name":"IMFAPART | Industrial filtration and lubrication","url":"https:\/\/www.imfapart.com\/","logo":{"@type":"ImageObject","inLanguage":"es-CO","@id":"https:\/\/www.imfapart.com\/#\/schema\/logo\/image\/","url":"https:\/\/www.imfapart.com\/wp-content\/uploads\/2023\/09\/Logo-IMFAPART.png","contentUrl":"https:\/\/www.imfapart.com\/wp-content\/uploads\/2023\/09\/Logo-IMFAPART.png","width":350,"height":111,"caption":"IMFAPART | Industrial filtration and lubrication"},"image":{"@id":"https:\/\/www.imfapart.com\/#\/schema\/logo\/image\/"},"sameAs":["https:\/\/www.facebook.com\/profile.php?id=100078783627404","https:\/\/www.instagram.com\/imfapart_hdp\/"]}]}},"_links":{"self":[{"href":"https:\/\/www.imfapart.com\/es\/wp-json\/wp\/v2\/pages\/49363","targetHints":{"allow":["GET"]}}],"collection":[{"href":"https:\/\/www.imfapart.com\/es\/wp-json\/wp\/v2\/pages"}],"about":[{"href":"https:\/\/www.imfapart.com\/es\/wp-json\/wp\/v2\/types\/page"}],"author":[{"embeddable":true,"href":"https:\/\/www.imfapart.com\/es\/wp-json\/wp\/v2\/users\/7"}],"replies":[{"embeddable":true,"href":"https:\/\/www.imfapart.com\/es\/wp-json\/wp\/v2\/comments?post=49363"}],"version-history":[{"count":28,"href":"https:\/\/www.imfapart.com\/es\/wp-json\/wp\/v2\/pages\/49363\/revisions"}],"predecessor-version":[{"id":50460,"href":"https:\/\/www.imfapart.com\/es\/wp-json\/wp\/v2\/pages\/49363\/revisions\/50460"}],"wp:attachment":[{"href":"https:\/\/www.imfapart.com\/es\/wp-json\/wp\/v2\/media?parent=49363"}],"curies":[{"name":"wp","href":"https:\/\/api.w.org\/{rel}","templated":true}]}}