{"id":30965,"date":"2022-12-26T11:04:30","date_gmt":"2022-12-26T11:04:30","guid":{"rendered":"https:\/\/kodesolution.com\/2023\/amiso\/?post_type=product&#038;p=30965"},"modified":"2026-03-24T16:19:34","modified_gmt":"2026-03-24T21:19:34","slug":"electro-luber-series","status":"publish","type":"product","link":"https:\/\/www.imfapart.com\/es\/productos\/lubricacion-automatica\/electro-luber-series\/","title":{"rendered":"Serie Electro-Luber\u2122"},"content":{"rendered":"<p data-start=\"117\" data-end=\"426\">El <strong data-start=\"121\" data-end=\"139\">ELECTRO-LUBER\u2122<\/strong> es la serie cl\u00e1sica de lubricadores autom\u00e1ticos de <strong data-start=\"192\" data-end=\"212\">ATS Electro-Lube<\/strong>reconocida como una de las soluciones m\u00e1s confiables del mercado. Desarrollado en 1982, fue el primer sistema en utilizar tecnolog\u00eda electroqu\u00edmica aut\u00f3noma, estableciendo el est\u00e1ndar en lubricaci\u00f3n autom\u00e1tica industrial.<\/p>\n<p data-start=\"428\" data-end=\"621\">Este lubricador est\u00e1 dise\u00f1ado para operar en condiciones extremas y entornos cr\u00edticos, siendo intr\u00ednsecamente seguro y certificado para uso en zonas con riesgo de explosi\u00f3n, miner\u00eda e industrias exigentes.<\/p>\n<p data-start=\"623\" data-end=\"832\">Su funcionamiento electroqu\u00edmico permite una dosificaci\u00f3n constante y precisa, asegurando que los equipos reciban la cantidad exacta de lubricante en el momento adecuado, reduciendo fallas y prolongando la vida \u00fatil de los componentes.<\/p>\n<p data-start=\"949\" data-end=\"985\"><strong data-start=\"952\" data-end=\"983\">Caracter\u00edsticas y especificaciones<\/strong><\/p>\n<ul data-start=\"987\" data-end=\"1412\">\n<li data-section-id=\"kd9g07\" data-start=\"987\" data-end=\"1040\">Lubricador autom\u00e1tico electroqu\u00edmico de un solo punto<\/li>\n<li data-section-id=\"16iqtne\" data-start=\"1041\" data-end=\"1081\">Funcionamiento aut\u00f3nomo e independiente<\/li>\n<li data-section-id=\"msl38c\" data-start=\"1082\" data-end=\"1107\">Presi\u00f3n de hasta 50 psi<\/li>\n<li data-section-id=\"j61mpu\" data-start=\"1108\" data-end=\"1141\">Compatible con pr\u00e1cticamente cualquier lubricante<\/li>\n<li data-section-id=\"8ian84\" data-start=\"1142\" data-end=\"1190\">Configuraci\u00f3n de descarga desde 15 d\u00edas hasta 1 a\u00f1o<\/li>\n<li data-section-id=\"18b5kaa\" data-start=\"1191\" data-end=\"1231\">Instalaci\u00f3n remota hasta 1 m (3 ft)<\/li>\n<li data-section-id=\"6z8f8b\" data-start=\"1232\" data-end=\"1258\">Opciones de control remoto<\/li>\n<li data-section-id=\"1dst5dv\" data-start=\"1259\" data-end=\"1298\">Apto para uso en interiores y exteriores<\/li>\n<li data-section-id=\"1yt4xq8\" data-start=\"1299\" data-end=\"1337\">Resistente al agua hasta 10 m de profundidad<\/li>\n<li data-section-id=\"sqns\" data-start=\"1338\" data-end=\"1375\">Rango de temperatura: -40\u00b0C a +55\u00b0C<\/li>\n<li data-section-id=\"ltfwfc\" data-start=\"1376\" data-end=\"1412\">Muy baja tasa de recuperaci\u00f3n (&lt;0,001%)<\/li>\n<\/ul>\n<p>&nbsp;<\/p>\n<p><strong>Disponible en diferentes tama\u00f1os:<\/strong><\/p>\n<p>&nbsp;<\/p>\n<ul class=\"elementor-icon-list-items\">\n<li class=\"elementor-icon-list-item\" plerdy-tracking-id=\"28732711501\"><span class=\"elementor-icon-list-text\"><b>Micro-Luber (60cc)<\/b>4-7\/8\" de alto \u00d7 3-1\/8\" de di\u00e1metro<\/span><\/li>\n<li class=\"elementor-icon-list-item\" plerdy-tracking-id=\"82256602301\"><span class=\"elementor-icon-list-icon\"><i class=\"fas fa-chevron-right\" aria-hidden=\"true\"><\/i><\/span><span class=\"elementor-icon-list-text\"><b>Mini-Luber (125cc):<\/b><span>\u00a0<\/span>5-5\/8\" de alto \u00d7 3-1\/8\" de di\u00e1metro<\/span><\/li>\n<li class=\"elementor-icon-list-item\" plerdy-tracking-id=\"90548931301\"><span class=\"elementor-icon-list-icon\"><i class=\"fas fa-chevron-right\" aria-hidden=\"true\"><\/i><\/span><span class=\"elementor-icon-list-text\"><b>Budget-Luber (250cc):<\/b><span>\u00a0<\/span>6-1\/8\" de alto \u00d7 4\" de di\u00e1metro<\/span><\/li>\n<li class=\"elementor-icon-list-item\" plerdy-tracking-id=\"25883998901\"><span class=\"elementor-icon-list-icon\"><i class=\"fas fa-chevron-right\" aria-hidden=\"true\"><\/i><\/span><span class=\"elementor-icon-list-text\"><b>Jumbo-Luber (475cc):<\/b><span>\u00a0<\/span>6-3\/4\" de alto \u00d7 4-3\/4\" de di\u00e1metro<\/span><\/li>\n<\/ul>\n<p>&nbsp;<\/p>\n<p data-start=\"1414\" data-end=\"1448\"><strong data-start=\"1417\" data-end=\"1446\">Certificaciones y seguridad<\/strong><\/p>\n<ul data-start=\"1450\" data-end=\"1688\">\n<li data-section-id=\"fokua7\" data-start=\"1450\" data-end=\"1503\">Certificaci\u00f3n ATEX \/ UL para atm\u00f3sferas explosivas<\/li>\n<li data-section-id=\"1lkmebv\" data-start=\"1504\" data-end=\"1568\">Intr\u00ednsecamente seguro (Clase 1, Grupos A, B, C, D, E, F y G)<\/li>\n<li data-section-id=\"krjed1\" data-start=\"1569\" data-end=\"1606\">Certificaci\u00f3n MSHA para uso en miner\u00eda<\/li>\n<li data-section-id=\"1866328\" data-start=\"1607\" data-end=\"1688\">Apto para industrias con requisitos especiales (incluye alimentaria)<\/li>\n<\/ul>\n<p data-start=\"1690\" data-end=\"1706\"><strong data-start=\"1692\" data-end=\"1704\">Beneficios<\/strong><\/p>\n<ul data-start=\"1708\" data-end=\"2037\">\n<li data-section-id=\"1y5dn9o\" data-start=\"1708\" data-end=\"1750\">Ideal para zonas peligrosas o explosivas<\/li>\n<li data-section-id=\"1k0ln4o\" data-start=\"1751\" data-end=\"1787\">Lubricaci\u00f3n constante y precisa<\/li>\n<li data-section-id=\"1k78far\" data-start=\"1788\" data-end=\"1829\">Compatible con cualquier tipo de lubricante<\/li>\n<li data-section-id=\"f27eos\" data-start=\"1830\" data-end=\"1858\">Reduce fallas en rodamientos<\/li>\n<li data-section-id=\"y7e3a5\" data-start=\"1859\" data-end=\"1887\">Disminuye costos de mantenimiento<\/li>\n<li data-section-id=\"1an4xj9\" data-start=\"1888\" data-end=\"1919\">Mejora la seguridad operativa<\/li>\n<li data-section-id=\"arenb8\" data-start=\"1920\" data-end=\"1966\">Permite instalaci\u00f3n en \u00e1reas de dif\u00edcil acceso<\/li>\n<li data-section-id=\"124ck8t\" data-start=\"1967\" data-end=\"1997\">Prolonga la vida \u00fatil del equipo:<\/li>\n<li data-section-id=\"ltd7iy\" data-start=\"1998\" data-end=\"2037\">Elimina tiempos de inactividad por fallas<\/li>\n<\/ul>","protected":false},"excerpt":{"rendered":"<p data-path-to-node=\"3\">El ELECTRO-LUBER\u2122 es un lubricador autom\u00e1tico electroqu\u00edmico, aut\u00f3nomo y altamente confiable, ideal para zonas peligrosas. Compatible con cualquier lubricante, garantiza lubricaci\u00f3n continua con m\u00ednimo mantenimiento en aplicaciones industriales.<\/p>\n<p data-path-to-node=\"5,3,0\">","protected":false},"featured_media":50487,"template":"","meta":{"_joinchat":[]},"product_brand":[],"product_cat":[109],"product_tag":[],"class_list":{"0":"post-30965","1":"product","2":"type-product","3":"status-publish","4":"has-post-thumbnail","6":"product_cat-lubricacion-automatica","8":"first","9":"instock","10":"shipping-taxable","11":"product-type-simple"},"yoast_head":"<!-- This site is optimized with the Yoast SEO plugin v26.2 - https:\/\/yoast.com\/wordpress\/plugins\/seo\/ -->\n<title>Electro-Luber\u2122 Series - IMFAPART | Industrial filtration and lubrication<\/title>\n<meta name=\"description\" content=\"These automatic lubricators are intrinsically safe and approved for all explosive areas. They are also MSHA certified for use in mines.\" \/>\n<meta name=\"robots\" content=\"index, follow, max-snippet:-1, max-image-preview:large, max-video-preview:-1\" \/>\n<link rel=\"canonical\" href=\"https:\/\/www.imfapart.com\/es\/productos\/lubricacion-automatica\/electro-luber-series\/\" \/>\n<meta property=\"og:locale\" content=\"es_ES\" \/>\n<meta property=\"og:type\" content=\"article\" \/>\n<meta property=\"og:title\" content=\"Electro-Luber\u2122 Series - IMFAPART | Industrial filtration and lubrication\" \/>\n<meta property=\"og:description\" content=\"These automatic lubricators are intrinsically safe and approved for all explosive areas. They are also MSHA certified for use in mines.\" \/>\n<meta property=\"og:url\" content=\"https:\/\/www.imfapart.com\/es\/productos\/lubricacion-automatica\/electro-luber-series\/\" \/>\n<meta property=\"og:site_name\" content=\"IMFAPART | Industrial filtration and lubrication\" \/>\n<meta property=\"article:publisher\" content=\"https:\/\/www.facebook.com\/profile.php?id=100078783627404\" \/>\n<meta property=\"article:modified_time\" content=\"2026-03-24T21:19:34+00:00\" \/>\n<meta property=\"og:image\" content=\"http:\/\/www.imfapart.com\/wp-content\/uploads\/2022\/12\/electroluber.png\" \/>\n\t<meta property=\"og:image:width\" content=\"600\" \/>\n\t<meta property=\"og:image:height\" content=\"600\" \/>\n\t<meta property=\"og:image:type\" content=\"image\/png\" \/>\n<meta name=\"twitter:card\" content=\"summary_large_image\" \/>\n<meta name=\"twitter:label1\" content=\"Tiempo de lectura\" \/>\n\t<meta name=\"twitter:data1\" content=\"2 minutos\" \/>\n<script type=\"application\/ld+json\" class=\"yoast-schema-graph\">{\"@context\":\"https:\/\/schema.org\",\"@graph\":[{\"@type\":\"WebPage\",\"@id\":\"https:\/\/www.imfapart.com\/productos\/lubricacion-automatica\/electro-luber-series\/\",\"url\":\"https:\/\/www.imfapart.com\/productos\/lubricacion-automatica\/electro-luber-series\/\",\"name\":\"Electro-Luber\u2122 Series - IMFAPART | Industrial filtration and lubrication\",\"isPartOf\":{\"@id\":\"https:\/\/www.imfapart.com\/#website\"},\"primaryImageOfPage\":{\"@id\":\"https:\/\/www.imfapart.com\/productos\/lubricacion-automatica\/electro-luber-series\/#primaryimage\"},\"image\":{\"@id\":\"https:\/\/www.imfapart.com\/productos\/lubricacion-automatica\/electro-luber-series\/#primaryimage\"},\"thumbnailUrl\":\"https:\/\/www.imfapart.com\/wp-content\/uploads\/2022\/12\/electroluber.png\",\"datePublished\":\"2022-12-26T11:04:30+00:00\",\"dateModified\":\"2026-03-24T21:19:34+00:00\",\"description\":\"These automatic lubricators are intrinsically safe and approved for all explosive areas. They are also MSHA certified for use in mines.\",\"breadcrumb\":{\"@id\":\"https:\/\/www.imfapart.com\/productos\/lubricacion-automatica\/electro-luber-series\/#breadcrumb\"},\"inLanguage\":\"es-CO\",\"potentialAction\":[{\"@type\":\"ReadAction\",\"target\":[\"https:\/\/www.imfapart.com\/productos\/lubricacion-automatica\/electro-luber-series\/\"]}]},{\"@type\":\"ImageObject\",\"inLanguage\":\"es-CO\",\"@id\":\"https:\/\/www.imfapart.com\/productos\/lubricacion-automatica\/electro-luber-series\/#primaryimage\",\"url\":\"https:\/\/www.imfapart.com\/wp-content\/uploads\/2022\/12\/electroluber.png\",\"contentUrl\":\"https:\/\/www.imfapart.com\/wp-content\/uploads\/2022\/12\/electroluber.png\",\"width\":600,\"height\":600},{\"@type\":\"BreadcrumbList\",\"@id\":\"https:\/\/www.imfapart.com\/productos\/lubricacion-automatica\/electro-luber-series\/#breadcrumb\",\"itemListElement\":[{\"@type\":\"ListItem\",\"position\":1,\"name\":\"Inicio\",\"item\":\"https:\/\/www.imfapart.com\/\"},{\"@type\":\"ListItem\",\"position\":2,\"name\":\"Nuestros Productos\",\"item\":\"https:\/\/www.imfapart.com\/productos\/\"},{\"@type\":\"ListItem\",\"position\":3,\"name\":\"Electro-Luber\u2122 Series\"}]},{\"@type\":\"WebSite\",\"@id\":\"https:\/\/www.imfapart.com\/#website\",\"url\":\"https:\/\/www.imfapart.com\/\",\"name\":\"IMFAPART | Industrial filtration and lubrication\",\"description\":\"We specialize in providing solutions to our clients, and our product range spans a varied selection, from filtration to industrial lubrication.\",\"publisher\":{\"@id\":\"https:\/\/www.imfapart.com\/#organization\"},\"potentialAction\":[{\"@type\":\"SearchAction\",\"target\":{\"@type\":\"EntryPoint\",\"urlTemplate\":\"https:\/\/www.imfapart.com\/?s={search_term_string}\"},\"query-input\":{\"@type\":\"PropertyValueSpecification\",\"valueRequired\":true,\"valueName\":\"search_term_string\"}}],\"inLanguage\":\"es-CO\"},{\"@type\":\"Organization\",\"@id\":\"https:\/\/www.imfapart.com\/#organization\",\"name\":\"IMFAPART | Industrial filtration and lubrication\",\"url\":\"https:\/\/www.imfapart.com\/\",\"logo\":{\"@type\":\"ImageObject\",\"inLanguage\":\"es-CO\",\"@id\":\"https:\/\/www.imfapart.com\/#\/schema\/logo\/image\/\",\"url\":\"https:\/\/www.imfapart.com\/wp-content\/uploads\/2023\/09\/Logo-IMFAPART.png\",\"contentUrl\":\"https:\/\/www.imfapart.com\/wp-content\/uploads\/2023\/09\/Logo-IMFAPART.png\",\"width\":350,\"height\":111,\"caption\":\"IMFAPART | Industrial filtration and lubrication\"},\"image\":{\"@id\":\"https:\/\/www.imfapart.com\/#\/schema\/logo\/image\/\"},\"sameAs\":[\"https:\/\/www.facebook.com\/profile.php?id=100078783627404\",\"https:\/\/www.instagram.com\/imfapart_hdp\/\"]}]}<\/script>\n<!-- \/ Yoast SEO plugin. -->","yoast_head_json":{"title":"Electro-Luber\u2122 Series - IMFAPART | Industrial filtration and lubrication","description":"These automatic lubricators are intrinsically safe and approved for all explosive areas. They are also MSHA certified for use in mines.","robots":{"index":"index","follow":"follow","max-snippet":"max-snippet:-1","max-image-preview":"max-image-preview:large","max-video-preview":"max-video-preview:-1"},"canonical":"https:\/\/www.imfapart.com\/es\/productos\/lubricacion-automatica\/electro-luber-series\/","og_locale":"es_ES","og_type":"article","og_title":"Electro-Luber\u2122 Series - IMFAPART | Industrial filtration and lubrication","og_description":"These automatic lubricators are intrinsically safe and approved for all explosive areas. They are also MSHA certified for use in mines.","og_url":"https:\/\/www.imfapart.com\/es\/productos\/lubricacion-automatica\/electro-luber-series\/","og_site_name":"IMFAPART | Industrial filtration and lubrication","article_publisher":"https:\/\/www.facebook.com\/profile.php?id=100078783627404","article_modified_time":"2026-03-24T21:19:34+00:00","og_image":[{"width":600,"height":600,"url":"http:\/\/www.imfapart.com\/wp-content\/uploads\/2022\/12\/electroluber.png","type":"image\/png"}],"twitter_card":"summary_large_image","twitter_misc":{"Tiempo de lectura":"2 minutos"},"schema":{"@context":"https:\/\/schema.org","@graph":[{"@type":"WebPage","@id":"https:\/\/www.imfapart.com\/productos\/lubricacion-automatica\/electro-luber-series\/","url":"https:\/\/www.imfapart.com\/productos\/lubricacion-automatica\/electro-luber-series\/","name":"Electro-Luber\u2122 Series - IMFAPART | Industrial filtration and lubrication","isPartOf":{"@id":"https:\/\/www.imfapart.com\/#website"},"primaryImageOfPage":{"@id":"https:\/\/www.imfapart.com\/productos\/lubricacion-automatica\/electro-luber-series\/#primaryimage"},"image":{"@id":"https:\/\/www.imfapart.com\/productos\/lubricacion-automatica\/electro-luber-series\/#primaryimage"},"thumbnailUrl":"https:\/\/www.imfapart.com\/wp-content\/uploads\/2022\/12\/electroluber.png","datePublished":"2022-12-26T11:04:30+00:00","dateModified":"2026-03-24T21:19:34+00:00","description":"These automatic lubricators are intrinsically safe and approved for all explosive areas. They are also MSHA certified for use in mines.","breadcrumb":{"@id":"https:\/\/www.imfapart.com\/productos\/lubricacion-automatica\/electro-luber-series\/#breadcrumb"},"inLanguage":"es-CO","potentialAction":[{"@type":"ReadAction","target":["https:\/\/www.imfapart.com\/productos\/lubricacion-automatica\/electro-luber-series\/"]}]},{"@type":"ImageObject","inLanguage":"es-CO","@id":"https:\/\/www.imfapart.com\/productos\/lubricacion-automatica\/electro-luber-series\/#primaryimage","url":"https:\/\/www.imfapart.com\/wp-content\/uploads\/2022\/12\/electroluber.png","contentUrl":"https:\/\/www.imfapart.com\/wp-content\/uploads\/2022\/12\/electroluber.png","width":600,"height":600},{"@type":"BreadcrumbList","@id":"https:\/\/www.imfapart.com\/productos\/lubricacion-automatica\/electro-luber-series\/#breadcrumb","itemListElement":[{"@type":"ListItem","position":1,"name":"Inicio","item":"https:\/\/www.imfapart.com\/"},{"@type":"ListItem","position":2,"name":"Nuestros Productos","item":"https:\/\/www.imfapart.com\/productos\/"},{"@type":"ListItem","position":3,"name":"Electro-Luber\u2122 Series"}]},{"@type":"WebSite","@id":"https:\/\/www.imfapart.com\/#website","url":"https:\/\/www.imfapart.com\/","name":"IMFAPART | Industrial filtration and lubrication","description":"We specialize in providing solutions to our clients, and our product range spans a varied selection, from filtration to industrial lubrication.","publisher":{"@id":"https:\/\/www.imfapart.com\/#organization"},"potentialAction":[{"@type":"SearchAction","target":{"@type":"EntryPoint","urlTemplate":"https:\/\/www.imfapart.com\/?s={search_term_string}"},"query-input":{"@type":"PropertyValueSpecification","valueRequired":true,"valueName":"search_term_string"}}],"inLanguage":"es-CO"},{"@type":"Organization","@id":"https:\/\/www.imfapart.com\/#organization","name":"IMFAPART | Industrial filtration and lubrication","url":"https:\/\/www.imfapart.com\/","logo":{"@type":"ImageObject","inLanguage":"es-CO","@id":"https:\/\/www.imfapart.com\/#\/schema\/logo\/image\/","url":"https:\/\/www.imfapart.com\/wp-content\/uploads\/2023\/09\/Logo-IMFAPART.png","contentUrl":"https:\/\/www.imfapart.com\/wp-content\/uploads\/2023\/09\/Logo-IMFAPART.png","width":350,"height":111,"caption":"IMFAPART | Industrial filtration and lubrication"},"image":{"@id":"https:\/\/www.imfapart.com\/#\/schema\/logo\/image\/"},"sameAs":["https:\/\/www.facebook.com\/profile.php?id=100078783627404","https:\/\/www.instagram.com\/imfapart_hdp\/"]}]}},"_links":{"self":[{"href":"https:\/\/www.imfapart.com\/es\/wp-json\/wp\/v2\/product\/30965","targetHints":{"allow":["GET"]}}],"collection":[{"href":"https:\/\/www.imfapart.com\/es\/wp-json\/wp\/v2\/product"}],"about":[{"href":"https:\/\/www.imfapart.com\/es\/wp-json\/wp\/v2\/types\/product"}],"wp:featuredmedia":[{"embeddable":true,"href":"https:\/\/www.imfapart.com\/es\/wp-json\/wp\/v2\/media\/50487"}],"wp:attachment":[{"href":"https:\/\/www.imfapart.com\/es\/wp-json\/wp\/v2\/media?parent=30965"}],"wp:term":[{"taxonomy":"product_brand","embeddable":true,"href":"https:\/\/www.imfapart.com\/es\/wp-json\/wp\/v2\/product_brand?post=30965"},{"taxonomy":"product_cat","embeddable":true,"href":"https:\/\/www.imfapart.com\/es\/wp-json\/wp\/v2\/product_cat?post=30965"},{"taxonomy":"product_tag","embeddable":true,"href":"https:\/\/www.imfapart.com\/es\/wp-json\/wp\/v2\/product_tag?post=30965"}],"curies":[{"name":"wp","href":"https:\/\/api.w.org\/{rel}","templated":true}]}}