{"id":47458,"date":"2023-07-31T19:10:17","date_gmt":"2023-08-01T00:10:17","guid":{"rendered":"http:\/\/www.imfapart.com\/?post_type=product&#038;p=47458"},"modified":"2026-03-24T17:01:11","modified_gmt":"2026-03-24T22:01:11","slug":"ultimate-luber-series","status":"publish","type":"product","link":"https:\/\/www.imfapart.com\/es\/productos\/lubricacion-automatica\/ultimate-luber-series\/","title":{"rendered":"Serie Ultimate-Luber\u2122"},"content":{"rendered":"<section class=\"elementor-section elementor-inner-section elementor-element elementor-element-4f810cc4 elementor-section-boxed elementor-section-height-default elementor-section-height-default\" data-id=\"4f810cc4\" data-element_type=\"section\">\n<div class=\"elementor-container elementor-column-gap-default\">\n<div class=\"elementor-column elementor-col-50 elementor-inner-column elementor-element elementor-element-593120d4\" data-id=\"593120d4\" data-element_type=\"column\">\n<div class=\"elementor-widget-wrap elementor-element-populated\">\n<div class=\"elementor-element elementor-element-3531b4a5 elementor-icon-list--layout-traditional elementor-list-item-link-full_width elementor-widget elementor-widget-icon-list\" data-id=\"3531b4a5\" data-element_type=\"widget\" data-widget_type=\"icon-list.default\">\n<div class=\"elementor-widget-container\">\n<p data-start=\"95\" data-end=\"271\">El <strong data-start=\"99\" data-end=\"118\">ULTIMATE-LUBER\u2122<\/strong> es un sistema de lubricaci\u00f3n autom\u00e1tica de alto rendimiento, dise\u00f1ado para ofrecer una dosificaci\u00f3n precisa, constante y confiable en aplicaciones industriales exigentes.<\/p>\n<p data-start=\"273\" data-end=\"573\">Gracias a su dise\u00f1o robusto y accionamiento por motor, permite realizar lubricaci\u00f3n en m\u00faltiples puntos y transportar el lubricante a trav\u00e9s de largas l\u00edneas hasta distribuidores progresivos. Su sistema programable activa la dosificaci\u00f3n en intervalos definidos, garantizando una lubricaci\u00f3n eficiente sin intervenci\u00f3n constante.<\/p>\n<p data-start=\"575\" data-end=\"698\">En cada ciclo, el equipo dispensa aproximadamente 1,25 cc de grasa, manteniendo un suministro uniforme sin verse afectado por la temperatura o la altitud.<\/p>\n<p data-start=\"575\" data-end=\"698\">\n<p data-start=\"575\" data-end=\"698\"><strong data-start=\"703\" data-end=\"732\">Especificaciones y Caracter\u00edsticas<\/strong><\/p>\n<ul data-start=\"736\" data-end=\"1397\">\n<li data-section-id=\"w3c5qk\" data-start=\"736\" data-end=\"790\">Presi\u00f3n superior a 1000 psi para aplicaciones exigentes<\/li>\n<li data-section-id=\"1mn5jwl\" data-start=\"791\" data-end=\"895\">Alcance:\n<ul data-start=\"804\" data-end=\"895\">\n<li data-section-id=\"19zit4g\" data-start=\"804\" data-end=\"843\">Hasta 9 m (30 ft) en un solo punto<\/li>\n<li data-section-id=\"1farr6i\" data-start=\"846\" data-end=\"895\">Hasta 6 m (20 ft) en aplicaciones multipunto<\/li>\n<\/ul>\n<\/li>\n<li data-section-id=\"1jj844e\" data-start=\"896\" data-end=\"967\">Capacidad de hasta 12 puntos de lubricaci\u00f3n (con divisor progresivo)<\/li>\n<li data-section-id=\"16bn2vq\" data-start=\"968\" data-end=\"1025\">Dosificaci\u00f3n autom\u00e1tica programable de 15 d\u00edas a 2 a\u00f1os<\/li>\n<li data-section-id=\"q3x1wa\" data-start=\"1026\" data-end=\"1072\">Descarga aproximada de 1,25 cc por ciclo<\/li>\n<li data-section-id=\"xr55wu\" data-start=\"1073\" data-end=\"1136\">Recargable con pistola de engrase est\u00e1ndar (sin herramientas)<\/li>\n<li data-section-id=\"zsjv4a\" data-start=\"1137\" data-end=\"1203\">Disponible con bater\u00edas reemplazables o alimentaci\u00f3n externa (AC\/DC)<\/li>\n<li data-section-id=\"eu7lc5\" data-start=\"1204\" data-end=\"1257\">Opci\u00f3n de control remoto (PLC, rel\u00e9s, contactores)<\/li>\n<li data-section-id=\"1uluunv\" data-start=\"1258\" data-end=\"1307\">Mezclador interno que mejora la consistencia del lubricante<\/li>\n<li data-section-id=\"1dst5dv\" data-start=\"1308\" data-end=\"1347\">Apto para uso en interiores y exteriores<\/li>\n<li data-section-id=\"1mvmar7\" data-start=\"1348\" data-end=\"1397\">Certificaci\u00f3n UL\/CUL Div. 2 (\u00e1reas peligrosas)<\/li>\n<\/ul>\n<p>&nbsp;<\/p>\n<p data-start=\"1399\" data-end=\"1434\"><strong data-start=\"1399\" data-end=\"1432\">Disponible en diferentes tama\u00f1os:\u00a0<\/strong><\/p>\n<ul data-start=\"1436\" data-end=\"1582\">\n<li data-section-id=\"zf2tku\" data-start=\"1436\" data-end=\"1472\">Modelo 60 cc: 7-1\/4\" de alto \u00d7 3-1\/2\" de di\u00e1metro<\/li>\n<li data-section-id=\"1na0cn6\" data-start=\"1473\" data-end=\"1510\">Modelo 125 cc: 7-1\/2\" de alto \u00d7 3-1\/8\" de di\u00e1metro<\/li>\n<li data-section-id=\"16jikof\" data-start=\"1511\" data-end=\"1544\">Modelo 250 cc: 7-1\/2\" de alto \u00d7 4\" de di\u00e1metro<\/li>\n<li data-section-id=\"14csycj\" data-start=\"1545\" data-end=\"1582\">Modelo 500 cc: 8-3\/4\" de alto \u00d7 4-3\/4\" de di\u00e1metro<\/li>\n<\/ul>\n<p>&nbsp;<\/p>\n<p data-start=\"1584\" data-end=\"1614\"><strong data-start=\"1588\" data-end=\"1612\">Condiciones de operaci\u00f3n<\/strong><\/p>\n<ul data-start=\"1616\" data-end=\"1694\">\n<li data-section-id=\"1y885tt\" data-start=\"1616\" data-end=\"1694\">Temperatura: -20\u00b0C a +55\u00b0C<br data-start=\"1645\" data-end=\"1648\" \/><em data-start=\"1650\" data-end=\"1692\">(Se recomienda uso de lubricantes para bajas temperaturas)<\/em><\/li>\n<\/ul>\n<p data-start=\"1696\" data-end=\"1712\"><strong data-start=\"1698\" data-end=\"1710\">Beneficios<\/strong><\/p>\n<ul data-start=\"1714\" data-end=\"2061\">\n<li data-section-id=\"il811l\" data-start=\"1714\" data-end=\"1778\">Lubricaci\u00f3n autom\u00e1tica sin intervenci\u00f3n hasta por 2 a\u00f1os<\/li>\n<li data-section-id=\"1qxlvp2\" data-start=\"1779\" data-end=\"1828\">Optimiza la lubricaci\u00f3n en equipos industriales<\/li>\n<li data-section-id=\"8w3epq\" data-start=\"1829\" data-end=\"1858\">Reduce los costos de mantenimiento<\/li>\n<li data-section-id=\"1w2pwvw\" data-start=\"1859\" data-end=\"1913\">Disminuye fallas por lubricaci\u00f3n inadecuada<\/li>\n<li data-section-id=\"cdj9x0\" data-start=\"1914\" data-end=\"1973\">Permite instalaci\u00f3n en zonas peligrosas o de dif\u00edcil acceso<\/li>\n<li data-section-id=\"hr3lcc\" data-start=\"1974\" data-end=\"2008\">Extiende la vida \u00fatil del equipo<\/li>\n<li data-section-id=\"1igm8mi\" data-start=\"2009\" data-end=\"2061\">Evita contaminaci\u00f3n y degradaci\u00f3n del lubricante<\/li>\n<\/ul>\n<\/div>\n<\/div>\n<\/div>\n<\/div>\n<\/div>\n<\/section>\n<p>&nbsp;<\/p>","protected":false},"excerpt":{"rendered":"<div class=\"elementor-element elementor-element-168a04e1 elementor-widget elementor-widget-text-editor\" data-id=\"168a04e1\" data-element_type=\"widget\" data-widget_type=\"text-editor.default\">\n<div class=\"elementor-widget-container\">\n<div class=\"flex flex-col text-sm pb-25\">\n<section class=\"text-token-text-primary w-full focus:outline-none [--shadow-height:45px] has-data-writing-block:pointer-events-none has-data-writing-block:-mt-(--shadow-height) has-data-writing-block:pt-(--shadow-height) [&amp;:has([data-writing-block])&gt;*]:pointer-events-auto scroll-mt-[calc(var(--header-height)+min(200px,max(70px,20svh)))]\" dir=\"auto\" data-turn-id=\"request-WEB:5c738222-918e-446c-a423-283b5af44506-25\" data-testid=\"conversation-turn-52\" data-scroll-anchor=\"true\" data-turn=\"assistant\">\n<div class=\"text-base my-auto mx-auto pb-10 [--thread-content-margin:var(--thread-content-margin-xs,calc(var(--spacing)*4))] @w-sm\/main:[--thread-content-margin:var(--thread-content-margin-sm,calc(var(--spacing)*6))] @w-lg\/main:[--thread-content-margin:var(--thread-content-margin-lg,calc(var(--spacing)*16))] px-(--thread-content-margin)\">\n<div class=\"[--thread-content-max-width:40rem] @w-lg\/main:[--thread-content-max-width:48rem] mx-auto max-w-(--thread-content-max-width) flex-1 group\/turn-messages focus-visible:outline-hidden relative flex w-full min-w-0 flex-col agent-turn\">\n<div class=\"flex max-w-full flex-col gap-4 grow\">\n<div data-message-author-role=\"assistant\" data-message-id=\"8e6bc7a4-14f1-451a-bab2-45d528d65ea0\" dir=\"auto\" data-message-model-slug=\"gpt-5-3\" class=\"min-h-8 text-message relative flex w-full flex-col items-end gap-2 text-start break-words whitespace-normal outline-none keyboard-focused:focus-ring [.text-message+&amp;]:mt-1\" data-turn-start-message=\"true\" tabindex=\"0\">\n<div class=\"flex w-full flex-col gap-1 empty:hidden\">\n<div class=\"markdown prose dark:prose-invert w-full wrap-break-word dark markdown-new-styling\">\n<p data-start=\"0\" data-end=\"290\" data-is-last-node=\"\" data-is-only-node=\"\">El <strong data-start=\"4\" data-end=\"23\">ULTIMATE-LUBER\u2122<\/strong> es un lubricador autom\u00e1tico accionado por motor, dise\u00f1ado para aplicaciones de uno o m\u00faltiples puntos. Ofrece alta presi\u00f3n (+1000 psi), recarga con pistola de engrase est\u00e1ndar y capacidad de operar hasta 12 puntos, optimizando la lubricaci\u00f3n y reduciendo el mantenimiento.<\/p>\n<\/div>\n<\/div>\n<\/div>\n<\/div>\n<div class=\"z-0 flex min-h-[46px] justify-start\"><\/div>\n<div class=\"mt-3 w-full empty:hidden\">\n<div class=\"text-center\"><\/div>\n<\/div>\n<\/div>\n<\/div>\n<\/section>\n<\/div>\n<div aria-hidden=\"true\" data-edge=\"true\" class=\"pointer-events-none h-px w-px absolute bottom-0\"><\/div>\n<\/div>\n<\/div>\n<div class=\"elementor-element elementor-element-6d04ddad elementor-icon-list--layout-traditional elementor-list-item-link-full_width elementor-widget elementor-widget-icon-list\" data-id=\"6d04ddad\" data-element_type=\"widget\" data-widget_type=\"icon-list.default\">\n<div class=\"elementor-widget-container\">\n<p>&nbsp;<\/p>\n<\/div>\n<\/div>","protected":false},"featured_media":50488,"template":"","meta":{"_joinchat":[]},"product_brand":[],"product_cat":[109],"product_tag":[],"class_list":{"0":"post-47458","1":"product","2":"type-product","3":"status-publish","4":"has-post-thumbnail","6":"product_cat-lubricacion-automatica","8":"first","9":"instock","10":"shipping-taxable","11":"product-type-simple"},"yoast_head":"<!-- This site is optimized with the Yoast SEO plugin v26.2 - https:\/\/yoast.com\/wordpress\/plugins\/seo\/ -->\n<title>Ultimate-Luber\u2122 Series - IMFAPART | Industrial filtration and lubrication<\/title>\n<meta name=\"description\" content=\"This strength of the ULTIMATE-LUBER\u2122 allows it to perform multi-point lubrication and drive lubricant through long feed lines to progressive distributors.\" \/>\n<meta name=\"robots\" content=\"index, follow, max-snippet:-1, max-image-preview:large, max-video-preview:-1\" \/>\n<link rel=\"canonical\" href=\"https:\/\/www.imfapart.com\/es\/productos\/lubricacion-automatica\/ultimate-luber-series\/\" \/>\n<meta property=\"og:locale\" content=\"es_ES\" \/>\n<meta property=\"og:type\" content=\"article\" \/>\n<meta property=\"og:title\" content=\"Ultimate-Luber\u2122 Series - IMFAPART | Industrial filtration and lubrication\" \/>\n<meta property=\"og:description\" content=\"This strength of the ULTIMATE-LUBER\u2122 allows it to perform multi-point lubrication and drive lubricant through long feed lines to progressive distributors.\" \/>\n<meta property=\"og:url\" content=\"https:\/\/www.imfapart.com\/es\/productos\/lubricacion-automatica\/ultimate-luber-series\/\" \/>\n<meta property=\"og:site_name\" content=\"IMFAPART | Industrial filtration and lubrication\" \/>\n<meta property=\"article:publisher\" content=\"https:\/\/www.facebook.com\/profile.php?id=100078783627404\" \/>\n<meta property=\"article:modified_time\" content=\"2026-03-24T22:01:11+00:00\" \/>\n<meta property=\"og:image\" content=\"http:\/\/www.imfapart.com\/wp-content\/uploads\/2023\/07\/ultimate-luber.png\" \/>\n\t<meta property=\"og:image:width\" content=\"600\" \/>\n\t<meta property=\"og:image:height\" content=\"600\" \/>\n\t<meta property=\"og:image:type\" content=\"image\/png\" \/>\n<meta name=\"twitter:card\" content=\"summary_large_image\" \/>\n<meta name=\"twitter:label1\" content=\"Tiempo de lectura\" \/>\n\t<meta name=\"twitter:data1\" content=\"2 minutos\" \/>\n<script type=\"application\/ld+json\" class=\"yoast-schema-graph\">{\"@context\":\"https:\/\/schema.org\",\"@graph\":[{\"@type\":\"WebPage\",\"@id\":\"https:\/\/www.imfapart.com\/productos\/lubricacion-automatica\/ultimate-luber-series\/\",\"url\":\"https:\/\/www.imfapart.com\/productos\/lubricacion-automatica\/ultimate-luber-series\/\",\"name\":\"Ultimate-Luber\u2122 Series - IMFAPART | Industrial filtration and lubrication\",\"isPartOf\":{\"@id\":\"https:\/\/www.imfapart.com\/#website\"},\"primaryImageOfPage\":{\"@id\":\"https:\/\/www.imfapart.com\/productos\/lubricacion-automatica\/ultimate-luber-series\/#primaryimage\"},\"image\":{\"@id\":\"https:\/\/www.imfapart.com\/productos\/lubricacion-automatica\/ultimate-luber-series\/#primaryimage\"},\"thumbnailUrl\":\"https:\/\/www.imfapart.com\/wp-content\/uploads\/2023\/07\/ultimate-luber.png\",\"datePublished\":\"2023-08-01T00:10:17+00:00\",\"dateModified\":\"2026-03-24T22:01:11+00:00\",\"description\":\"This strength of the ULTIMATE-LUBER\u2122 allows it to perform multi-point lubrication and drive lubricant through long feed lines to progressive distributors.\",\"breadcrumb\":{\"@id\":\"https:\/\/www.imfapart.com\/productos\/lubricacion-automatica\/ultimate-luber-series\/#breadcrumb\"},\"inLanguage\":\"es-CO\",\"potentialAction\":[{\"@type\":\"ReadAction\",\"target\":[\"https:\/\/www.imfapart.com\/productos\/lubricacion-automatica\/ultimate-luber-series\/\"]}]},{\"@type\":\"ImageObject\",\"inLanguage\":\"es-CO\",\"@id\":\"https:\/\/www.imfapart.com\/productos\/lubricacion-automatica\/ultimate-luber-series\/#primaryimage\",\"url\":\"https:\/\/www.imfapart.com\/wp-content\/uploads\/2023\/07\/ultimate-luber.png\",\"contentUrl\":\"https:\/\/www.imfapart.com\/wp-content\/uploads\/2023\/07\/ultimate-luber.png\",\"width\":600,\"height\":600},{\"@type\":\"BreadcrumbList\",\"@id\":\"https:\/\/www.imfapart.com\/productos\/lubricacion-automatica\/ultimate-luber-series\/#breadcrumb\",\"itemListElement\":[{\"@type\":\"ListItem\",\"position\":1,\"name\":\"Inicio\",\"item\":\"https:\/\/www.imfapart.com\/\"},{\"@type\":\"ListItem\",\"position\":2,\"name\":\"Nuestros Productos\",\"item\":\"https:\/\/www.imfapart.com\/productos\/\"},{\"@type\":\"ListItem\",\"position\":3,\"name\":\"Ultimate-Luber\u2122 Series\"}]},{\"@type\":\"WebSite\",\"@id\":\"https:\/\/www.imfapart.com\/#website\",\"url\":\"https:\/\/www.imfapart.com\/\",\"name\":\"IMFAPART | Industrial filtration and lubrication\",\"description\":\"We specialize in providing solutions to our clients, and our product range spans a varied selection, from filtration to industrial lubrication.\",\"publisher\":{\"@id\":\"https:\/\/www.imfapart.com\/#organization\"},\"potentialAction\":[{\"@type\":\"SearchAction\",\"target\":{\"@type\":\"EntryPoint\",\"urlTemplate\":\"https:\/\/www.imfapart.com\/?s={search_term_string}\"},\"query-input\":{\"@type\":\"PropertyValueSpecification\",\"valueRequired\":true,\"valueName\":\"search_term_string\"}}],\"inLanguage\":\"es-CO\"},{\"@type\":\"Organization\",\"@id\":\"https:\/\/www.imfapart.com\/#organization\",\"name\":\"IMFAPART | Industrial filtration and lubrication\",\"url\":\"https:\/\/www.imfapart.com\/\",\"logo\":{\"@type\":\"ImageObject\",\"inLanguage\":\"es-CO\",\"@id\":\"https:\/\/www.imfapart.com\/#\/schema\/logo\/image\/\",\"url\":\"https:\/\/www.imfapart.com\/wp-content\/uploads\/2023\/09\/Logo-IMFAPART.png\",\"contentUrl\":\"https:\/\/www.imfapart.com\/wp-content\/uploads\/2023\/09\/Logo-IMFAPART.png\",\"width\":350,\"height\":111,\"caption\":\"IMFAPART | Industrial filtration and lubrication\"},\"image\":{\"@id\":\"https:\/\/www.imfapart.com\/#\/schema\/logo\/image\/\"},\"sameAs\":[\"https:\/\/www.facebook.com\/profile.php?id=100078783627404\",\"https:\/\/www.instagram.com\/imfapart_hdp\/\"]}]}<\/script>\n<!-- \/ Yoast SEO plugin. -->","yoast_head_json":{"title":"Ultimate-Luber\u2122 Series - IMFAPART | Industrial filtration and lubrication","description":"This strength of the ULTIMATE-LUBER\u2122 allows it to perform multi-point lubrication and drive lubricant through long feed lines to progressive distributors.","robots":{"index":"index","follow":"follow","max-snippet":"max-snippet:-1","max-image-preview":"max-image-preview:large","max-video-preview":"max-video-preview:-1"},"canonical":"https:\/\/www.imfapart.com\/es\/productos\/lubricacion-automatica\/ultimate-luber-series\/","og_locale":"es_ES","og_type":"article","og_title":"Ultimate-Luber\u2122 Series - IMFAPART | Industrial filtration and lubrication","og_description":"This strength of the ULTIMATE-LUBER\u2122 allows it to perform multi-point lubrication and drive lubricant through long feed lines to progressive distributors.","og_url":"https:\/\/www.imfapart.com\/es\/productos\/lubricacion-automatica\/ultimate-luber-series\/","og_site_name":"IMFAPART | Industrial filtration and lubrication","article_publisher":"https:\/\/www.facebook.com\/profile.php?id=100078783627404","article_modified_time":"2026-03-24T22:01:11+00:00","og_image":[{"width":600,"height":600,"url":"http:\/\/www.imfapart.com\/wp-content\/uploads\/2023\/07\/ultimate-luber.png","type":"image\/png"}],"twitter_card":"summary_large_image","twitter_misc":{"Tiempo de lectura":"2 minutos"},"schema":{"@context":"https:\/\/schema.org","@graph":[{"@type":"WebPage","@id":"https:\/\/www.imfapart.com\/productos\/lubricacion-automatica\/ultimate-luber-series\/","url":"https:\/\/www.imfapart.com\/productos\/lubricacion-automatica\/ultimate-luber-series\/","name":"Ultimate-Luber\u2122 Series - IMFAPART | Industrial filtration and lubrication","isPartOf":{"@id":"https:\/\/www.imfapart.com\/#website"},"primaryImageOfPage":{"@id":"https:\/\/www.imfapart.com\/productos\/lubricacion-automatica\/ultimate-luber-series\/#primaryimage"},"image":{"@id":"https:\/\/www.imfapart.com\/productos\/lubricacion-automatica\/ultimate-luber-series\/#primaryimage"},"thumbnailUrl":"https:\/\/www.imfapart.com\/wp-content\/uploads\/2023\/07\/ultimate-luber.png","datePublished":"2023-08-01T00:10:17+00:00","dateModified":"2026-03-24T22:01:11+00:00","description":"This strength of the ULTIMATE-LUBER\u2122 allows it to perform multi-point lubrication and drive lubricant through long feed lines to progressive distributors.","breadcrumb":{"@id":"https:\/\/www.imfapart.com\/productos\/lubricacion-automatica\/ultimate-luber-series\/#breadcrumb"},"inLanguage":"es-CO","potentialAction":[{"@type":"ReadAction","target":["https:\/\/www.imfapart.com\/productos\/lubricacion-automatica\/ultimate-luber-series\/"]}]},{"@type":"ImageObject","inLanguage":"es-CO","@id":"https:\/\/www.imfapart.com\/productos\/lubricacion-automatica\/ultimate-luber-series\/#primaryimage","url":"https:\/\/www.imfapart.com\/wp-content\/uploads\/2023\/07\/ultimate-luber.png","contentUrl":"https:\/\/www.imfapart.com\/wp-content\/uploads\/2023\/07\/ultimate-luber.png","width":600,"height":600},{"@type":"BreadcrumbList","@id":"https:\/\/www.imfapart.com\/productos\/lubricacion-automatica\/ultimate-luber-series\/#breadcrumb","itemListElement":[{"@type":"ListItem","position":1,"name":"Inicio","item":"https:\/\/www.imfapart.com\/"},{"@type":"ListItem","position":2,"name":"Nuestros Productos","item":"https:\/\/www.imfapart.com\/productos\/"},{"@type":"ListItem","position":3,"name":"Ultimate-Luber\u2122 Series"}]},{"@type":"WebSite","@id":"https:\/\/www.imfapart.com\/#website","url":"https:\/\/www.imfapart.com\/","name":"IMFAPART | Industrial filtration and lubrication","description":"We specialize in providing solutions to our clients, and our product range spans a varied selection, from filtration to industrial lubrication.","publisher":{"@id":"https:\/\/www.imfapart.com\/#organization"},"potentialAction":[{"@type":"SearchAction","target":{"@type":"EntryPoint","urlTemplate":"https:\/\/www.imfapart.com\/?s={search_term_string}"},"query-input":{"@type":"PropertyValueSpecification","valueRequired":true,"valueName":"search_term_string"}}],"inLanguage":"es-CO"},{"@type":"Organization","@id":"https:\/\/www.imfapart.com\/#organization","name":"IMFAPART | Industrial filtration and lubrication","url":"https:\/\/www.imfapart.com\/","logo":{"@type":"ImageObject","inLanguage":"es-CO","@id":"https:\/\/www.imfapart.com\/#\/schema\/logo\/image\/","url":"https:\/\/www.imfapart.com\/wp-content\/uploads\/2023\/09\/Logo-IMFAPART.png","contentUrl":"https:\/\/www.imfapart.com\/wp-content\/uploads\/2023\/09\/Logo-IMFAPART.png","width":350,"height":111,"caption":"IMFAPART | Industrial filtration and lubrication"},"image":{"@id":"https:\/\/www.imfapart.com\/#\/schema\/logo\/image\/"},"sameAs":["https:\/\/www.facebook.com\/profile.php?id=100078783627404","https:\/\/www.instagram.com\/imfapart_hdp\/"]}]}},"_links":{"self":[{"href":"https:\/\/www.imfapart.com\/es\/wp-json\/wp\/v2\/product\/47458","targetHints":{"allow":["GET"]}}],"collection":[{"href":"https:\/\/www.imfapart.com\/es\/wp-json\/wp\/v2\/product"}],"about":[{"href":"https:\/\/www.imfapart.com\/es\/wp-json\/wp\/v2\/types\/product"}],"wp:featuredmedia":[{"embeddable":true,"href":"https:\/\/www.imfapart.com\/es\/wp-json\/wp\/v2\/media\/50488"}],"wp:attachment":[{"href":"https:\/\/www.imfapart.com\/es\/wp-json\/wp\/v2\/media?parent=47458"}],"wp:term":[{"taxonomy":"product_brand","embeddable":true,"href":"https:\/\/www.imfapart.com\/es\/wp-json\/wp\/v2\/product_brand?post=47458"},{"taxonomy":"product_cat","embeddable":true,"href":"https:\/\/www.imfapart.com\/es\/wp-json\/wp\/v2\/product_cat?post=47458"},{"taxonomy":"product_tag","embeddable":true,"href":"https:\/\/www.imfapart.com\/es\/wp-json\/wp\/v2\/product_tag?post=47458"}],"curies":[{"name":"wp","href":"https:\/\/api.w.org\/{rel}","templated":true}]}}