{"id":48438,"date":"2025-10-29T09:42:09","date_gmt":"2025-10-29T14:42:09","guid":{"rendered":"https:\/\/www.imfapart.com\/?post_type=product&#038;p=48438"},"modified":"2026-02-16T14:25:09","modified_gmt":"2026-02-16T19:25:09","slug":"fiberglass-gas-filters","status":"publish","type":"product","link":"https:\/\/www.imfapart.com\/es\/productos\/filtros-industriales\/gas-filters\/fiberglass-gas-filters\/","title":{"rendered":"Filtros de gas de fibra de vidrio"},"content":{"rendered":"<p><strong><span>Aplicaciones<\/span><\/strong><\/p>\n<ul>\n<li><span>Procesamiento y acondicionamiento de gas natural<\/span><\/li>\n<li><span>Sistemas de aire comprimido y gases industriales<\/span><\/li>\n<li><span>Unidades de deshidrataci\u00f3n de gas y tratamiento con aminas<\/span><\/li>\n<li><span>Filtraci\u00f3n en la entrada y descarga de compresores<\/span><\/li>\n<li><span>Separaci\u00f3n de vapores de aceite e hidrocarburos<\/span><\/li>\n<li><span>Procesamiento qu\u00edmico y petroqu\u00edmico<\/span><\/li>\n<\/ul>\n<p><strong><span>Beneficios<\/span><\/strong><\/p>\n<ul>\n<li><strong><span>Coalescencia de alta eficiencia: <\/span><\/strong><span>Elimina aerosoles l\u00edquidos (agua, aceite, hidrocarburos) y part\u00edculas finas hasta niveles submicr\u00f3nicos.<\/span><\/li>\n<li><strong><span>Baja ca\u00edda de presi\u00f3n: <\/span><\/strong><span>El medio de fibra de vidrio optimizado y el dise\u00f1o plisado mantienen un flujo eficiente.<\/span><\/li>\n<li><strong><span>Vida \u00fatil prolongada: <\/span><\/strong><span>La alta capacidad de retenci\u00f3n de suciedad reduce los cambios de filtro y los costos operativos.<\/span><\/li>\n<li><strong><span>Protecci\u00f3n superior del equipo: <\/span><\/strong><span>Previene el arrastre de l\u00edquidos que puede da\u00f1ar compresores, turbinas, v\u00e1lvulas y sistemas aguas abajo.<\/span><\/li>\n<li><strong><span>Resistencia qu\u00edmica y a la temperatura: <\/span><\/strong><span>El medio de fibra de vidrio ofrece excelente compatibilidad con gases agresivos e hidrocarburos.<\/span><\/li>\n<li><strong><span>Rendimiento constante: <\/span><\/strong><span>La fabricaci\u00f3n de precisi\u00f3n garantiza resultados de filtraci\u00f3n confiables y repetibles.<\/span><\/li>\n<\/ul>\n<p><strong><span>coalescedores de fibra de vidrio<\/span><\/strong><span> combinan <strong>durabilidad, eficiencia y confiabilidad,<\/strong>lo que los hace ideales para sistemas de filtraci\u00f3n industrial que requieren una eliminaci\u00f3n superior de humedad y contaminantes.<\/span><\/p>","protected":false},"excerpt":{"rendered":"<p><strong><span>Dise\u00f1ados para filtraci\u00f3n de gas de alta eficiencia en aplicaciones industriales<\/span><\/strong><\/p>\n<p><span>Nuestros <strong>coalescedores de fibra de vidrio<\/strong> st\u00e1n dise\u00f1ados para proporcionar <strong>una coalescencia excepcional de l\u00edquidos y eliminaci\u00f3n de part\u00edculas<\/strong> en corrientes de gas e hidrocarburos. Fabricados con <strong>medios de microfibra de vidrio de borosilicato de alta densidad<\/strong>estos filtros capturan de manera eficiente <strong>aerosoles l\u00edquidos submicr\u00f3nicos y s\u00f3lidos finos,<\/strong>permitiendo que los l\u00edquidos coaleszcan y se drenen, mientras que el gas limpio sale del sistema.<\/span><\/p>\n<p>Referencias cruzadas con: PECO, Peerless, King Tool, Jonell y Flo-Line.<\/p>","protected":false},"featured_media":48431,"template":"","meta":{"_joinchat":[]},"product_brand":[],"product_cat":[121],"product_tag":[],"class_list":{"0":"post-48438","1":"product","2":"type-product","3":"status-publish","4":"has-post-thumbnail","6":"product_cat-gas-filters","8":"first","9":"instock","10":"shipping-taxable","11":"product-type-simple"},"yoast_head":"<!-- This site is optimized with the Yoast SEO plugin v26.2 - https:\/\/yoast.com\/wordpress\/plugins\/seo\/ -->\n<title>Fiberglass Gas Filters - IMFAPART | Industrial filtration and lubrication<\/title>\n<meta name=\"description\" content=\"Natural gas is often dirty, wet and corrosive, and gas filters have to withstand liquid slugging and abrasion from pipe scale.\" \/>\n<meta name=\"robots\" content=\"index, follow, max-snippet:-1, max-image-preview:large, max-video-preview:-1\" \/>\n<link rel=\"canonical\" href=\"https:\/\/www.imfapart.com\/es\/productos\/filtros-industriales\/gas-filters\/fiberglass-gas-filters\/\" \/>\n<meta property=\"og:locale\" content=\"es_ES\" \/>\n<meta property=\"og:type\" content=\"article\" \/>\n<meta property=\"og:title\" content=\"Fiberglass Gas Filters - IMFAPART | Industrial filtration and lubrication\" \/>\n<meta property=\"og:description\" content=\"Natural gas is often dirty, wet and corrosive, and gas filters have to withstand liquid slugging and abrasion from pipe scale.\" \/>\n<meta property=\"og:url\" content=\"https:\/\/www.imfapart.com\/es\/productos\/filtros-industriales\/gas-filters\/fiberglass-gas-filters\/\" \/>\n<meta property=\"og:site_name\" content=\"IMFAPART | Industrial filtration and lubrication\" \/>\n<meta property=\"article:publisher\" content=\"https:\/\/www.facebook.com\/profile.php?id=100078783627404\" \/>\n<meta property=\"article:modified_time\" content=\"2026-02-16T19:25:09+00:00\" \/>\n<meta property=\"og:image\" content=\"http:\/\/www.imfapart.com\/wp-content\/uploads\/2025\/10\/FILTRO-DE-FIBRA-DE-VIDRIO-COALESCENTE.jpg\" \/>\n\t<meta property=\"og:image:width\" content=\"710\" \/>\n\t<meta property=\"og:image:height\" content=\"427\" \/>\n\t<meta property=\"og:image:type\" content=\"image\/jpeg\" \/>\n<meta name=\"twitter:card\" content=\"summary_large_image\" \/>\n<meta name=\"twitter:label1\" content=\"Tiempo de lectura\" \/>\n\t<meta name=\"twitter:data1\" content=\"1 minuto\" \/>\n<script type=\"application\/ld+json\" class=\"yoast-schema-graph\">{\"@context\":\"https:\/\/schema.org\",\"@graph\":[{\"@type\":\"WebPage\",\"@id\":\"https:\/\/www.imfapart.com\/productos\/filtros-industriales\/gas-filters\/fiberglass-gas-filters\/\",\"url\":\"https:\/\/www.imfapart.com\/productos\/filtros-industriales\/gas-filters\/fiberglass-gas-filters\/\",\"name\":\"Fiberglass Gas Filters - IMFAPART | Industrial filtration and lubrication\",\"isPartOf\":{\"@id\":\"https:\/\/www.imfapart.com\/#website\"},\"primaryImageOfPage\":{\"@id\":\"https:\/\/www.imfapart.com\/productos\/filtros-industriales\/gas-filters\/fiberglass-gas-filters\/#primaryimage\"},\"image\":{\"@id\":\"https:\/\/www.imfapart.com\/productos\/filtros-industriales\/gas-filters\/fiberglass-gas-filters\/#primaryimage\"},\"thumbnailUrl\":\"https:\/\/www.imfapart.com\/wp-content\/uploads\/2025\/10\/FILTRO-DE-FIBRA-DE-VIDRIO-COALESCENTE.jpg\",\"datePublished\":\"2025-10-29T14:42:09+00:00\",\"dateModified\":\"2026-02-16T19:25:09+00:00\",\"description\":\"Natural gas is often dirty, wet and corrosive, and gas filters have to withstand liquid slugging and abrasion from pipe scale.\",\"breadcrumb\":{\"@id\":\"https:\/\/www.imfapart.com\/productos\/filtros-industriales\/gas-filters\/fiberglass-gas-filters\/#breadcrumb\"},\"inLanguage\":\"es-CO\",\"potentialAction\":[{\"@type\":\"ReadAction\",\"target\":[\"https:\/\/www.imfapart.com\/productos\/filtros-industriales\/gas-filters\/fiberglass-gas-filters\/\"]}]},{\"@type\":\"ImageObject\",\"inLanguage\":\"es-CO\",\"@id\":\"https:\/\/www.imfapart.com\/productos\/filtros-industriales\/gas-filters\/fiberglass-gas-filters\/#primaryimage\",\"url\":\"https:\/\/www.imfapart.com\/wp-content\/uploads\/2025\/10\/FILTRO-DE-FIBRA-DE-VIDRIO-COALESCENTE.jpg\",\"contentUrl\":\"https:\/\/www.imfapart.com\/wp-content\/uploads\/2025\/10\/FILTRO-DE-FIBRA-DE-VIDRIO-COALESCENTE.jpg\",\"width\":710,\"height\":427},{\"@type\":\"BreadcrumbList\",\"@id\":\"https:\/\/www.imfapart.com\/productos\/filtros-industriales\/gas-filters\/fiberglass-gas-filters\/#breadcrumb\",\"itemListElement\":[{\"@type\":\"ListItem\",\"position\":1,\"name\":\"Inicio\",\"item\":\"https:\/\/www.imfapart.com\/\"},{\"@type\":\"ListItem\",\"position\":2,\"name\":\"Nuestros Productos\",\"item\":\"https:\/\/www.imfapart.com\/productos\/\"},{\"@type\":\"ListItem\",\"position\":3,\"name\":\"Fiberglass Gas Filters\"}]},{\"@type\":\"WebSite\",\"@id\":\"https:\/\/www.imfapart.com\/#website\",\"url\":\"https:\/\/www.imfapart.com\/\",\"name\":\"IMFAPART | Industrial filtration and lubrication\",\"description\":\"We specialize in providing solutions to our clients, and our product range spans a varied selection, from filtration to industrial lubrication.\",\"publisher\":{\"@id\":\"https:\/\/www.imfapart.com\/#organization\"},\"potentialAction\":[{\"@type\":\"SearchAction\",\"target\":{\"@type\":\"EntryPoint\",\"urlTemplate\":\"https:\/\/www.imfapart.com\/?s={search_term_string}\"},\"query-input\":{\"@type\":\"PropertyValueSpecification\",\"valueRequired\":true,\"valueName\":\"search_term_string\"}}],\"inLanguage\":\"es-CO\"},{\"@type\":\"Organization\",\"@id\":\"https:\/\/www.imfapart.com\/#organization\",\"name\":\"IMFAPART | Industrial filtration and lubrication\",\"url\":\"https:\/\/www.imfapart.com\/\",\"logo\":{\"@type\":\"ImageObject\",\"inLanguage\":\"es-CO\",\"@id\":\"https:\/\/www.imfapart.com\/#\/schema\/logo\/image\/\",\"url\":\"https:\/\/www.imfapart.com\/wp-content\/uploads\/2023\/09\/Logo-IMFAPART.png\",\"contentUrl\":\"https:\/\/www.imfapart.com\/wp-content\/uploads\/2023\/09\/Logo-IMFAPART.png\",\"width\":350,\"height\":111,\"caption\":\"IMFAPART | Industrial filtration and lubrication\"},\"image\":{\"@id\":\"https:\/\/www.imfapart.com\/#\/schema\/logo\/image\/\"},\"sameAs\":[\"https:\/\/www.facebook.com\/profile.php?id=100078783627404\",\"https:\/\/www.instagram.com\/imfapart_hdp\/\"]}]}<\/script>\n<!-- \/ Yoast SEO plugin. -->","yoast_head_json":{"title":"Fiberglass Gas Filters - IMFAPART | Industrial filtration and lubrication","description":"Natural gas is often dirty, wet and corrosive, and gas filters have to withstand liquid slugging and abrasion from pipe scale.","robots":{"index":"index","follow":"follow","max-snippet":"max-snippet:-1","max-image-preview":"max-image-preview:large","max-video-preview":"max-video-preview:-1"},"canonical":"https:\/\/www.imfapart.com\/es\/productos\/filtros-industriales\/gas-filters\/fiberglass-gas-filters\/","og_locale":"es_ES","og_type":"article","og_title":"Fiberglass Gas Filters - IMFAPART | Industrial filtration and lubrication","og_description":"Natural gas is often dirty, wet and corrosive, and gas filters have to withstand liquid slugging and abrasion from pipe scale.","og_url":"https:\/\/www.imfapart.com\/es\/productos\/filtros-industriales\/gas-filters\/fiberglass-gas-filters\/","og_site_name":"IMFAPART | Industrial filtration and lubrication","article_publisher":"https:\/\/www.facebook.com\/profile.php?id=100078783627404","article_modified_time":"2026-02-16T19:25:09+00:00","og_image":[{"width":710,"height":427,"url":"http:\/\/www.imfapart.com\/wp-content\/uploads\/2025\/10\/FILTRO-DE-FIBRA-DE-VIDRIO-COALESCENTE.jpg","type":"image\/jpeg"}],"twitter_card":"summary_large_image","twitter_misc":{"Tiempo de lectura":"1 minuto"},"schema":{"@context":"https:\/\/schema.org","@graph":[{"@type":"WebPage","@id":"https:\/\/www.imfapart.com\/productos\/filtros-industriales\/gas-filters\/fiberglass-gas-filters\/","url":"https:\/\/www.imfapart.com\/productos\/filtros-industriales\/gas-filters\/fiberglass-gas-filters\/","name":"Fiberglass Gas Filters - IMFAPART | Industrial filtration and lubrication","isPartOf":{"@id":"https:\/\/www.imfapart.com\/#website"},"primaryImageOfPage":{"@id":"https:\/\/www.imfapart.com\/productos\/filtros-industriales\/gas-filters\/fiberglass-gas-filters\/#primaryimage"},"image":{"@id":"https:\/\/www.imfapart.com\/productos\/filtros-industriales\/gas-filters\/fiberglass-gas-filters\/#primaryimage"},"thumbnailUrl":"https:\/\/www.imfapart.com\/wp-content\/uploads\/2025\/10\/FILTRO-DE-FIBRA-DE-VIDRIO-COALESCENTE.jpg","datePublished":"2025-10-29T14:42:09+00:00","dateModified":"2026-02-16T19:25:09+00:00","description":"Natural gas is often dirty, wet and corrosive, and gas filters have to withstand liquid slugging and abrasion from pipe scale.","breadcrumb":{"@id":"https:\/\/www.imfapart.com\/productos\/filtros-industriales\/gas-filters\/fiberglass-gas-filters\/#breadcrumb"},"inLanguage":"es-CO","potentialAction":[{"@type":"ReadAction","target":["https:\/\/www.imfapart.com\/productos\/filtros-industriales\/gas-filters\/fiberglass-gas-filters\/"]}]},{"@type":"ImageObject","inLanguage":"es-CO","@id":"https:\/\/www.imfapart.com\/productos\/filtros-industriales\/gas-filters\/fiberglass-gas-filters\/#primaryimage","url":"https:\/\/www.imfapart.com\/wp-content\/uploads\/2025\/10\/FILTRO-DE-FIBRA-DE-VIDRIO-COALESCENTE.jpg","contentUrl":"https:\/\/www.imfapart.com\/wp-content\/uploads\/2025\/10\/FILTRO-DE-FIBRA-DE-VIDRIO-COALESCENTE.jpg","width":710,"height":427},{"@type":"BreadcrumbList","@id":"https:\/\/www.imfapart.com\/productos\/filtros-industriales\/gas-filters\/fiberglass-gas-filters\/#breadcrumb","itemListElement":[{"@type":"ListItem","position":1,"name":"Inicio","item":"https:\/\/www.imfapart.com\/"},{"@type":"ListItem","position":2,"name":"Nuestros Productos","item":"https:\/\/www.imfapart.com\/productos\/"},{"@type":"ListItem","position":3,"name":"Fiberglass Gas Filters"}]},{"@type":"WebSite","@id":"https:\/\/www.imfapart.com\/#website","url":"https:\/\/www.imfapart.com\/","name":"IMFAPART | Industrial filtration and lubrication","description":"We specialize in providing solutions to our clients, and our product range spans a varied selection, from filtration to industrial lubrication.","publisher":{"@id":"https:\/\/www.imfapart.com\/#organization"},"potentialAction":[{"@type":"SearchAction","target":{"@type":"EntryPoint","urlTemplate":"https:\/\/www.imfapart.com\/?s={search_term_string}"},"query-input":{"@type":"PropertyValueSpecification","valueRequired":true,"valueName":"search_term_string"}}],"inLanguage":"es-CO"},{"@type":"Organization","@id":"https:\/\/www.imfapart.com\/#organization","name":"IMFAPART | Industrial filtration and lubrication","url":"https:\/\/www.imfapart.com\/","logo":{"@type":"ImageObject","inLanguage":"es-CO","@id":"https:\/\/www.imfapart.com\/#\/schema\/logo\/image\/","url":"https:\/\/www.imfapart.com\/wp-content\/uploads\/2023\/09\/Logo-IMFAPART.png","contentUrl":"https:\/\/www.imfapart.com\/wp-content\/uploads\/2023\/09\/Logo-IMFAPART.png","width":350,"height":111,"caption":"IMFAPART | Industrial filtration and lubrication"},"image":{"@id":"https:\/\/www.imfapart.com\/#\/schema\/logo\/image\/"},"sameAs":["https:\/\/www.facebook.com\/profile.php?id=100078783627404","https:\/\/www.instagram.com\/imfapart_hdp\/"]}]}},"_links":{"self":[{"href":"https:\/\/www.imfapart.com\/es\/wp-json\/wp\/v2\/product\/48438","targetHints":{"allow":["GET"]}}],"collection":[{"href":"https:\/\/www.imfapart.com\/es\/wp-json\/wp\/v2\/product"}],"about":[{"href":"https:\/\/www.imfapart.com\/es\/wp-json\/wp\/v2\/types\/product"}],"wp:featuredmedia":[{"embeddable":true,"href":"https:\/\/www.imfapart.com\/es\/wp-json\/wp\/v2\/media\/48431"}],"wp:attachment":[{"href":"https:\/\/www.imfapart.com\/es\/wp-json\/wp\/v2\/media?parent=48438"}],"wp:term":[{"taxonomy":"product_brand","embeddable":true,"href":"https:\/\/www.imfapart.com\/es\/wp-json\/wp\/v2\/product_brand?post=48438"},{"taxonomy":"product_cat","embeddable":true,"href":"https:\/\/www.imfapart.com\/es\/wp-json\/wp\/v2\/product_cat?post=48438"},{"taxonomy":"product_tag","embeddable":true,"href":"https:\/\/www.imfapart.com\/es\/wp-json\/wp\/v2\/product_tag?post=48438"}],"curies":[{"name":"wp","href":"https:\/\/api.w.org\/{rel}","templated":true}]}}