{"id":48439,"date":"2025-10-29T09:43:30","date_gmt":"2025-10-29T14:43:30","guid":{"rendered":"https:\/\/www.imfapart.com\/?post_type=product&#038;p=48439"},"modified":"2026-02-16T14:35:59","modified_gmt":"2026-02-16T19:35:59","slug":"pleated-fiberglass-filters","status":"publish","type":"product","link":"https:\/\/www.imfapart.com\/es\/productos\/filtros-industriales\/gas-filters\/pleated-fiberglass-filters\/","title":{"rendered":"Filtros de fibra de vidrio plisada"},"content":{"rendered":"<p><strong><span>Aplicaciones<\/span><\/strong><\/p>\n<ul>\n<li><span>Procesamiento de gas y sistemas de tratamiento de aire<\/span><\/li>\n<li><span>Deshidrataci\u00f3n de aire comprimido y gas natural<\/span><\/li>\n<li><span>Sistemas de aceite e hidrocarburos que requieren eliminaci\u00f3n de humedad y part\u00edculas<\/span><\/li>\n<li><span>Fluidos de proceso industriales en operaciones qu\u00edmicas, petroqu\u00edmicas y de refinaci\u00f3n<\/span><\/li>\n<\/ul>\n<p><strong><span>Beneficios<\/span><\/strong><\/p>\n<ul>\n<li><strong><span>Coalescencia eficiente:<\/span><\/strong><span> Elimina r\u00e1pidamente agua, aerosoles y contaminantes finos de gases y l\u00edquidos.<\/span><\/li>\n<li><strong><span>Vida \u00fatil prolongada:<\/span><\/strong><span> El dise\u00f1o plisado de alta capacidad reduce la frecuencia de reemplazo.<\/span><\/li>\n<li><strong><span>Protege los equipos:<\/span><\/strong><span> Previene da\u00f1os y desgaste en bombas, compresores, v\u00e1lvulas y componentes aguas abajo.<\/span><\/li>\n<li><strong><span>Baja ca\u00edda de presi\u00f3n:<\/span><\/strong><span> La geometr\u00eda optimizada de los pliegues garantiza m\u00ednima restricci\u00f3n de flujo sin sacrificar el rendimiento.<\/span><\/li>\n<li><strong><span>Vers\u00e1til y confiable:<\/span><\/strong><span> Compatible con una amplia gama de gases industriales, hidrocarburos y fluidos de proceso.<\/span><\/li>\n<li><strong><span>Calidad constante:<\/span><\/strong><span> Fabricado con precisi\u00f3n para ofrecer rendimiento confiable y uniforme en todo momento.<\/span><\/li>\n<\/ul>\n<p>&nbsp;<\/p>\n<p>&nbsp;<\/p>","protected":false},"excerpt":{"rendered":"<div class=\"product-description-content\">\n<p><strong><span>Dise\u00f1ados para la separaci\u00f3n de l\u00edquidos industriales y part\u00edculas de alto rendimiento<\/span><\/strong><\/p>\n<p><span>Nuestros filtros de microfibra de vidrio plisada est\u00e1n dise\u00f1ados para eliminar tanto l\u00edquidos como s\u00f3lidos del gas natural. la <strong>construcci\u00f3n plisada de fibra de vidrio<\/strong> maximiza el \u00e1rea de superficie para un rendimiento superior de coalescencia, garantizando una protecci\u00f3n confiable de los equipos y sistemas aguas abajo.<\/span><\/p>\n<p><span>Nuestros elementos est\u00e1n disponibles con respaldo de malla o de papel para proporcionar mayor refuerzo estructural y altas capacidades de flujo. Las jaulas exteriores de alta resistencia evitan rupturas, y una capa exterior de fieltro mejora la eliminaci\u00f3n de l\u00edquidos arrastrados. <\/span><\/p>\n<p>Reemplaza a PECO Facet, Porous-Media, Pall y Jonell.<\/p>\n<p>&nbsp;<\/p>\n<\/div>","protected":false},"featured_media":50023,"template":"","meta":{"_joinchat":[]},"product_brand":[],"product_cat":[121],"product_tag":[],"class_list":{"0":"post-48439","1":"product","2":"type-product","3":"status-publish","4":"has-post-thumbnail","6":"product_cat-gas-filters","8":"first","9":"instock","10":"shipping-taxable","11":"product-type-simple"},"yoast_head":"<!-- This site is optimized with the Yoast SEO plugin v26.2 - https:\/\/yoast.com\/wordpress\/plugins\/seo\/ -->\n<title>Pleated Fiberglass Filters - IMFAPART | Industrial filtration and lubrication<\/title>\n<meta name=\"description\" content=\"Pleated Fiberglass CoalescerFiltration Systems makes a wide range of fiberglass filter coalescers for natural gas purification.\" \/>\n<meta name=\"robots\" content=\"index, follow, max-snippet:-1, max-image-preview:large, max-video-preview:-1\" \/>\n<link rel=\"canonical\" href=\"https:\/\/www.imfapart.com\/es\/productos\/filtros-industriales\/gas-filters\/pleated-fiberglass-filters\/\" \/>\n<meta property=\"og:locale\" content=\"es_ES\" \/>\n<meta property=\"og:type\" content=\"article\" \/>\n<meta property=\"og:title\" content=\"Pleated Fiberglass Filters - IMFAPART | Industrial filtration and lubrication\" \/>\n<meta property=\"og:description\" content=\"Pleated Fiberglass CoalescerFiltration Systems makes a wide range of fiberglass filter coalescers for natural gas purification.\" \/>\n<meta property=\"og:url\" content=\"https:\/\/www.imfapart.com\/es\/productos\/filtros-industriales\/gas-filters\/pleated-fiberglass-filters\/\" \/>\n<meta property=\"og:site_name\" content=\"IMFAPART | Industrial filtration and lubrication\" \/>\n<meta property=\"article:publisher\" content=\"https:\/\/www.facebook.com\/profile.php?id=100078783627404\" \/>\n<meta property=\"article:modified_time\" content=\"2026-02-16T19:35:59+00:00\" \/>\n<meta property=\"og:image\" content=\"http:\/\/www.imfapart.com\/wp-content\/uploads\/2025\/10\/Pleated-Coalescers-1.png\" \/>\n\t<meta property=\"og:image:width\" content=\"1654\" \/>\n\t<meta property=\"og:image:height\" content=\"1654\" \/>\n\t<meta property=\"og:image:type\" content=\"image\/png\" \/>\n<meta name=\"twitter:card\" content=\"summary_large_image\" \/>\n<meta name=\"twitter:label1\" content=\"Tiempo de lectura\" \/>\n\t<meta name=\"twitter:data1\" content=\"1 minuto\" \/>\n<script type=\"application\/ld+json\" class=\"yoast-schema-graph\">{\"@context\":\"https:\/\/schema.org\",\"@graph\":[{\"@type\":\"WebPage\",\"@id\":\"https:\/\/www.imfapart.com\/productos\/filtros-industriales\/gas-filters\/pleated-fiberglass-filters\/\",\"url\":\"https:\/\/www.imfapart.com\/productos\/filtros-industriales\/gas-filters\/pleated-fiberglass-filters\/\",\"name\":\"Pleated Fiberglass Filters - IMFAPART | Industrial filtration and lubrication\",\"isPartOf\":{\"@id\":\"https:\/\/www.imfapart.com\/#website\"},\"primaryImageOfPage\":{\"@id\":\"https:\/\/www.imfapart.com\/productos\/filtros-industriales\/gas-filters\/pleated-fiberglass-filters\/#primaryimage\"},\"image\":{\"@id\":\"https:\/\/www.imfapart.com\/productos\/filtros-industriales\/gas-filters\/pleated-fiberglass-filters\/#primaryimage\"},\"thumbnailUrl\":\"https:\/\/www.imfapart.com\/wp-content\/uploads\/2025\/10\/Pleated-Coalescers-1.png\",\"datePublished\":\"2025-10-29T14:43:30+00:00\",\"dateModified\":\"2026-02-16T19:35:59+00:00\",\"description\":\"Pleated Fiberglass CoalescerFiltration Systems makes a wide range of fiberglass filter coalescers for natural gas purification.\",\"breadcrumb\":{\"@id\":\"https:\/\/www.imfapart.com\/productos\/filtros-industriales\/gas-filters\/pleated-fiberglass-filters\/#breadcrumb\"},\"inLanguage\":\"es-CO\",\"potentialAction\":[{\"@type\":\"ReadAction\",\"target\":[\"https:\/\/www.imfapart.com\/productos\/filtros-industriales\/gas-filters\/pleated-fiberglass-filters\/\"]}]},{\"@type\":\"ImageObject\",\"inLanguage\":\"es-CO\",\"@id\":\"https:\/\/www.imfapart.com\/productos\/filtros-industriales\/gas-filters\/pleated-fiberglass-filters\/#primaryimage\",\"url\":\"https:\/\/www.imfapart.com\/wp-content\/uploads\/2025\/10\/Pleated-Coalescers-1.png\",\"contentUrl\":\"https:\/\/www.imfapart.com\/wp-content\/uploads\/2025\/10\/Pleated-Coalescers-1.png\",\"width\":1654,\"height\":1654},{\"@type\":\"BreadcrumbList\",\"@id\":\"https:\/\/www.imfapart.com\/productos\/filtros-industriales\/gas-filters\/pleated-fiberglass-filters\/#breadcrumb\",\"itemListElement\":[{\"@type\":\"ListItem\",\"position\":1,\"name\":\"Inicio\",\"item\":\"https:\/\/www.imfapart.com\/\"},{\"@type\":\"ListItem\",\"position\":2,\"name\":\"Nuestros Productos\",\"item\":\"https:\/\/www.imfapart.com\/productos\/\"},{\"@type\":\"ListItem\",\"position\":3,\"name\":\"Pleated Fiberglass Filters\"}]},{\"@type\":\"WebSite\",\"@id\":\"https:\/\/www.imfapart.com\/#website\",\"url\":\"https:\/\/www.imfapart.com\/\",\"name\":\"IMFAPART | Industrial filtration and lubrication\",\"description\":\"We specialize in providing solutions to our clients, and our product range spans a varied selection, from filtration to industrial lubrication.\",\"publisher\":{\"@id\":\"https:\/\/www.imfapart.com\/#organization\"},\"potentialAction\":[{\"@type\":\"SearchAction\",\"target\":{\"@type\":\"EntryPoint\",\"urlTemplate\":\"https:\/\/www.imfapart.com\/?s={search_term_string}\"},\"query-input\":{\"@type\":\"PropertyValueSpecification\",\"valueRequired\":true,\"valueName\":\"search_term_string\"}}],\"inLanguage\":\"es-CO\"},{\"@type\":\"Organization\",\"@id\":\"https:\/\/www.imfapart.com\/#organization\",\"name\":\"IMFAPART | Industrial filtration and lubrication\",\"url\":\"https:\/\/www.imfapart.com\/\",\"logo\":{\"@type\":\"ImageObject\",\"inLanguage\":\"es-CO\",\"@id\":\"https:\/\/www.imfapart.com\/#\/schema\/logo\/image\/\",\"url\":\"https:\/\/www.imfapart.com\/wp-content\/uploads\/2023\/09\/Logo-IMFAPART.png\",\"contentUrl\":\"https:\/\/www.imfapart.com\/wp-content\/uploads\/2023\/09\/Logo-IMFAPART.png\",\"width\":350,\"height\":111,\"caption\":\"IMFAPART | Industrial filtration and lubrication\"},\"image\":{\"@id\":\"https:\/\/www.imfapart.com\/#\/schema\/logo\/image\/\"},\"sameAs\":[\"https:\/\/www.facebook.com\/profile.php?id=100078783627404\",\"https:\/\/www.instagram.com\/imfapart_hdp\/\"]}]}<\/script>\n<!-- \/ Yoast SEO plugin. -->","yoast_head_json":{"title":"Pleated Fiberglass Filters - IMFAPART | Industrial filtration and lubrication","description":"Pleated Fiberglass CoalescerFiltration Systems makes a wide range of fiberglass filter coalescers for natural gas purification.","robots":{"index":"index","follow":"follow","max-snippet":"max-snippet:-1","max-image-preview":"max-image-preview:large","max-video-preview":"max-video-preview:-1"},"canonical":"https:\/\/www.imfapart.com\/es\/productos\/filtros-industriales\/gas-filters\/pleated-fiberglass-filters\/","og_locale":"es_ES","og_type":"article","og_title":"Pleated Fiberglass Filters - IMFAPART | Industrial filtration and lubrication","og_description":"Pleated Fiberglass CoalescerFiltration Systems makes a wide range of fiberglass filter coalescers for natural gas purification.","og_url":"https:\/\/www.imfapart.com\/es\/productos\/filtros-industriales\/gas-filters\/pleated-fiberglass-filters\/","og_site_name":"IMFAPART | Industrial filtration and lubrication","article_publisher":"https:\/\/www.facebook.com\/profile.php?id=100078783627404","article_modified_time":"2026-02-16T19:35:59+00:00","og_image":[{"width":1654,"height":1654,"url":"http:\/\/www.imfapart.com\/wp-content\/uploads\/2025\/10\/Pleated-Coalescers-1.png","type":"image\/png"}],"twitter_card":"summary_large_image","twitter_misc":{"Tiempo de lectura":"1 minuto"},"schema":{"@context":"https:\/\/schema.org","@graph":[{"@type":"WebPage","@id":"https:\/\/www.imfapart.com\/productos\/filtros-industriales\/gas-filters\/pleated-fiberglass-filters\/","url":"https:\/\/www.imfapart.com\/productos\/filtros-industriales\/gas-filters\/pleated-fiberglass-filters\/","name":"Pleated Fiberglass Filters - IMFAPART | Industrial filtration and lubrication","isPartOf":{"@id":"https:\/\/www.imfapart.com\/#website"},"primaryImageOfPage":{"@id":"https:\/\/www.imfapart.com\/productos\/filtros-industriales\/gas-filters\/pleated-fiberglass-filters\/#primaryimage"},"image":{"@id":"https:\/\/www.imfapart.com\/productos\/filtros-industriales\/gas-filters\/pleated-fiberglass-filters\/#primaryimage"},"thumbnailUrl":"https:\/\/www.imfapart.com\/wp-content\/uploads\/2025\/10\/Pleated-Coalescers-1.png","datePublished":"2025-10-29T14:43:30+00:00","dateModified":"2026-02-16T19:35:59+00:00","description":"Pleated Fiberglass CoalescerFiltration Systems makes a wide range of fiberglass filter coalescers for natural gas purification.","breadcrumb":{"@id":"https:\/\/www.imfapart.com\/productos\/filtros-industriales\/gas-filters\/pleated-fiberglass-filters\/#breadcrumb"},"inLanguage":"es-CO","potentialAction":[{"@type":"ReadAction","target":["https:\/\/www.imfapart.com\/productos\/filtros-industriales\/gas-filters\/pleated-fiberglass-filters\/"]}]},{"@type":"ImageObject","inLanguage":"es-CO","@id":"https:\/\/www.imfapart.com\/productos\/filtros-industriales\/gas-filters\/pleated-fiberglass-filters\/#primaryimage","url":"https:\/\/www.imfapart.com\/wp-content\/uploads\/2025\/10\/Pleated-Coalescers-1.png","contentUrl":"https:\/\/www.imfapart.com\/wp-content\/uploads\/2025\/10\/Pleated-Coalescers-1.png","width":1654,"height":1654},{"@type":"BreadcrumbList","@id":"https:\/\/www.imfapart.com\/productos\/filtros-industriales\/gas-filters\/pleated-fiberglass-filters\/#breadcrumb","itemListElement":[{"@type":"ListItem","position":1,"name":"Inicio","item":"https:\/\/www.imfapart.com\/"},{"@type":"ListItem","position":2,"name":"Nuestros Productos","item":"https:\/\/www.imfapart.com\/productos\/"},{"@type":"ListItem","position":3,"name":"Pleated Fiberglass Filters"}]},{"@type":"WebSite","@id":"https:\/\/www.imfapart.com\/#website","url":"https:\/\/www.imfapart.com\/","name":"IMFAPART | Industrial filtration and lubrication","description":"We specialize in providing solutions to our clients, and our product range spans a varied selection, from filtration to industrial lubrication.","publisher":{"@id":"https:\/\/www.imfapart.com\/#organization"},"potentialAction":[{"@type":"SearchAction","target":{"@type":"EntryPoint","urlTemplate":"https:\/\/www.imfapart.com\/?s={search_term_string}"},"query-input":{"@type":"PropertyValueSpecification","valueRequired":true,"valueName":"search_term_string"}}],"inLanguage":"es-CO"},{"@type":"Organization","@id":"https:\/\/www.imfapart.com\/#organization","name":"IMFAPART | Industrial filtration and lubrication","url":"https:\/\/www.imfapart.com\/","logo":{"@type":"ImageObject","inLanguage":"es-CO","@id":"https:\/\/www.imfapart.com\/#\/schema\/logo\/image\/","url":"https:\/\/www.imfapart.com\/wp-content\/uploads\/2023\/09\/Logo-IMFAPART.png","contentUrl":"https:\/\/www.imfapart.com\/wp-content\/uploads\/2023\/09\/Logo-IMFAPART.png","width":350,"height":111,"caption":"IMFAPART | Industrial filtration and lubrication"},"image":{"@id":"https:\/\/www.imfapart.com\/#\/schema\/logo\/image\/"},"sameAs":["https:\/\/www.facebook.com\/profile.php?id=100078783627404","https:\/\/www.instagram.com\/imfapart_hdp\/"]}]}},"_links":{"self":[{"href":"https:\/\/www.imfapart.com\/es\/wp-json\/wp\/v2\/product\/48439","targetHints":{"allow":["GET"]}}],"collection":[{"href":"https:\/\/www.imfapart.com\/es\/wp-json\/wp\/v2\/product"}],"about":[{"href":"https:\/\/www.imfapart.com\/es\/wp-json\/wp\/v2\/types\/product"}],"wp:featuredmedia":[{"embeddable":true,"href":"https:\/\/www.imfapart.com\/es\/wp-json\/wp\/v2\/media\/50023"}],"wp:attachment":[{"href":"https:\/\/www.imfapart.com\/es\/wp-json\/wp\/v2\/media?parent=48439"}],"wp:term":[{"taxonomy":"product_brand","embeddable":true,"href":"https:\/\/www.imfapart.com\/es\/wp-json\/wp\/v2\/product_brand?post=48439"},{"taxonomy":"product_cat","embeddable":true,"href":"https:\/\/www.imfapart.com\/es\/wp-json\/wp\/v2\/product_cat?post=48439"},{"taxonomy":"product_tag","embeddable":true,"href":"https:\/\/www.imfapart.com\/es\/wp-json\/wp\/v2\/product_tag?post=48439"}],"curies":[{"name":"wp","href":"https:\/\/api.w.org\/{rel}","templated":true}]}}