{"id":48442,"date":"2025-10-29T09:51:18","date_gmt":"2025-10-29T14:51:18","guid":{"rendered":"https:\/\/www.imfapart.com\/?post_type=product&#038;p=48442"},"modified":"2025-12-10T10:28:51","modified_gmt":"2025-12-10T15:28:51","slug":"lubricantes-de-ferrocarril","status":"publish","type":"product","link":"https:\/\/www.imfapart.com\/es\/productos\/filtros-industriales\/liquid-filters\/lubricantes-de-ferrocarril\/","title":{"rendered":"Filtros de lubricaci\u00f3n para ferrocarriles"},"content":{"rendered":"<ul class=\"blue-list\">\n<li><strong>Dise\u00f1o Swirl Flow<\/strong><span>\u00a0<\/span>Los elementos filtrantes de profundidad Swirl Flow\u2122 patentados por Filtration Systems representan un importante avance en la tecnolog\u00eda de filtraci\u00f3n. Al alternar capas de medio filtrante de baja y alta densidad, y equilibrar la relaci\u00f3n entre flujo circunferencial y radial, las capas del medio se cargan progresivamente con suciedad, de manera similar a pelar una cebolla. El resultado es un filtro con vida \u00fatil extraordinariamente larga, dise\u00f1ado para ofrecer un rendimiento confiable a bajo costo. Nuestros elementos de filtraci\u00f3n de profundidad duran m\u00e1s y funcionan mejor que los elementos de papel plisado.<\/li>\n<li><strong>Medio de algod\u00f3n<\/strong><span>\u00a0<\/span>El di\u00e1metro fino de las fibras de algod\u00f3n y sus propiedades similares a la antofilita lo convierten en un medio ideal para la filtraci\u00f3n de hidrocarburos. En nuestros productos utilizamos \u00fanicamente fibras naturales de algod\u00f3n (no residuos textiles).<\/li>\n<li><strong>Fibra de madera local<\/strong><span>\u00a0<\/span>La madera absorbe agua y \u00e1cidos (lo que prolonga los intervalos de cambio del aceite lubricante) y mejora las caracter\u00edsticas de flujo del filtro. Nuestra madera se cultiva y procesa en Wisconsin, lo que permite un excelente control de costos.<\/li>\n<\/ul>","protected":false},"excerpt":{"rendered":"<p><span>La tecnolog\u00eda patentada \u201cSwirl Flow\u201d de Filtration Systems representa un avance revolucionario en el dise\u00f1o de filtros de profundidad, proporcionando vida \u00fatil excepcionalmente larga, alta eficiencia y baja restricci\u00f3n al flujo.\n\nLos filtros de aceite para locomotoras \u201cSwirl Flow\u201d combinan alta eficiencia y larga duraci\u00f3n con eliminaci\u00f3n de humedad, lo que ayuda a reducir la acumulaci\u00f3n de \u00e1cidos y lodos. Los intervalos de servicio de 180 d\u00edas aumentan la productividad y reducen los costos de mantenimiento.<\/span><\/p>","protected":false},"featured_media":48436,"template":"","meta":{"_joinchat":[]},"product_brand":[],"product_cat":[97],"product_tag":[],"class_list":{"0":"post-48442","1":"product","2":"type-product","3":"status-publish","4":"has-post-thumbnail","6":"product_cat-liquid-filters","8":"first","9":"instock","10":"shipping-taxable","11":"product-type-simple"},"yoast_head":"<!-- This site is optimized with the Yoast SEO plugin v26.2 - https:\/\/yoast.com\/wordpress\/plugins\/seo\/ -->\n<title>Railroad Lube Filters - IMFAPART | Industrial filtration and lubrication<\/title>\n<meta name=\"description\" content=\"Swirl Flow\u201d locomotive oil filters combine high efficiency and long-life with moisture removal to reduce acid and sludge build-up.\" \/>\n<meta name=\"robots\" content=\"index, follow, max-snippet:-1, max-image-preview:large, max-video-preview:-1\" \/>\n<link rel=\"canonical\" href=\"https:\/\/www.imfapart.com\/es\/productos\/filtros-industriales\/liquid-filters\/lubricantes-de-ferrocarril\/\" \/>\n<meta property=\"og:locale\" content=\"es_ES\" \/>\n<meta property=\"og:type\" content=\"article\" \/>\n<meta property=\"og:title\" content=\"Railroad Lube Filters - IMFAPART | Industrial filtration and lubrication\" \/>\n<meta property=\"og:description\" content=\"Swirl Flow\u201d locomotive oil filters combine high efficiency and long-life with moisture removal to reduce acid and sludge build-up.\" \/>\n<meta property=\"og:url\" content=\"https:\/\/www.imfapart.com\/es\/productos\/filtros-industriales\/liquid-filters\/lubricantes-de-ferrocarril\/\" \/>\n<meta property=\"og:site_name\" content=\"IMFAPART | Industrial filtration and lubrication\" \/>\n<meta property=\"article:publisher\" content=\"https:\/\/www.facebook.com\/profile.php?id=100078783627404\" \/>\n<meta property=\"article:modified_time\" content=\"2025-12-10T15:28:51+00:00\" \/>\n<meta property=\"og:image\" content=\"http:\/\/www.imfapart.com\/wp-content\/uploads\/2025\/10\/FILTROS-PARA-LUBRICANTES-DE-FERROCARRIL.jpg\" \/>\n\t<meta property=\"og:image:width\" content=\"710\" \/>\n\t<meta property=\"og:image:height\" content=\"427\" \/>\n\t<meta property=\"og:image:type\" content=\"image\/jpeg\" \/>\n<meta name=\"twitter:card\" content=\"summary_large_image\" \/>\n<meta name=\"twitter:label1\" content=\"Tiempo de lectura\" \/>\n\t<meta name=\"twitter:data1\" content=\"1 minuto\" \/>\n<script type=\"application\/ld+json\" class=\"yoast-schema-graph\">{\"@context\":\"https:\/\/schema.org\",\"@graph\":[{\"@type\":\"WebPage\",\"@id\":\"https:\/\/www.imfapart.com\/productos\/filtros-industriales\/liquid-filters\/lubricantes-de-ferrocarril\/\",\"url\":\"https:\/\/www.imfapart.com\/productos\/filtros-industriales\/liquid-filters\/lubricantes-de-ferrocarril\/\",\"name\":\"Railroad Lube Filters - IMFAPART | Industrial filtration and lubrication\",\"isPartOf\":{\"@id\":\"https:\/\/www.imfapart.com\/#website\"},\"primaryImageOfPage\":{\"@id\":\"https:\/\/www.imfapart.com\/productos\/filtros-industriales\/liquid-filters\/lubricantes-de-ferrocarril\/#primaryimage\"},\"image\":{\"@id\":\"https:\/\/www.imfapart.com\/productos\/filtros-industriales\/liquid-filters\/lubricantes-de-ferrocarril\/#primaryimage\"},\"thumbnailUrl\":\"https:\/\/www.imfapart.com\/wp-content\/uploads\/2025\/10\/FILTROS-PARA-LUBRICANTES-DE-FERROCARRIL.jpg\",\"datePublished\":\"2025-10-29T14:51:18+00:00\",\"dateModified\":\"2025-12-10T15:28:51+00:00\",\"description\":\"Swirl Flow\u201d locomotive oil filters combine high efficiency and long-life with moisture removal to reduce acid and sludge build-up.\",\"breadcrumb\":{\"@id\":\"https:\/\/www.imfapart.com\/productos\/filtros-industriales\/liquid-filters\/lubricantes-de-ferrocarril\/#breadcrumb\"},\"inLanguage\":\"es-CO\",\"potentialAction\":[{\"@type\":\"ReadAction\",\"target\":[\"https:\/\/www.imfapart.com\/productos\/filtros-industriales\/liquid-filters\/lubricantes-de-ferrocarril\/\"]}]},{\"@type\":\"ImageObject\",\"inLanguage\":\"es-CO\",\"@id\":\"https:\/\/www.imfapart.com\/productos\/filtros-industriales\/liquid-filters\/lubricantes-de-ferrocarril\/#primaryimage\",\"url\":\"https:\/\/www.imfapart.com\/wp-content\/uploads\/2025\/10\/FILTROS-PARA-LUBRICANTES-DE-FERROCARRIL.jpg\",\"contentUrl\":\"https:\/\/www.imfapart.com\/wp-content\/uploads\/2025\/10\/FILTROS-PARA-LUBRICANTES-DE-FERROCARRIL.jpg\",\"width\":710,\"height\":427},{\"@type\":\"BreadcrumbList\",\"@id\":\"https:\/\/www.imfapart.com\/productos\/filtros-industriales\/liquid-filters\/lubricantes-de-ferrocarril\/#breadcrumb\",\"itemListElement\":[{\"@type\":\"ListItem\",\"position\":1,\"name\":\"Inicio\",\"item\":\"https:\/\/www.imfapart.com\/\"},{\"@type\":\"ListItem\",\"position\":2,\"name\":\"Nuestros Productos\",\"item\":\"https:\/\/www.imfapart.com\/productos\/\"},{\"@type\":\"ListItem\",\"position\":3,\"name\":\"Railroad Lube Filters\"}]},{\"@type\":\"WebSite\",\"@id\":\"https:\/\/www.imfapart.com\/#website\",\"url\":\"https:\/\/www.imfapart.com\/\",\"name\":\"IMFAPART | Industrial filtration and lubrication\",\"description\":\"We specialize in providing solutions to our clients, and our product range spans a varied selection, from filtration to industrial lubrication.\",\"publisher\":{\"@id\":\"https:\/\/www.imfapart.com\/#organization\"},\"potentialAction\":[{\"@type\":\"SearchAction\",\"target\":{\"@type\":\"EntryPoint\",\"urlTemplate\":\"https:\/\/www.imfapart.com\/?s={search_term_string}\"},\"query-input\":{\"@type\":\"PropertyValueSpecification\",\"valueRequired\":true,\"valueName\":\"search_term_string\"}}],\"inLanguage\":\"es-CO\"},{\"@type\":\"Organization\",\"@id\":\"https:\/\/www.imfapart.com\/#organization\",\"name\":\"IMFAPART | Industrial filtration and lubrication\",\"url\":\"https:\/\/www.imfapart.com\/\",\"logo\":{\"@type\":\"ImageObject\",\"inLanguage\":\"es-CO\",\"@id\":\"https:\/\/www.imfapart.com\/#\/schema\/logo\/image\/\",\"url\":\"https:\/\/www.imfapart.com\/wp-content\/uploads\/2023\/09\/Logo-IMFAPART.png\",\"contentUrl\":\"https:\/\/www.imfapart.com\/wp-content\/uploads\/2023\/09\/Logo-IMFAPART.png\",\"width\":350,\"height\":111,\"caption\":\"IMFAPART | Industrial filtration and lubrication\"},\"image\":{\"@id\":\"https:\/\/www.imfapart.com\/#\/schema\/logo\/image\/\"},\"sameAs\":[\"https:\/\/www.facebook.com\/profile.php?id=100078783627404\",\"https:\/\/www.instagram.com\/imfapart_hdp\/\"]}]}<\/script>\n<!-- \/ Yoast SEO plugin. -->","yoast_head_json":{"title":"Railroad Lube Filters - IMFAPART | Industrial filtration and lubrication","description":"Swirl Flow\u201d locomotive oil filters combine high efficiency and long-life with moisture removal to reduce acid and sludge build-up.","robots":{"index":"index","follow":"follow","max-snippet":"max-snippet:-1","max-image-preview":"max-image-preview:large","max-video-preview":"max-video-preview:-1"},"canonical":"https:\/\/www.imfapart.com\/es\/productos\/filtros-industriales\/liquid-filters\/lubricantes-de-ferrocarril\/","og_locale":"es_ES","og_type":"article","og_title":"Railroad Lube Filters - IMFAPART | Industrial filtration and lubrication","og_description":"Swirl Flow\u201d locomotive oil filters combine high efficiency and long-life with moisture removal to reduce acid and sludge build-up.","og_url":"https:\/\/www.imfapart.com\/es\/productos\/filtros-industriales\/liquid-filters\/lubricantes-de-ferrocarril\/","og_site_name":"IMFAPART | Industrial filtration and lubrication","article_publisher":"https:\/\/www.facebook.com\/profile.php?id=100078783627404","article_modified_time":"2025-12-10T15:28:51+00:00","og_image":[{"width":710,"height":427,"url":"http:\/\/www.imfapart.com\/wp-content\/uploads\/2025\/10\/FILTROS-PARA-LUBRICANTES-DE-FERROCARRIL.jpg","type":"image\/jpeg"}],"twitter_card":"summary_large_image","twitter_misc":{"Tiempo de lectura":"1 minuto"},"schema":{"@context":"https:\/\/schema.org","@graph":[{"@type":"WebPage","@id":"https:\/\/www.imfapart.com\/productos\/filtros-industriales\/liquid-filters\/lubricantes-de-ferrocarril\/","url":"https:\/\/www.imfapart.com\/productos\/filtros-industriales\/liquid-filters\/lubricantes-de-ferrocarril\/","name":"Railroad Lube Filters - IMFAPART | Industrial filtration and lubrication","isPartOf":{"@id":"https:\/\/www.imfapart.com\/#website"},"primaryImageOfPage":{"@id":"https:\/\/www.imfapart.com\/productos\/filtros-industriales\/liquid-filters\/lubricantes-de-ferrocarril\/#primaryimage"},"image":{"@id":"https:\/\/www.imfapart.com\/productos\/filtros-industriales\/liquid-filters\/lubricantes-de-ferrocarril\/#primaryimage"},"thumbnailUrl":"https:\/\/www.imfapart.com\/wp-content\/uploads\/2025\/10\/FILTROS-PARA-LUBRICANTES-DE-FERROCARRIL.jpg","datePublished":"2025-10-29T14:51:18+00:00","dateModified":"2025-12-10T15:28:51+00:00","description":"Swirl Flow\u201d locomotive oil filters combine high efficiency and long-life with moisture removal to reduce acid and sludge build-up.","breadcrumb":{"@id":"https:\/\/www.imfapart.com\/productos\/filtros-industriales\/liquid-filters\/lubricantes-de-ferrocarril\/#breadcrumb"},"inLanguage":"es-CO","potentialAction":[{"@type":"ReadAction","target":["https:\/\/www.imfapart.com\/productos\/filtros-industriales\/liquid-filters\/lubricantes-de-ferrocarril\/"]}]},{"@type":"ImageObject","inLanguage":"es-CO","@id":"https:\/\/www.imfapart.com\/productos\/filtros-industriales\/liquid-filters\/lubricantes-de-ferrocarril\/#primaryimage","url":"https:\/\/www.imfapart.com\/wp-content\/uploads\/2025\/10\/FILTROS-PARA-LUBRICANTES-DE-FERROCARRIL.jpg","contentUrl":"https:\/\/www.imfapart.com\/wp-content\/uploads\/2025\/10\/FILTROS-PARA-LUBRICANTES-DE-FERROCARRIL.jpg","width":710,"height":427},{"@type":"BreadcrumbList","@id":"https:\/\/www.imfapart.com\/productos\/filtros-industriales\/liquid-filters\/lubricantes-de-ferrocarril\/#breadcrumb","itemListElement":[{"@type":"ListItem","position":1,"name":"Inicio","item":"https:\/\/www.imfapart.com\/"},{"@type":"ListItem","position":2,"name":"Nuestros Productos","item":"https:\/\/www.imfapart.com\/productos\/"},{"@type":"ListItem","position":3,"name":"Railroad Lube Filters"}]},{"@type":"WebSite","@id":"https:\/\/www.imfapart.com\/#website","url":"https:\/\/www.imfapart.com\/","name":"IMFAPART | Industrial filtration and lubrication","description":"We specialize in providing solutions to our clients, and our product range spans a varied selection, from filtration to industrial lubrication.","publisher":{"@id":"https:\/\/www.imfapart.com\/#organization"},"potentialAction":[{"@type":"SearchAction","target":{"@type":"EntryPoint","urlTemplate":"https:\/\/www.imfapart.com\/?s={search_term_string}"},"query-input":{"@type":"PropertyValueSpecification","valueRequired":true,"valueName":"search_term_string"}}],"inLanguage":"es-CO"},{"@type":"Organization","@id":"https:\/\/www.imfapart.com\/#organization","name":"IMFAPART | Industrial filtration and lubrication","url":"https:\/\/www.imfapart.com\/","logo":{"@type":"ImageObject","inLanguage":"es-CO","@id":"https:\/\/www.imfapart.com\/#\/schema\/logo\/image\/","url":"https:\/\/www.imfapart.com\/wp-content\/uploads\/2023\/09\/Logo-IMFAPART.png","contentUrl":"https:\/\/www.imfapart.com\/wp-content\/uploads\/2023\/09\/Logo-IMFAPART.png","width":350,"height":111,"caption":"IMFAPART | Industrial filtration and lubrication"},"image":{"@id":"https:\/\/www.imfapart.com\/#\/schema\/logo\/image\/"},"sameAs":["https:\/\/www.facebook.com\/profile.php?id=100078783627404","https:\/\/www.instagram.com\/imfapart_hdp\/"]}]}},"_links":{"self":[{"href":"https:\/\/www.imfapart.com\/es\/wp-json\/wp\/v2\/product\/48442","targetHints":{"allow":["GET"]}}],"collection":[{"href":"https:\/\/www.imfapart.com\/es\/wp-json\/wp\/v2\/product"}],"about":[{"href":"https:\/\/www.imfapart.com\/es\/wp-json\/wp\/v2\/types\/product"}],"wp:featuredmedia":[{"embeddable":true,"href":"https:\/\/www.imfapart.com\/es\/wp-json\/wp\/v2\/media\/48436"}],"wp:attachment":[{"href":"https:\/\/www.imfapart.com\/es\/wp-json\/wp\/v2\/media?parent=48442"}],"wp:term":[{"taxonomy":"product_brand","embeddable":true,"href":"https:\/\/www.imfapart.com\/es\/wp-json\/wp\/v2\/product_brand?post=48442"},{"taxonomy":"product_cat","embeddable":true,"href":"https:\/\/www.imfapart.com\/es\/wp-json\/wp\/v2\/product_cat?post=48442"},{"taxonomy":"product_tag","embeddable":true,"href":"https:\/\/www.imfapart.com\/es\/wp-json\/wp\/v2\/product_tag?post=48442"}],"curies":[{"name":"wp","href":"https:\/\/api.w.org\/{rel}","templated":true}]}}