{"id":48459,"date":"2025-10-29T10:08:38","date_gmt":"2025-10-29T15:08:38","guid":{"rendered":"https:\/\/www.imfapart.com\/?post_type=product&#038;p=48459"},"modified":"2025-12-10T11:20:46","modified_gmt":"2025-12-10T16:20:46","slug":"grasa-rodamientos-blanca-sintaplex-hs","status":"publish","type":"product","link":"https:\/\/www.imfapart.com\/es\/productos\/lubricacion\/bearing\/grasa-rodamientos-blanca-sintaplex-hs\/","title":{"rendered":"Sintaplex Hs"},"content":{"rendered":"<h4 class=\"card-title titulo_card_producto\"><span dir=\"auto\">Grease for high-speed bearings in electric motors.<\/span><\/h4>\n<p class=\"card-text texto_card_producto footer_elimina_tam_escritorio\"><span dir=\"auto\">Proteja sus rodamientos que operan a velocidades medias y altas en motores el\u00e9ctricos, bombas y ventiladores que requieren largos per\u00edodos de lubricaci\u00f3n.<\/span><\/p>","protected":false},"excerpt":{"rendered":"<p><span dir=\"auto\">Proteja sus rodamientos que operan a velocidades medias y altas en motores el\u00e9ctricos, bombas y ventiladores que requieren largos per\u00edodos de lubricaci\u00f3n.<\/span><\/p>","protected":false},"featured_media":48456,"template":"","meta":{"_joinchat":[]},"product_brand":[],"product_cat":[103],"product_tag":[],"class_list":{"0":"post-48459","1":"product","2":"type-product","3":"status-publish","4":"has-post-thumbnail","6":"product_cat-bearing","8":"first","9":"instock","10":"shipping-taxable","11":"product-type-simple"},"yoast_head":"<!-- This site is optimized with the Yoast SEO plugin v26.2 - https:\/\/yoast.com\/wordpress\/plugins\/seo\/ -->\n<title>Sintaplex Hs - IMFAPART | Industrial filtration and lubrication<\/title>\n<meta name=\"description\" content=\"Grease for high-speed bearings in electric motors.\" \/>\n<meta name=\"robots\" content=\"index, follow, max-snippet:-1, max-image-preview:large, max-video-preview:-1\" \/>\n<link rel=\"canonical\" href=\"https:\/\/www.imfapart.com\/es\/productos\/lubricacion\/bearing\/grasa-rodamientos-blanca-sintaplex-hs\/\" \/>\n<meta property=\"og:locale\" content=\"es_ES\" \/>\n<meta property=\"og:type\" content=\"article\" \/>\n<meta property=\"og:title\" content=\"Sintaplex Hs - IMFAPART | Industrial filtration and lubrication\" \/>\n<meta property=\"og:description\" content=\"Grease for high-speed bearings in electric motors.\" \/>\n<meta property=\"og:url\" content=\"https:\/\/www.imfapart.com\/es\/productos\/lubricacion\/bearing\/grasa-rodamientos-blanca-sintaplex-hs\/\" \/>\n<meta property=\"og:site_name\" content=\"IMFAPART | Industrial filtration and lubrication\" \/>\n<meta property=\"article:publisher\" content=\"https:\/\/www.facebook.com\/profile.php?id=100078783627404\" \/>\n<meta property=\"article:modified_time\" content=\"2025-12-10T16:20:46+00:00\" \/>\n<meta property=\"og:image\" content=\"http:\/\/www.imfapart.com\/wp-content\/uploads\/2025\/10\/grasa-rodamientos-blanca-sintaplex-hs.png\" \/>\n\t<meta property=\"og:image:width\" content=\"300\" \/>\n\t<meta property=\"og:image:height\" content=\"366\" \/>\n\t<meta property=\"og:image:type\" content=\"image\/png\" \/>\n<meta name=\"twitter:card\" content=\"summary_large_image\" \/>\n<meta name=\"twitter:label1\" content=\"Tiempo de lectura\" \/>\n\t<meta name=\"twitter:data1\" content=\"1 minuto\" \/>\n<script type=\"application\/ld+json\" class=\"yoast-schema-graph\">{\"@context\":\"https:\/\/schema.org\",\"@graph\":[{\"@type\":\"WebPage\",\"@id\":\"https:\/\/www.imfapart.com\/productos\/lubricacion\/bearing\/grasa-rodamientos-blanca-sintaplex-hs\/\",\"url\":\"https:\/\/www.imfapart.com\/productos\/lubricacion\/bearing\/grasa-rodamientos-blanca-sintaplex-hs\/\",\"name\":\"Sintaplex Hs - IMFAPART | Industrial filtration and lubrication\",\"isPartOf\":{\"@id\":\"https:\/\/www.imfapart.com\/#website\"},\"primaryImageOfPage\":{\"@id\":\"https:\/\/www.imfapart.com\/productos\/lubricacion\/bearing\/grasa-rodamientos-blanca-sintaplex-hs\/#primaryimage\"},\"image\":{\"@id\":\"https:\/\/www.imfapart.com\/productos\/lubricacion\/bearing\/grasa-rodamientos-blanca-sintaplex-hs\/#primaryimage\"},\"thumbnailUrl\":\"https:\/\/www.imfapart.com\/wp-content\/uploads\/2025\/10\/grasa-rodamientos-blanca-sintaplex-hs.png\",\"datePublished\":\"2025-10-29T15:08:38+00:00\",\"dateModified\":\"2025-12-10T16:20:46+00:00\",\"description\":\"Grease for high-speed bearings in electric motors.\",\"breadcrumb\":{\"@id\":\"https:\/\/www.imfapart.com\/productos\/lubricacion\/bearing\/grasa-rodamientos-blanca-sintaplex-hs\/#breadcrumb\"},\"inLanguage\":\"es-CO\",\"potentialAction\":[{\"@type\":\"ReadAction\",\"target\":[\"https:\/\/www.imfapart.com\/productos\/lubricacion\/bearing\/grasa-rodamientos-blanca-sintaplex-hs\/\"]}]},{\"@type\":\"ImageObject\",\"inLanguage\":\"es-CO\",\"@id\":\"https:\/\/www.imfapart.com\/productos\/lubricacion\/bearing\/grasa-rodamientos-blanca-sintaplex-hs\/#primaryimage\",\"url\":\"https:\/\/www.imfapart.com\/wp-content\/uploads\/2025\/10\/grasa-rodamientos-blanca-sintaplex-hs.png\",\"contentUrl\":\"https:\/\/www.imfapart.com\/wp-content\/uploads\/2025\/10\/grasa-rodamientos-blanca-sintaplex-hs.png\",\"width\":300,\"height\":366},{\"@type\":\"BreadcrumbList\",\"@id\":\"https:\/\/www.imfapart.com\/productos\/lubricacion\/bearing\/grasa-rodamientos-blanca-sintaplex-hs\/#breadcrumb\",\"itemListElement\":[{\"@type\":\"ListItem\",\"position\":1,\"name\":\"Inicio\",\"item\":\"https:\/\/www.imfapart.com\/\"},{\"@type\":\"ListItem\",\"position\":2,\"name\":\"Nuestros Productos\",\"item\":\"https:\/\/www.imfapart.com\/productos\/\"},{\"@type\":\"ListItem\",\"position\":3,\"name\":\"Sintaplex Hs\"}]},{\"@type\":\"WebSite\",\"@id\":\"https:\/\/www.imfapart.com\/#website\",\"url\":\"https:\/\/www.imfapart.com\/\",\"name\":\"IMFAPART | Industrial filtration and lubrication\",\"description\":\"We specialize in providing solutions to our clients, and our product range spans a varied selection, from filtration to industrial lubrication.\",\"publisher\":{\"@id\":\"https:\/\/www.imfapart.com\/#organization\"},\"potentialAction\":[{\"@type\":\"SearchAction\",\"target\":{\"@type\":\"EntryPoint\",\"urlTemplate\":\"https:\/\/www.imfapart.com\/?s={search_term_string}\"},\"query-input\":{\"@type\":\"PropertyValueSpecification\",\"valueRequired\":true,\"valueName\":\"search_term_string\"}}],\"inLanguage\":\"es-CO\"},{\"@type\":\"Organization\",\"@id\":\"https:\/\/www.imfapart.com\/#organization\",\"name\":\"IMFAPART | Industrial filtration and lubrication\",\"url\":\"https:\/\/www.imfapart.com\/\",\"logo\":{\"@type\":\"ImageObject\",\"inLanguage\":\"es-CO\",\"@id\":\"https:\/\/www.imfapart.com\/#\/schema\/logo\/image\/\",\"url\":\"https:\/\/www.imfapart.com\/wp-content\/uploads\/2023\/09\/Logo-IMFAPART.png\",\"contentUrl\":\"https:\/\/www.imfapart.com\/wp-content\/uploads\/2023\/09\/Logo-IMFAPART.png\",\"width\":350,\"height\":111,\"caption\":\"IMFAPART | Industrial filtration and lubrication\"},\"image\":{\"@id\":\"https:\/\/www.imfapart.com\/#\/schema\/logo\/image\/\"},\"sameAs\":[\"https:\/\/www.facebook.com\/profile.php?id=100078783627404\",\"https:\/\/www.instagram.com\/imfapart_hdp\/\"]}]}<\/script>\n<!-- \/ Yoast SEO plugin. -->","yoast_head_json":{"title":"Sintaplex Hs - IMFAPART | Industrial filtration and lubrication","description":"Grease for high-speed bearings in electric motors.","robots":{"index":"index","follow":"follow","max-snippet":"max-snippet:-1","max-image-preview":"max-image-preview:large","max-video-preview":"max-video-preview:-1"},"canonical":"https:\/\/www.imfapart.com\/es\/productos\/lubricacion\/bearing\/grasa-rodamientos-blanca-sintaplex-hs\/","og_locale":"es_ES","og_type":"article","og_title":"Sintaplex Hs - IMFAPART | Industrial filtration and lubrication","og_description":"Grease for high-speed bearings in electric motors.","og_url":"https:\/\/www.imfapart.com\/es\/productos\/lubricacion\/bearing\/grasa-rodamientos-blanca-sintaplex-hs\/","og_site_name":"IMFAPART | Industrial filtration and lubrication","article_publisher":"https:\/\/www.facebook.com\/profile.php?id=100078783627404","article_modified_time":"2025-12-10T16:20:46+00:00","og_image":[{"width":300,"height":366,"url":"http:\/\/www.imfapart.com\/wp-content\/uploads\/2025\/10\/grasa-rodamientos-blanca-sintaplex-hs.png","type":"image\/png"}],"twitter_card":"summary_large_image","twitter_misc":{"Tiempo de lectura":"1 minuto"},"schema":{"@context":"https:\/\/schema.org","@graph":[{"@type":"WebPage","@id":"https:\/\/www.imfapart.com\/productos\/lubricacion\/bearing\/grasa-rodamientos-blanca-sintaplex-hs\/","url":"https:\/\/www.imfapart.com\/productos\/lubricacion\/bearing\/grasa-rodamientos-blanca-sintaplex-hs\/","name":"Sintaplex Hs - IMFAPART | Industrial filtration and lubrication","isPartOf":{"@id":"https:\/\/www.imfapart.com\/#website"},"primaryImageOfPage":{"@id":"https:\/\/www.imfapart.com\/productos\/lubricacion\/bearing\/grasa-rodamientos-blanca-sintaplex-hs\/#primaryimage"},"image":{"@id":"https:\/\/www.imfapart.com\/productos\/lubricacion\/bearing\/grasa-rodamientos-blanca-sintaplex-hs\/#primaryimage"},"thumbnailUrl":"https:\/\/www.imfapart.com\/wp-content\/uploads\/2025\/10\/grasa-rodamientos-blanca-sintaplex-hs.png","datePublished":"2025-10-29T15:08:38+00:00","dateModified":"2025-12-10T16:20:46+00:00","description":"Grease for high-speed bearings in electric motors.","breadcrumb":{"@id":"https:\/\/www.imfapart.com\/productos\/lubricacion\/bearing\/grasa-rodamientos-blanca-sintaplex-hs\/#breadcrumb"},"inLanguage":"es-CO","potentialAction":[{"@type":"ReadAction","target":["https:\/\/www.imfapart.com\/productos\/lubricacion\/bearing\/grasa-rodamientos-blanca-sintaplex-hs\/"]}]},{"@type":"ImageObject","inLanguage":"es-CO","@id":"https:\/\/www.imfapart.com\/productos\/lubricacion\/bearing\/grasa-rodamientos-blanca-sintaplex-hs\/#primaryimage","url":"https:\/\/www.imfapart.com\/wp-content\/uploads\/2025\/10\/grasa-rodamientos-blanca-sintaplex-hs.png","contentUrl":"https:\/\/www.imfapart.com\/wp-content\/uploads\/2025\/10\/grasa-rodamientos-blanca-sintaplex-hs.png","width":300,"height":366},{"@type":"BreadcrumbList","@id":"https:\/\/www.imfapart.com\/productos\/lubricacion\/bearing\/grasa-rodamientos-blanca-sintaplex-hs\/#breadcrumb","itemListElement":[{"@type":"ListItem","position":1,"name":"Inicio","item":"https:\/\/www.imfapart.com\/"},{"@type":"ListItem","position":2,"name":"Nuestros Productos","item":"https:\/\/www.imfapart.com\/productos\/"},{"@type":"ListItem","position":3,"name":"Sintaplex Hs"}]},{"@type":"WebSite","@id":"https:\/\/www.imfapart.com\/#website","url":"https:\/\/www.imfapart.com\/","name":"IMFAPART | Industrial filtration and lubrication","description":"We specialize in providing solutions to our clients, and our product range spans a varied selection, from filtration to industrial lubrication.","publisher":{"@id":"https:\/\/www.imfapart.com\/#organization"},"potentialAction":[{"@type":"SearchAction","target":{"@type":"EntryPoint","urlTemplate":"https:\/\/www.imfapart.com\/?s={search_term_string}"},"query-input":{"@type":"PropertyValueSpecification","valueRequired":true,"valueName":"search_term_string"}}],"inLanguage":"es-CO"},{"@type":"Organization","@id":"https:\/\/www.imfapart.com\/#organization","name":"IMFAPART | Industrial filtration and lubrication","url":"https:\/\/www.imfapart.com\/","logo":{"@type":"ImageObject","inLanguage":"es-CO","@id":"https:\/\/www.imfapart.com\/#\/schema\/logo\/image\/","url":"https:\/\/www.imfapart.com\/wp-content\/uploads\/2023\/09\/Logo-IMFAPART.png","contentUrl":"https:\/\/www.imfapart.com\/wp-content\/uploads\/2023\/09\/Logo-IMFAPART.png","width":350,"height":111,"caption":"IMFAPART | Industrial filtration and lubrication"},"image":{"@id":"https:\/\/www.imfapart.com\/#\/schema\/logo\/image\/"},"sameAs":["https:\/\/www.facebook.com\/profile.php?id=100078783627404","https:\/\/www.instagram.com\/imfapart_hdp\/"]}]}},"_links":{"self":[{"href":"https:\/\/www.imfapart.com\/es\/wp-json\/wp\/v2\/product\/48459","targetHints":{"allow":["GET"]}}],"collection":[{"href":"https:\/\/www.imfapart.com\/es\/wp-json\/wp\/v2\/product"}],"about":[{"href":"https:\/\/www.imfapart.com\/es\/wp-json\/wp\/v2\/types\/product"}],"wp:featuredmedia":[{"embeddable":true,"href":"https:\/\/www.imfapart.com\/es\/wp-json\/wp\/v2\/media\/48456"}],"wp:attachment":[{"href":"https:\/\/www.imfapart.com\/es\/wp-json\/wp\/v2\/media?parent=48459"}],"wp:term":[{"taxonomy":"product_brand","embeddable":true,"href":"https:\/\/www.imfapart.com\/es\/wp-json\/wp\/v2\/product_brand?post=48459"},{"taxonomy":"product_cat","embeddable":true,"href":"https:\/\/www.imfapart.com\/es\/wp-json\/wp\/v2\/product_cat?post=48459"},{"taxonomy":"product_tag","embeddable":true,"href":"https:\/\/www.imfapart.com\/es\/wp-json\/wp\/v2\/product_tag?post=48459"}],"curies":[{"name":"wp","href":"https:\/\/api.w.org\/{rel}","templated":true}]}}