{"id":48530,"date":"2025-10-29T11:21:35","date_gmt":"2025-10-29T16:21:35","guid":{"rendered":"https:\/\/www.imfapart.com\/?post_type=product&#038;p=48530"},"modified":"2026-03-13T14:45:24","modified_gmt":"2026-03-13T19:45:24","slug":"polea-en-v","status":"publish","type":"product","link":"https:\/\/www.imfapart.com\/es\/productos\/transmision-de-potencia\/poleas\/polea-en-v\/","title":{"rendered":"Poleas en V"},"content":{"rendered":"<p>La traducci\u00f3n al espa\u00f1ol de la frase es:\n\nLa polea en V presenta ranuras en forma de 'V' que coinciden con precisi\u00f3n con el perfil de la correa, aumentando la fricci\u00f3n y evitando el deslizamiento durante la transmisi\u00f3n de potencia. Este dise\u00f1o permite un acoplamiento firme y estable con una excelente eficiencia energ\u00e9tica.<br data-start=\"573\" data-end=\"576\" \/>Fabricadas con materiales como hierro fundido, acero o aluminio, las poleas en V pueden tener una o varias gargantas, dependiendo del n\u00famero de correas que requiera el sistema. Adem\u00e1s, pueden incluir bujes c\u00f3nicos o mecanizados para facilitar el montaje y mejorar la alineaci\u00f3n del eje.<br data-start=\"858\" data-end=\"861\" \/>Es ideal para motores el\u00e9ctricos, compresores, bombas, transportadores y maquinaria en general<br data-start=\"971\" data-end=\"974\" \/>La polea en V se destaca por su durabilidad, facilidad de mantenimiento y su capacidad para transmitir altos niveles de potencia con un funcionamiento suave y fiable.<\/p>","protected":false},"excerpt":{"rendered":"<p>La polea en V es un componente de transmisi\u00f3n de potencia dise\u00f1ado para funcionar con correas en V, asegurando una operaci\u00f3n eficiente, silenciosa y de bajo mantenimiento. Es ideal para aplicaciones industriales, agr\u00edcolas y automotrices.<\/p>","protected":false},"featured_media":50492,"template":"","meta":{"_joinchat":[]},"product_brand":[],"product_cat":[93,114],"product_tag":[],"class_list":{"0":"post-48530","1":"product","2":"type-product","3":"status-publish","4":"has-post-thumbnail","6":"product_cat-transmision-de-potencia","7":"product_cat-poleas","9":"first","10":"instock","11":"shipping-taxable","12":"product-type-simple"},"yoast_head":"<!-- This site is optimized with the Yoast SEO plugin v26.2 - https:\/\/yoast.com\/wordpress\/plugins\/seo\/ -->\n<title>V Pulleys - IMFAPART | Industrial filtration and lubrication<\/title>\n<meta name=\"robots\" content=\"index, follow, max-snippet:-1, max-image-preview:large, max-video-preview:-1\" \/>\n<link rel=\"canonical\" href=\"https:\/\/www.imfapart.com\/es\/productos\/transmision-de-potencia\/poleas\/polea-en-v\/\" \/>\n<meta property=\"og:locale\" content=\"es_ES\" \/>\n<meta property=\"og:type\" content=\"article\" \/>\n<meta property=\"og:title\" content=\"V Pulleys - IMFAPART | Industrial filtration and lubrication\" \/>\n<meta property=\"og:description\" content=\"The V pulley is a power transmission component designed to work with V-belts, ensuring efficient, quiet, and low-maintenance operation. It is ideal for industrial, agricultural, and automotive applications.\" \/>\n<meta property=\"og:url\" content=\"https:\/\/www.imfapart.com\/es\/productos\/transmision-de-potencia\/poleas\/polea-en-v\/\" \/>\n<meta property=\"og:site_name\" content=\"IMFAPART | Industrial filtration and lubrication\" \/>\n<meta property=\"article:publisher\" content=\"https:\/\/www.facebook.com\/profile.php?id=100078783627404\" \/>\n<meta property=\"article:modified_time\" content=\"2026-03-13T19:45:24+00:00\" \/>\n<meta property=\"og:image\" content=\"http:\/\/www.imfapart.com\/wp-content\/uploads\/2025\/10\/V-Pulley.png\" \/>\n\t<meta property=\"og:image:width\" content=\"500\" \/>\n\t<meta property=\"og:image:height\" content=\"500\" \/>\n\t<meta property=\"og:image:type\" content=\"image\/png\" \/>\n<meta name=\"twitter:card\" content=\"summary_large_image\" \/>\n<meta name=\"twitter:label1\" content=\"Tiempo de lectura\" \/>\n\t<meta name=\"twitter:data1\" content=\"1 minuto\" \/>\n<script type=\"application\/ld+json\" class=\"yoast-schema-graph\">{\"@context\":\"https:\/\/schema.org\",\"@graph\":[{\"@type\":\"WebPage\",\"@id\":\"https:\/\/www.imfapart.com\/productos\/transmision-de-potencia\/poleas\/polea-en-v\/\",\"url\":\"https:\/\/www.imfapart.com\/productos\/transmision-de-potencia\/poleas\/polea-en-v\/\",\"name\":\"V Pulleys - IMFAPART | Industrial filtration and lubrication\",\"isPartOf\":{\"@id\":\"https:\/\/www.imfapart.com\/#website\"},\"primaryImageOfPage\":{\"@id\":\"https:\/\/www.imfapart.com\/productos\/transmision-de-potencia\/poleas\/polea-en-v\/#primaryimage\"},\"image\":{\"@id\":\"https:\/\/www.imfapart.com\/productos\/transmision-de-potencia\/poleas\/polea-en-v\/#primaryimage\"},\"thumbnailUrl\":\"https:\/\/www.imfapart.com\/wp-content\/uploads\/2025\/10\/V-Pulley.png\",\"datePublished\":\"2025-10-29T16:21:35+00:00\",\"dateModified\":\"2026-03-13T19:45:24+00:00\",\"breadcrumb\":{\"@id\":\"https:\/\/www.imfapart.com\/productos\/transmision-de-potencia\/poleas\/polea-en-v\/#breadcrumb\"},\"inLanguage\":\"es-CO\",\"potentialAction\":[{\"@type\":\"ReadAction\",\"target\":[\"https:\/\/www.imfapart.com\/productos\/transmision-de-potencia\/poleas\/polea-en-v\/\"]}]},{\"@type\":\"ImageObject\",\"inLanguage\":\"es-CO\",\"@id\":\"https:\/\/www.imfapart.com\/productos\/transmision-de-potencia\/poleas\/polea-en-v\/#primaryimage\",\"url\":\"https:\/\/www.imfapart.com\/wp-content\/uploads\/2025\/10\/V-Pulley.png\",\"contentUrl\":\"https:\/\/www.imfapart.com\/wp-content\/uploads\/2025\/10\/V-Pulley.png\",\"width\":500,\"height\":500},{\"@type\":\"BreadcrumbList\",\"@id\":\"https:\/\/www.imfapart.com\/productos\/transmision-de-potencia\/poleas\/polea-en-v\/#breadcrumb\",\"itemListElement\":[{\"@type\":\"ListItem\",\"position\":1,\"name\":\"Inicio\",\"item\":\"https:\/\/www.imfapart.com\/\"},{\"@type\":\"ListItem\",\"position\":2,\"name\":\"Nuestros Productos\",\"item\":\"https:\/\/www.imfapart.com\/productos\/\"},{\"@type\":\"ListItem\",\"position\":3,\"name\":\"V Pulleys\"}]},{\"@type\":\"WebSite\",\"@id\":\"https:\/\/www.imfapart.com\/#website\",\"url\":\"https:\/\/www.imfapart.com\/\",\"name\":\"IMFAPART | Industrial filtration and lubrication\",\"description\":\"We specialize in providing solutions to our clients, and our product range spans a varied selection, from filtration to industrial lubrication.\",\"publisher\":{\"@id\":\"https:\/\/www.imfapart.com\/#organization\"},\"potentialAction\":[{\"@type\":\"SearchAction\",\"target\":{\"@type\":\"EntryPoint\",\"urlTemplate\":\"https:\/\/www.imfapart.com\/?s={search_term_string}\"},\"query-input\":{\"@type\":\"PropertyValueSpecification\",\"valueRequired\":true,\"valueName\":\"search_term_string\"}}],\"inLanguage\":\"es-CO\"},{\"@type\":\"Organization\",\"@id\":\"https:\/\/www.imfapart.com\/#organization\",\"name\":\"IMFAPART | Industrial filtration and lubrication\",\"url\":\"https:\/\/www.imfapart.com\/\",\"logo\":{\"@type\":\"ImageObject\",\"inLanguage\":\"es-CO\",\"@id\":\"https:\/\/www.imfapart.com\/#\/schema\/logo\/image\/\",\"url\":\"https:\/\/www.imfapart.com\/wp-content\/uploads\/2023\/09\/Logo-IMFAPART.png\",\"contentUrl\":\"https:\/\/www.imfapart.com\/wp-content\/uploads\/2023\/09\/Logo-IMFAPART.png\",\"width\":350,\"height\":111,\"caption\":\"IMFAPART | Industrial filtration and lubrication\"},\"image\":{\"@id\":\"https:\/\/www.imfapart.com\/#\/schema\/logo\/image\/\"},\"sameAs\":[\"https:\/\/www.facebook.com\/profile.php?id=100078783627404\",\"https:\/\/www.instagram.com\/imfapart_hdp\/\"]}]}<\/script>\n<!-- \/ Yoast SEO plugin. -->","yoast_head_json":{"title":"V Pulleys - IMFAPART | Industrial filtration and lubrication","robots":{"index":"index","follow":"follow","max-snippet":"max-snippet:-1","max-image-preview":"max-image-preview:large","max-video-preview":"max-video-preview:-1"},"canonical":"https:\/\/www.imfapart.com\/es\/productos\/transmision-de-potencia\/poleas\/polea-en-v\/","og_locale":"es_ES","og_type":"article","og_title":"V Pulleys - IMFAPART | Industrial filtration and lubrication","og_description":"The V pulley is a power transmission component designed to work with V-belts, ensuring efficient, quiet, and low-maintenance operation. It is ideal for industrial, agricultural, and automotive applications.","og_url":"https:\/\/www.imfapart.com\/es\/productos\/transmision-de-potencia\/poleas\/polea-en-v\/","og_site_name":"IMFAPART | Industrial filtration and lubrication","article_publisher":"https:\/\/www.facebook.com\/profile.php?id=100078783627404","article_modified_time":"2026-03-13T19:45:24+00:00","og_image":[{"width":500,"height":500,"url":"http:\/\/www.imfapart.com\/wp-content\/uploads\/2025\/10\/V-Pulley.png","type":"image\/png"}],"twitter_card":"summary_large_image","twitter_misc":{"Tiempo de lectura":"1 minuto"},"schema":{"@context":"https:\/\/schema.org","@graph":[{"@type":"WebPage","@id":"https:\/\/www.imfapart.com\/productos\/transmision-de-potencia\/poleas\/polea-en-v\/","url":"https:\/\/www.imfapart.com\/productos\/transmision-de-potencia\/poleas\/polea-en-v\/","name":"V Pulleys - IMFAPART | Industrial filtration and lubrication","isPartOf":{"@id":"https:\/\/www.imfapart.com\/#website"},"primaryImageOfPage":{"@id":"https:\/\/www.imfapart.com\/productos\/transmision-de-potencia\/poleas\/polea-en-v\/#primaryimage"},"image":{"@id":"https:\/\/www.imfapart.com\/productos\/transmision-de-potencia\/poleas\/polea-en-v\/#primaryimage"},"thumbnailUrl":"https:\/\/www.imfapart.com\/wp-content\/uploads\/2025\/10\/V-Pulley.png","datePublished":"2025-10-29T16:21:35+00:00","dateModified":"2026-03-13T19:45:24+00:00","breadcrumb":{"@id":"https:\/\/www.imfapart.com\/productos\/transmision-de-potencia\/poleas\/polea-en-v\/#breadcrumb"},"inLanguage":"es-CO","potentialAction":[{"@type":"ReadAction","target":["https:\/\/www.imfapart.com\/productos\/transmision-de-potencia\/poleas\/polea-en-v\/"]}]},{"@type":"ImageObject","inLanguage":"es-CO","@id":"https:\/\/www.imfapart.com\/productos\/transmision-de-potencia\/poleas\/polea-en-v\/#primaryimage","url":"https:\/\/www.imfapart.com\/wp-content\/uploads\/2025\/10\/V-Pulley.png","contentUrl":"https:\/\/www.imfapart.com\/wp-content\/uploads\/2025\/10\/V-Pulley.png","width":500,"height":500},{"@type":"BreadcrumbList","@id":"https:\/\/www.imfapart.com\/productos\/transmision-de-potencia\/poleas\/polea-en-v\/#breadcrumb","itemListElement":[{"@type":"ListItem","position":1,"name":"Inicio","item":"https:\/\/www.imfapart.com\/"},{"@type":"ListItem","position":2,"name":"Nuestros Productos","item":"https:\/\/www.imfapart.com\/productos\/"},{"@type":"ListItem","position":3,"name":"V Pulleys"}]},{"@type":"WebSite","@id":"https:\/\/www.imfapart.com\/#website","url":"https:\/\/www.imfapart.com\/","name":"IMFAPART | Industrial filtration and lubrication","description":"We specialize in providing solutions to our clients, and our product range spans a varied selection, from filtration to industrial lubrication.","publisher":{"@id":"https:\/\/www.imfapart.com\/#organization"},"potentialAction":[{"@type":"SearchAction","target":{"@type":"EntryPoint","urlTemplate":"https:\/\/www.imfapart.com\/?s={search_term_string}"},"query-input":{"@type":"PropertyValueSpecification","valueRequired":true,"valueName":"search_term_string"}}],"inLanguage":"es-CO"},{"@type":"Organization","@id":"https:\/\/www.imfapart.com\/#organization","name":"IMFAPART | Industrial filtration and lubrication","url":"https:\/\/www.imfapart.com\/","logo":{"@type":"ImageObject","inLanguage":"es-CO","@id":"https:\/\/www.imfapart.com\/#\/schema\/logo\/image\/","url":"https:\/\/www.imfapart.com\/wp-content\/uploads\/2023\/09\/Logo-IMFAPART.png","contentUrl":"https:\/\/www.imfapart.com\/wp-content\/uploads\/2023\/09\/Logo-IMFAPART.png","width":350,"height":111,"caption":"IMFAPART | Industrial filtration and lubrication"},"image":{"@id":"https:\/\/www.imfapart.com\/#\/schema\/logo\/image\/"},"sameAs":["https:\/\/www.facebook.com\/profile.php?id=100078783627404","https:\/\/www.instagram.com\/imfapart_hdp\/"]}]}},"_links":{"self":[{"href":"https:\/\/www.imfapart.com\/es\/wp-json\/wp\/v2\/product\/48530","targetHints":{"allow":["GET"]}}],"collection":[{"href":"https:\/\/www.imfapart.com\/es\/wp-json\/wp\/v2\/product"}],"about":[{"href":"https:\/\/www.imfapart.com\/es\/wp-json\/wp\/v2\/types\/product"}],"wp:featuredmedia":[{"embeddable":true,"href":"https:\/\/www.imfapart.com\/es\/wp-json\/wp\/v2\/media\/50492"}],"wp:attachment":[{"href":"https:\/\/www.imfapart.com\/es\/wp-json\/wp\/v2\/media?parent=48530"}],"wp:term":[{"taxonomy":"product_brand","embeddable":true,"href":"https:\/\/www.imfapart.com\/es\/wp-json\/wp\/v2\/product_brand?post=48530"},{"taxonomy":"product_cat","embeddable":true,"href":"https:\/\/www.imfapart.com\/es\/wp-json\/wp\/v2\/product_cat?post=48530"},{"taxonomy":"product_tag","embeddable":true,"href":"https:\/\/www.imfapart.com\/es\/wp-json\/wp\/v2\/product_tag?post=48530"}],"curies":[{"name":"wp","href":"https:\/\/api.w.org\/{rel}","templated":true}]}}