{"id":50137,"date":"2026-02-17T15:49:21","date_gmt":"2026-02-17T20:49:21","guid":{"rendered":"https:\/\/www.imfapart.com\/?post_type=product&#038;p=50137"},"modified":"2026-02-18T14:36:04","modified_gmt":"2026-02-18T19:36:04","slug":"bearing-lubricants","status":"publish","type":"product","link":"https:\/\/www.imfapart.com\/es\/productos\/lubricacion\/bearing-lubricants\/","title":{"rendered":"Lubricantes para rodamientos."},"content":{"rendered":"<p data-start=\"74\" data-end=\"280\"><strong data-start=\"74\" data-end=\"90\">Sintaplex HS<\/strong><br data-start=\"90\" data-end=\"93\" \/><em data-start=\"96\" data-end=\"144\">Grasa para rodamientos de alta velocidad para motores el\u00e9ctricos.<\/em><br data-start=\"144\" data-end=\"147\" \/>Protege los rodamientos que operan a velocidades medias y altas en motores el\u00e9ctricos, bombas y ventiladores que requieren intervalos prolongados de lubricaci\u00f3n.<\/p>\n<p data-start=\"290\" data-end=\"556\"><strong data-start=\"290\" data-end=\"313\">Ultraplex Moly Plus<\/strong><br data-start=\"313\" data-end=\"316\" \/><em data-start=\"319\" data-end=\"399\">Grasa con lubricantes s\u00f3lidos para rodamientos expuestos a altas cargas y vibraciones.<\/em><br data-start=\"399\" data-end=\"402\" \/>Protege los rodamientos con Ultraplex Moly Plus, una grasa de sulfonato de calcio que contiene un alto porcentaje de disulfuro de molibdeno para condiciones de carga severa.<\/p>\n<p data-start=\"566\" data-end=\"796\"><strong data-start=\"566\" data-end=\"581\">Uniplex EXP<\/strong><br data-start=\"581\" data-end=\"584\" \/><em data-start=\"587\" data-end=\"638\">Grasa de poliurea para rodamientos en ambientes h\u00famedos.<\/em><br data-start=\"638\" data-end=\"641\" \/>Protege rodamientos que requieren alta resistencia al lavado por agua y a la entrada de contaminantes. La grasa de poliurea Uniplex EXP proporciona excelentes propiedades de sellado.<\/p>\n<p data-start=\"806\" data-end=\"953\"><strong data-start=\"806\" data-end=\"824\">Interplex 1500<\/strong><br data-start=\"824\" data-end=\"827\" \/><em data-start=\"830\" data-end=\"864\">Grasa para rodamientos de alta temperatura.<\/em><br data-start=\"864\" data-end=\"867\" \/>Interplex 1500 protege rodamientos que operan bajo altas temperaturas y cargas pesadas.<\/p>\n<p data-start=\"963\" data-end=\"1165\"><strong data-start=\"963\" data-end=\"973\">RCE SS<\/strong><br data-start=\"973\" data-end=\"976\" \/><em data-start=\"979\" data-end=\"1033\">Aceite semisint\u00e9tico dise\u00f1ado para la lubricaci\u00f3n de rodamientos.<\/em><br data-start=\"1033\" data-end=\"1036\" \/>Aceite para rodamientos, cojinetes lisos, bombas de vac\u00edo y sistemas hidr\u00e1ulicos lubricados mediante ba\u00f1o de aceite, inmersi\u00f3n o sistemas centralizados.<\/p>","protected":false},"excerpt":{"rendered":"<p data-start=\"455\" data-end=\"676\">Lubricantes industriales de alto rendimiento formulados espec\u00edficamente para rodamientos de elementos rodantes que operan en condiciones exigentes, incluyendo altas velocidades, cargas pesadas, vibraciones, exposici\u00f3n a la humedad y temperaturas elevadas.<\/p>\n<p data-start=\"678\" data-end=\"822\">Nuestro portafolio incluye grasas para alta velocidad, grasas lubricantes s\u00f3lidas, grasas de poliurea, grasas para altas temperaturas y aceites semisint\u00e9ticos para rodamientos.<\/p>","protected":false},"featured_media":50147,"template":"","meta":{"_joinchat":[]},"product_brand":[],"product_cat":[92],"product_tag":[],"class_list":{"0":"post-50137","1":"product","2":"type-product","3":"status-publish","4":"has-post-thumbnail","6":"product_cat-lubricacion","8":"first","9":"instock","10":"shipping-taxable","11":"product-type-simple"},"yoast_head":"<!-- This site is optimized with the Yoast SEO plugin v26.2 - https:\/\/yoast.com\/wordpress\/plugins\/seo\/ -->\n<title>Bearing Lubricants - IMFAPART | Industrial filtration and lubrication<\/title>\n<meta name=\"description\" content=\"High-performance industrial lubricants specifically formulated for rolling element bearings\" \/>\n<meta name=\"robots\" content=\"index, follow, max-snippet:-1, max-image-preview:large, max-video-preview:-1\" \/>\n<link rel=\"canonical\" href=\"https:\/\/www.imfapart.com\/es\/productos\/lubricacion\/bearing-lubricants\/\" \/>\n<meta property=\"og:locale\" content=\"es_ES\" \/>\n<meta property=\"og:type\" content=\"article\" \/>\n<meta property=\"og:title\" content=\"Bearing Lubricants - IMFAPART | Industrial filtration and lubrication\" \/>\n<meta property=\"og:description\" content=\"High-performance industrial lubricants specifically formulated for rolling element bearings\" \/>\n<meta property=\"og:url\" content=\"https:\/\/www.imfapart.com\/es\/productos\/lubricacion\/bearing-lubricants\/\" \/>\n<meta property=\"og:site_name\" content=\"IMFAPART | Industrial filtration and lubrication\" \/>\n<meta property=\"article:publisher\" content=\"https:\/\/www.facebook.com\/profile.php?id=100078783627404\" \/>\n<meta property=\"article:modified_time\" content=\"2026-02-18T19:36:04+00:00\" \/>\n<meta property=\"og:image\" content=\"http:\/\/www.imfapart.com\/wp-content\/uploads\/2026\/02\/Ultraplex-Molyplus.png\" \/>\n\t<meta property=\"og:image:width\" content=\"300\" \/>\n\t<meta property=\"og:image:height\" content=\"366\" \/>\n\t<meta property=\"og:image:type\" content=\"image\/png\" \/>\n<meta name=\"twitter:card\" content=\"summary_large_image\" \/>\n<meta name=\"twitter:label1\" content=\"Tiempo de lectura\" \/>\n\t<meta name=\"twitter:data1\" content=\"1 minuto\" \/>\n<script type=\"application\/ld+json\" class=\"yoast-schema-graph\">{\"@context\":\"https:\/\/schema.org\",\"@graph\":[{\"@type\":\"WebPage\",\"@id\":\"https:\/\/www.imfapart.com\/productos\/lubricacion\/bearing-lubricants\/\",\"url\":\"https:\/\/www.imfapart.com\/productos\/lubricacion\/bearing-lubricants\/\",\"name\":\"Bearing Lubricants - IMFAPART | Industrial filtration and lubrication\",\"isPartOf\":{\"@id\":\"https:\/\/www.imfapart.com\/#website\"},\"primaryImageOfPage\":{\"@id\":\"https:\/\/www.imfapart.com\/productos\/lubricacion\/bearing-lubricants\/#primaryimage\"},\"image\":{\"@id\":\"https:\/\/www.imfapart.com\/productos\/lubricacion\/bearing-lubricants\/#primaryimage\"},\"thumbnailUrl\":\"https:\/\/www.imfapart.com\/wp-content\/uploads\/2026\/02\/Ultraplex-Molyplus.png\",\"datePublished\":\"2026-02-17T20:49:21+00:00\",\"dateModified\":\"2026-02-18T19:36:04+00:00\",\"description\":\"High-performance industrial lubricants specifically formulated for rolling element bearings\",\"breadcrumb\":{\"@id\":\"https:\/\/www.imfapart.com\/productos\/lubricacion\/bearing-lubricants\/#breadcrumb\"},\"inLanguage\":\"es-CO\",\"potentialAction\":[{\"@type\":\"ReadAction\",\"target\":[\"https:\/\/www.imfapart.com\/productos\/lubricacion\/bearing-lubricants\/\"]}]},{\"@type\":\"ImageObject\",\"inLanguage\":\"es-CO\",\"@id\":\"https:\/\/www.imfapart.com\/productos\/lubricacion\/bearing-lubricants\/#primaryimage\",\"url\":\"https:\/\/www.imfapart.com\/wp-content\/uploads\/2026\/02\/Ultraplex-Molyplus.png\",\"contentUrl\":\"https:\/\/www.imfapart.com\/wp-content\/uploads\/2026\/02\/Ultraplex-Molyplus.png\",\"width\":300,\"height\":366},{\"@type\":\"BreadcrumbList\",\"@id\":\"https:\/\/www.imfapart.com\/productos\/lubricacion\/bearing-lubricants\/#breadcrumb\",\"itemListElement\":[{\"@type\":\"ListItem\",\"position\":1,\"name\":\"Inicio\",\"item\":\"https:\/\/www.imfapart.com\/\"},{\"@type\":\"ListItem\",\"position\":2,\"name\":\"Nuestros Productos\",\"item\":\"https:\/\/www.imfapart.com\/productos\/\"},{\"@type\":\"ListItem\",\"position\":3,\"name\":\"Bearing Lubricants\"}]},{\"@type\":\"WebSite\",\"@id\":\"https:\/\/www.imfapart.com\/#website\",\"url\":\"https:\/\/www.imfapart.com\/\",\"name\":\"IMFAPART | Industrial filtration and lubrication\",\"description\":\"We specialize in providing solutions to our clients, and our product range spans a varied selection, from filtration to industrial lubrication.\",\"publisher\":{\"@id\":\"https:\/\/www.imfapart.com\/#organization\"},\"potentialAction\":[{\"@type\":\"SearchAction\",\"target\":{\"@type\":\"EntryPoint\",\"urlTemplate\":\"https:\/\/www.imfapart.com\/?s={search_term_string}\"},\"query-input\":{\"@type\":\"PropertyValueSpecification\",\"valueRequired\":true,\"valueName\":\"search_term_string\"}}],\"inLanguage\":\"es-CO\"},{\"@type\":\"Organization\",\"@id\":\"https:\/\/www.imfapart.com\/#organization\",\"name\":\"IMFAPART | Industrial filtration and lubrication\",\"url\":\"https:\/\/www.imfapart.com\/\",\"logo\":{\"@type\":\"ImageObject\",\"inLanguage\":\"es-CO\",\"@id\":\"https:\/\/www.imfapart.com\/#\/schema\/logo\/image\/\",\"url\":\"https:\/\/www.imfapart.com\/wp-content\/uploads\/2023\/09\/Logo-IMFAPART.png\",\"contentUrl\":\"https:\/\/www.imfapart.com\/wp-content\/uploads\/2023\/09\/Logo-IMFAPART.png\",\"width\":350,\"height\":111,\"caption\":\"IMFAPART | Industrial filtration and lubrication\"},\"image\":{\"@id\":\"https:\/\/www.imfapart.com\/#\/schema\/logo\/image\/\"},\"sameAs\":[\"https:\/\/www.facebook.com\/profile.php?id=100078783627404\",\"https:\/\/www.instagram.com\/imfapart_hdp\/\"]}]}<\/script>\n<!-- \/ Yoast SEO plugin. -->","yoast_head_json":{"title":"Bearing Lubricants - IMFAPART | Industrial filtration and lubrication","description":"High-performance industrial lubricants specifically formulated for rolling element bearings","robots":{"index":"index","follow":"follow","max-snippet":"max-snippet:-1","max-image-preview":"max-image-preview:large","max-video-preview":"max-video-preview:-1"},"canonical":"https:\/\/www.imfapart.com\/es\/productos\/lubricacion\/bearing-lubricants\/","og_locale":"es_ES","og_type":"article","og_title":"Bearing Lubricants - IMFAPART | Industrial filtration and lubrication","og_description":"High-performance industrial lubricants specifically formulated for rolling element bearings","og_url":"https:\/\/www.imfapart.com\/es\/productos\/lubricacion\/bearing-lubricants\/","og_site_name":"IMFAPART | Industrial filtration and lubrication","article_publisher":"https:\/\/www.facebook.com\/profile.php?id=100078783627404","article_modified_time":"2026-02-18T19:36:04+00:00","og_image":[{"width":300,"height":366,"url":"http:\/\/www.imfapart.com\/wp-content\/uploads\/2026\/02\/Ultraplex-Molyplus.png","type":"image\/png"}],"twitter_card":"summary_large_image","twitter_misc":{"Tiempo de lectura":"1 minuto"},"schema":{"@context":"https:\/\/schema.org","@graph":[{"@type":"WebPage","@id":"https:\/\/www.imfapart.com\/productos\/lubricacion\/bearing-lubricants\/","url":"https:\/\/www.imfapart.com\/productos\/lubricacion\/bearing-lubricants\/","name":"Bearing Lubricants - IMFAPART | Industrial filtration and lubrication","isPartOf":{"@id":"https:\/\/www.imfapart.com\/#website"},"primaryImageOfPage":{"@id":"https:\/\/www.imfapart.com\/productos\/lubricacion\/bearing-lubricants\/#primaryimage"},"image":{"@id":"https:\/\/www.imfapart.com\/productos\/lubricacion\/bearing-lubricants\/#primaryimage"},"thumbnailUrl":"https:\/\/www.imfapart.com\/wp-content\/uploads\/2026\/02\/Ultraplex-Molyplus.png","datePublished":"2026-02-17T20:49:21+00:00","dateModified":"2026-02-18T19:36:04+00:00","description":"High-performance industrial lubricants specifically formulated for rolling element bearings","breadcrumb":{"@id":"https:\/\/www.imfapart.com\/productos\/lubricacion\/bearing-lubricants\/#breadcrumb"},"inLanguage":"es-CO","potentialAction":[{"@type":"ReadAction","target":["https:\/\/www.imfapart.com\/productos\/lubricacion\/bearing-lubricants\/"]}]},{"@type":"ImageObject","inLanguage":"es-CO","@id":"https:\/\/www.imfapart.com\/productos\/lubricacion\/bearing-lubricants\/#primaryimage","url":"https:\/\/www.imfapart.com\/wp-content\/uploads\/2026\/02\/Ultraplex-Molyplus.png","contentUrl":"https:\/\/www.imfapart.com\/wp-content\/uploads\/2026\/02\/Ultraplex-Molyplus.png","width":300,"height":366},{"@type":"BreadcrumbList","@id":"https:\/\/www.imfapart.com\/productos\/lubricacion\/bearing-lubricants\/#breadcrumb","itemListElement":[{"@type":"ListItem","position":1,"name":"Inicio","item":"https:\/\/www.imfapart.com\/"},{"@type":"ListItem","position":2,"name":"Nuestros Productos","item":"https:\/\/www.imfapart.com\/productos\/"},{"@type":"ListItem","position":3,"name":"Bearing Lubricants"}]},{"@type":"WebSite","@id":"https:\/\/www.imfapart.com\/#website","url":"https:\/\/www.imfapart.com\/","name":"IMFAPART | Industrial filtration and lubrication","description":"We specialize in providing solutions to our clients, and our product range spans a varied selection, from filtration to industrial lubrication.","publisher":{"@id":"https:\/\/www.imfapart.com\/#organization"},"potentialAction":[{"@type":"SearchAction","target":{"@type":"EntryPoint","urlTemplate":"https:\/\/www.imfapart.com\/?s={search_term_string}"},"query-input":{"@type":"PropertyValueSpecification","valueRequired":true,"valueName":"search_term_string"}}],"inLanguage":"es-CO"},{"@type":"Organization","@id":"https:\/\/www.imfapart.com\/#organization","name":"IMFAPART | Industrial filtration and lubrication","url":"https:\/\/www.imfapart.com\/","logo":{"@type":"ImageObject","inLanguage":"es-CO","@id":"https:\/\/www.imfapart.com\/#\/schema\/logo\/image\/","url":"https:\/\/www.imfapart.com\/wp-content\/uploads\/2023\/09\/Logo-IMFAPART.png","contentUrl":"https:\/\/www.imfapart.com\/wp-content\/uploads\/2023\/09\/Logo-IMFAPART.png","width":350,"height":111,"caption":"IMFAPART | Industrial filtration and lubrication"},"image":{"@id":"https:\/\/www.imfapart.com\/#\/schema\/logo\/image\/"},"sameAs":["https:\/\/www.facebook.com\/profile.php?id=100078783627404","https:\/\/www.instagram.com\/imfapart_hdp\/"]}]}},"_links":{"self":[{"href":"https:\/\/www.imfapart.com\/es\/wp-json\/wp\/v2\/product\/50137","targetHints":{"allow":["GET"]}}],"collection":[{"href":"https:\/\/www.imfapart.com\/es\/wp-json\/wp\/v2\/product"}],"about":[{"href":"https:\/\/www.imfapart.com\/es\/wp-json\/wp\/v2\/types\/product"}],"wp:featuredmedia":[{"embeddable":true,"href":"https:\/\/www.imfapart.com\/es\/wp-json\/wp\/v2\/media\/50147"}],"wp:attachment":[{"href":"https:\/\/www.imfapart.com\/es\/wp-json\/wp\/v2\/media?parent=50137"}],"wp:term":[{"taxonomy":"product_brand","embeddable":true,"href":"https:\/\/www.imfapart.com\/es\/wp-json\/wp\/v2\/product_brand?post=50137"},{"taxonomy":"product_cat","embeddable":true,"href":"https:\/\/www.imfapart.com\/es\/wp-json\/wp\/v2\/product_cat?post=50137"},{"taxonomy":"product_tag","embeddable":true,"href":"https:\/\/www.imfapart.com\/es\/wp-json\/wp\/v2\/product_tag?post=50137"}],"curies":[{"name":"wp","href":"https:\/\/api.w.org\/{rel}","templated":true}]}}