{"id":50146,"date":"2026-02-18T09:41:27","date_gmt":"2026-02-18T14:41:27","guid":{"rendered":"https:\/\/www.imfapart.com\/?post_type=product&#038;p=50146"},"modified":"2026-02-18T14:35:23","modified_gmt":"2026-02-18T19:35:23","slug":"biodegradable-lubricants","status":"publish","type":"product","link":"https:\/\/www.imfapart.com\/es\/productos\/lubricacion\/biodegradable-lubricants\/","title":{"rendered":"Lubricantes Biodegradables"},"content":{"rendered":"<p data-start=\"101\" data-end=\"337\"><strong data-start=\"101\" data-end=\"122\">Interfluid Bio RE<\/strong><br data-start=\"122\" data-end=\"125\" \/><em data-start=\"128\" data-end=\"198\">Aceite sint\u00e9tico biodegradable para engranajes abiertos expuestos a cargas extremas.<\/em><br data-start=\"198\" data-end=\"201\" \/>Lubricante biodegradable de alta viscosidad dise\u00f1ado para transmisiones y engranajes abiertos sometidos a cargas extremas y altas vibraciones.<\/p>\n<p data-start=\"347\" data-end=\"556\"><strong data-start=\"347\" data-end=\"364\">Biofluid Gear<\/strong><br data-start=\"364\" data-end=\"367\" \/><em data-start=\"370\" data-end=\"437\">Grasa biodegradable para engranajes abiertos bajo condiciones de carga severa.<\/em><br data-start=\"437\" data-end=\"440\" \/>Proporciona la pel\u00edcula lubricante necesaria en condiciones de alta carga y vibraci\u00f3n. Ideal para engranajes abiertos en excavadoras.<\/p>\n<p data-start=\"566\" data-end=\"793\"><strong data-start=\"566\" data-end=\"578\">Gear Bio<\/strong><br data-start=\"578\" data-end=\"581\" \/><em data-start=\"584\" data-end=\"642\">Lubricante biodegradable para reductores y cajas de engranajes.<\/em><br data-start=\"642\" data-end=\"645\" \/>Aceite sint\u00e9tico de alto rendimiento con alta resistencia a la oxidaci\u00f3n, especialmente para reductores que operan bajo condiciones de alta temperatura y carga.<\/p>\n<p data-start=\"803\" data-end=\"1018\"><strong data-start=\"803\" data-end=\"814\">Ecosafe<\/strong><br data-start=\"814\" data-end=\"817\" \/><em data-start=\"820\" data-end=\"882\">Aceite ecol\u00f3gico protector y anticorrosivo para cables.<\/em><br data-start=\"882\" data-end=\"885\" \/>Aceite anticorrosivo para condiciones severas como agua salada, agua \u00e1cida y \u00e1cidos diluidos, as\u00ed como exposici\u00f3n a gases corrosivos.<\/p>\n<p data-start=\"1028\" data-end=\"1245\"><strong data-start=\"1028\" data-end=\"1043\">Biofluid NH<\/strong><br data-start=\"1043\" data-end=\"1046\" \/><em data-start=\"1049\" data-end=\"1100\">Lubricante ecol\u00f3gico para cables y cables de acero.<\/em><br data-start=\"1100\" data-end=\"1103\" \/>Pel\u00edcula fluida flexible con alta protecci\u00f3n contra la corrosi\u00f3n durante largos periodos en agua salada, agua \u00e1cida y en presencia de gases corrosivos.<\/p>\n<p data-start=\"1255\" data-end=\"1437\"><strong data-start=\"1255\" data-end=\"1268\">Lipex Bio<\/strong><br data-start=\"1268\" data-end=\"1271\" \/><em data-start=\"1274\" data-end=\"1325\">Grasa sint\u00e9tica biodegradable de uso universal.<\/em><br data-start=\"1325\" data-end=\"1328\" \/>Excelente estabilidad mec\u00e1nica y t\u00e9rmica, as\u00ed como alta capacidad de carga. Lubricaci\u00f3n de larga duraci\u00f3n.<\/p>\n<p data-start=\"1447\" data-end=\"1682\"><strong data-start=\"1447\" data-end=\"1475\">Intergrease Bio Curve LS<\/strong><br data-start=\"1475\" data-end=\"1478\" \/><em data-start=\"1481\" data-end=\"1554\">Grasa biodegradable especialmente formulada para rieles en secciones curvas.<\/em><br data-start=\"1554\" data-end=\"1557\" \/>Lubricante blanco dise\u00f1ado espec\u00edficamente para reducir la fricci\u00f3n en curvas ferroviarias bajo altas cargas y fricci\u00f3n extrema.<\/p>\n<p data-start=\"1692\" data-end=\"1835\"><strong data-start=\"1692\" data-end=\"1707\">Bioguard HV<\/strong><br data-start=\"1707\" data-end=\"1710\" \/><em data-start=\"1713\" data-end=\"1743\">Aceite hidr\u00e1ulico biodegradable.<\/em><br data-start=\"1743\" data-end=\"1746\" \/>Aceite hidr\u00e1ulico sint\u00e9tico que proporciona excelente protecci\u00f3n contra la corrosi\u00f3n y el desgaste.<\/p>\n<p data-start=\"1845\" data-end=\"2055\"><strong data-start=\"1845\" data-end=\"1869\">Interfluid Bio HT 10<\/strong><br data-start=\"1869\" data-end=\"1872\" \/><em data-start=\"1875\" data-end=\"1929\">Fluido hidr\u00e1ulico biodegradable para bombas perist\u00e1lticas.<\/em><br data-start=\"1929\" data-end=\"1932\" \/>Fabricado con aceites base altamente refinados, libres de derivados del petr\u00f3leo. Dise\u00f1ado para la lubricaci\u00f3n de mangueras en bombas perist\u00e1lticas.<\/p>\n<p data-start=\"2066\" data-end=\"2271\"><strong data-start=\"2066\" data-end=\"2081\">Bio Cleaner<\/strong><br data-start=\"2081\" data-end=\"2084\" \/><em data-start=\"2087\" data-end=\"2123\">Limpiador de superficies de origen natural.<\/em><br data-start=\"2123\" data-end=\"2126\" \/>Limpiador biodegradable que elimina grasas dif\u00edciles de limpiar de las superficies sin da\u00f1ar el material. Libre de compuestos t\u00f3xicos y \u00e1cidos.<\/p>\n<p data-start=\"2282\" data-end=\"2511\"><strong data-start=\"2282\" data-end=\"2305\">Lipex Bio Moly Plus<\/strong><br data-start=\"2305\" data-end=\"2308\" \/><em data-start=\"2311\" data-end=\"2366\">Grasa biodegradable para la lubricaci\u00f3n de maquinaria pesada.<\/em><br data-start=\"2366\" data-end=\"2369\" \/>Grasa de alta adhesi\u00f3n con gran capacidad de carga. Contiene 5% de disulfuro de molibdeno para aumentar la resistencia en condiciones extremas.<\/p>\n<p data-start=\"2522\" data-end=\"2766\"><strong data-start=\"2522\" data-end=\"2540\">Interfluid Bio<\/strong><br data-start=\"2540\" data-end=\"2543\" \/><em data-start=\"2546\" data-end=\"2583\">Lubricante biodegradable para cadenas.<\/em><br data-start=\"2583\" data-end=\"2586\" \/>Lubricante biodegradable dise\u00f1ado para cadenas en contacto con el medio ambiente. Proporciona excelente protecci\u00f3n contra la corrosi\u00f3n y la oxidaci\u00f3n, y reduce la fricci\u00f3n en los componentes mec\u00e1nicos.<\/p>\n<p>&nbsp;<\/p>\n<div class=\"col\">\n<p>&nbsp;<\/p>\n<div class=\"card card_forma h-100\">\n<div class=\"card-body\">\n<p>&nbsp;<\/p>\n<\/div>\n<\/div>\n<\/div>","protected":false},"excerpt":{"rendered":"<p><strong data-start=\"412\" data-end=\"451\">Lubricantes Biodegradables industriales<\/strong> Est\u00e1n dise\u00f1ados para ofrecer alto rendimiento mientras minimizan el impacto ambiental. Nuestra gama incluye aceites biodegradables, grasas, fluidos hidr\u00e1ulicos y limpiadores, adecuados para condiciones industriales severas, mecanismos abiertos y entornos sensibles.<\/p>","protected":false},"featured_media":50166,"template":"","meta":{"_joinchat":[]},"product_brand":[],"product_cat":[92],"product_tag":[],"class_list":{"0":"post-50146","1":"product","2":"type-product","3":"status-publish","4":"has-post-thumbnail","6":"product_cat-lubricacion","8":"first","9":"instock","10":"shipping-taxable","11":"product-type-simple"},"yoast_head":"<!-- This site is optimized with the Yoast SEO plugin v26.2 - https:\/\/yoast.com\/wordpress\/plugins\/seo\/ -->\n<title>Biodegradable Lubricants - IMFAPART | Industrial filtration and lubrication<\/title>\n<meta name=\"description\" content=\"Biodegradable Industrial Lubricants are designed to deliver high performance while minimizing environmental impact\" \/>\n<meta name=\"robots\" content=\"index, follow, max-snippet:-1, max-image-preview:large, max-video-preview:-1\" \/>\n<link rel=\"canonical\" href=\"https:\/\/www.imfapart.com\/es\/productos\/lubricacion\/biodegradable-lubricants\/\" \/>\n<meta property=\"og:locale\" content=\"es_ES\" \/>\n<meta property=\"og:type\" content=\"article\" \/>\n<meta property=\"og:title\" content=\"Biodegradable Lubricants - IMFAPART | Industrial filtration and lubrication\" \/>\n<meta property=\"og:description\" content=\"Biodegradable Industrial Lubricants are designed to deliver high performance while minimizing environmental impact\" \/>\n<meta property=\"og:url\" content=\"https:\/\/www.imfapart.com\/es\/productos\/lubricacion\/biodegradable-lubricants\/\" \/>\n<meta property=\"og:site_name\" content=\"IMFAPART | Industrial filtration and lubrication\" \/>\n<meta property=\"article:publisher\" content=\"https:\/\/www.facebook.com\/profile.php?id=100078783627404\" \/>\n<meta property=\"article:modified_time\" content=\"2026-02-18T19:35:23+00:00\" \/>\n<meta property=\"og:image\" content=\"http:\/\/www.imfapart.com\/wp-content\/uploads\/2026\/02\/Interoil-Bio-HL-110.png\" \/>\n\t<meta property=\"og:image:width\" content=\"300\" \/>\n\t<meta property=\"og:image:height\" content=\"366\" \/>\n\t<meta property=\"og:image:type\" content=\"image\/png\" \/>\n<meta name=\"twitter:card\" content=\"summary_large_image\" \/>\n<meta name=\"twitter:label1\" content=\"Tiempo de lectura\" \/>\n\t<meta name=\"twitter:data1\" content=\"2 minutos\" \/>\n<script type=\"application\/ld+json\" class=\"yoast-schema-graph\">{\"@context\":\"https:\/\/schema.org\",\"@graph\":[{\"@type\":\"WebPage\",\"@id\":\"https:\/\/www.imfapart.com\/productos\/lubricacion\/biodegradable-lubricants\/\",\"url\":\"https:\/\/www.imfapart.com\/productos\/lubricacion\/biodegradable-lubricants\/\",\"name\":\"Biodegradable Lubricants - IMFAPART | Industrial filtration and lubrication\",\"isPartOf\":{\"@id\":\"https:\/\/www.imfapart.com\/#website\"},\"primaryImageOfPage\":{\"@id\":\"https:\/\/www.imfapart.com\/productos\/lubricacion\/biodegradable-lubricants\/#primaryimage\"},\"image\":{\"@id\":\"https:\/\/www.imfapart.com\/productos\/lubricacion\/biodegradable-lubricants\/#primaryimage\"},\"thumbnailUrl\":\"https:\/\/www.imfapart.com\/wp-content\/uploads\/2026\/02\/Interoil-Bio-HL-110.png\",\"datePublished\":\"2026-02-18T14:41:27+00:00\",\"dateModified\":\"2026-02-18T19:35:23+00:00\",\"description\":\"Biodegradable Industrial Lubricants are designed to deliver high performance while minimizing environmental impact\",\"breadcrumb\":{\"@id\":\"https:\/\/www.imfapart.com\/productos\/lubricacion\/biodegradable-lubricants\/#breadcrumb\"},\"inLanguage\":\"es-CO\",\"potentialAction\":[{\"@type\":\"ReadAction\",\"target\":[\"https:\/\/www.imfapart.com\/productos\/lubricacion\/biodegradable-lubricants\/\"]}]},{\"@type\":\"ImageObject\",\"inLanguage\":\"es-CO\",\"@id\":\"https:\/\/www.imfapart.com\/productos\/lubricacion\/biodegradable-lubricants\/#primaryimage\",\"url\":\"https:\/\/www.imfapart.com\/wp-content\/uploads\/2026\/02\/Interoil-Bio-HL-110.png\",\"contentUrl\":\"https:\/\/www.imfapart.com\/wp-content\/uploads\/2026\/02\/Interoil-Bio-HL-110.png\",\"width\":300,\"height\":366},{\"@type\":\"BreadcrumbList\",\"@id\":\"https:\/\/www.imfapart.com\/productos\/lubricacion\/biodegradable-lubricants\/#breadcrumb\",\"itemListElement\":[{\"@type\":\"ListItem\",\"position\":1,\"name\":\"Inicio\",\"item\":\"https:\/\/www.imfapart.com\/\"},{\"@type\":\"ListItem\",\"position\":2,\"name\":\"Nuestros Productos\",\"item\":\"https:\/\/www.imfapart.com\/productos\/\"},{\"@type\":\"ListItem\",\"position\":3,\"name\":\"Biodegradable Lubricants\"}]},{\"@type\":\"WebSite\",\"@id\":\"https:\/\/www.imfapart.com\/#website\",\"url\":\"https:\/\/www.imfapart.com\/\",\"name\":\"IMFAPART | Industrial filtration and lubrication\",\"description\":\"We specialize in providing solutions to our clients, and our product range spans a varied selection, from filtration to industrial lubrication.\",\"publisher\":{\"@id\":\"https:\/\/www.imfapart.com\/#organization\"},\"potentialAction\":[{\"@type\":\"SearchAction\",\"target\":{\"@type\":\"EntryPoint\",\"urlTemplate\":\"https:\/\/www.imfapart.com\/?s={search_term_string}\"},\"query-input\":{\"@type\":\"PropertyValueSpecification\",\"valueRequired\":true,\"valueName\":\"search_term_string\"}}],\"inLanguage\":\"es-CO\"},{\"@type\":\"Organization\",\"@id\":\"https:\/\/www.imfapart.com\/#organization\",\"name\":\"IMFAPART | Industrial filtration and lubrication\",\"url\":\"https:\/\/www.imfapart.com\/\",\"logo\":{\"@type\":\"ImageObject\",\"inLanguage\":\"es-CO\",\"@id\":\"https:\/\/www.imfapart.com\/#\/schema\/logo\/image\/\",\"url\":\"https:\/\/www.imfapart.com\/wp-content\/uploads\/2023\/09\/Logo-IMFAPART.png\",\"contentUrl\":\"https:\/\/www.imfapart.com\/wp-content\/uploads\/2023\/09\/Logo-IMFAPART.png\",\"width\":350,\"height\":111,\"caption\":\"IMFAPART | Industrial filtration and lubrication\"},\"image\":{\"@id\":\"https:\/\/www.imfapart.com\/#\/schema\/logo\/image\/\"},\"sameAs\":[\"https:\/\/www.facebook.com\/profile.php?id=100078783627404\",\"https:\/\/www.instagram.com\/imfapart_hdp\/\"]}]}<\/script>\n<!-- \/ Yoast SEO plugin. -->","yoast_head_json":{"title":"Biodegradable Lubricants - IMFAPART | Industrial filtration and lubrication","description":"Biodegradable Industrial Lubricants are designed to deliver high performance while minimizing environmental impact","robots":{"index":"index","follow":"follow","max-snippet":"max-snippet:-1","max-image-preview":"max-image-preview:large","max-video-preview":"max-video-preview:-1"},"canonical":"https:\/\/www.imfapart.com\/es\/productos\/lubricacion\/biodegradable-lubricants\/","og_locale":"es_ES","og_type":"article","og_title":"Biodegradable Lubricants - IMFAPART | Industrial filtration and lubrication","og_description":"Biodegradable Industrial Lubricants are designed to deliver high performance while minimizing environmental impact","og_url":"https:\/\/www.imfapart.com\/es\/productos\/lubricacion\/biodegradable-lubricants\/","og_site_name":"IMFAPART | Industrial filtration and lubrication","article_publisher":"https:\/\/www.facebook.com\/profile.php?id=100078783627404","article_modified_time":"2026-02-18T19:35:23+00:00","og_image":[{"width":300,"height":366,"url":"http:\/\/www.imfapart.com\/wp-content\/uploads\/2026\/02\/Interoil-Bio-HL-110.png","type":"image\/png"}],"twitter_card":"summary_large_image","twitter_misc":{"Tiempo de lectura":"2 minutos"},"schema":{"@context":"https:\/\/schema.org","@graph":[{"@type":"WebPage","@id":"https:\/\/www.imfapart.com\/productos\/lubricacion\/biodegradable-lubricants\/","url":"https:\/\/www.imfapart.com\/productos\/lubricacion\/biodegradable-lubricants\/","name":"Biodegradable Lubricants - IMFAPART | Industrial filtration and lubrication","isPartOf":{"@id":"https:\/\/www.imfapart.com\/#website"},"primaryImageOfPage":{"@id":"https:\/\/www.imfapart.com\/productos\/lubricacion\/biodegradable-lubricants\/#primaryimage"},"image":{"@id":"https:\/\/www.imfapart.com\/productos\/lubricacion\/biodegradable-lubricants\/#primaryimage"},"thumbnailUrl":"https:\/\/www.imfapart.com\/wp-content\/uploads\/2026\/02\/Interoil-Bio-HL-110.png","datePublished":"2026-02-18T14:41:27+00:00","dateModified":"2026-02-18T19:35:23+00:00","description":"Biodegradable Industrial Lubricants are designed to deliver high performance while minimizing environmental impact","breadcrumb":{"@id":"https:\/\/www.imfapart.com\/productos\/lubricacion\/biodegradable-lubricants\/#breadcrumb"},"inLanguage":"es-CO","potentialAction":[{"@type":"ReadAction","target":["https:\/\/www.imfapart.com\/productos\/lubricacion\/biodegradable-lubricants\/"]}]},{"@type":"ImageObject","inLanguage":"es-CO","@id":"https:\/\/www.imfapart.com\/productos\/lubricacion\/biodegradable-lubricants\/#primaryimage","url":"https:\/\/www.imfapart.com\/wp-content\/uploads\/2026\/02\/Interoil-Bio-HL-110.png","contentUrl":"https:\/\/www.imfapart.com\/wp-content\/uploads\/2026\/02\/Interoil-Bio-HL-110.png","width":300,"height":366},{"@type":"BreadcrumbList","@id":"https:\/\/www.imfapart.com\/productos\/lubricacion\/biodegradable-lubricants\/#breadcrumb","itemListElement":[{"@type":"ListItem","position":1,"name":"Inicio","item":"https:\/\/www.imfapart.com\/"},{"@type":"ListItem","position":2,"name":"Nuestros Productos","item":"https:\/\/www.imfapart.com\/productos\/"},{"@type":"ListItem","position":3,"name":"Biodegradable Lubricants"}]},{"@type":"WebSite","@id":"https:\/\/www.imfapart.com\/#website","url":"https:\/\/www.imfapart.com\/","name":"IMFAPART | Industrial filtration and lubrication","description":"We specialize in providing solutions to our clients, and our product range spans a varied selection, from filtration to industrial lubrication.","publisher":{"@id":"https:\/\/www.imfapart.com\/#organization"},"potentialAction":[{"@type":"SearchAction","target":{"@type":"EntryPoint","urlTemplate":"https:\/\/www.imfapart.com\/?s={search_term_string}"},"query-input":{"@type":"PropertyValueSpecification","valueRequired":true,"valueName":"search_term_string"}}],"inLanguage":"es-CO"},{"@type":"Organization","@id":"https:\/\/www.imfapart.com\/#organization","name":"IMFAPART | Industrial filtration and lubrication","url":"https:\/\/www.imfapart.com\/","logo":{"@type":"ImageObject","inLanguage":"es-CO","@id":"https:\/\/www.imfapart.com\/#\/schema\/logo\/image\/","url":"https:\/\/www.imfapart.com\/wp-content\/uploads\/2023\/09\/Logo-IMFAPART.png","contentUrl":"https:\/\/www.imfapart.com\/wp-content\/uploads\/2023\/09\/Logo-IMFAPART.png","width":350,"height":111,"caption":"IMFAPART | Industrial filtration and lubrication"},"image":{"@id":"https:\/\/www.imfapart.com\/#\/schema\/logo\/image\/"},"sameAs":["https:\/\/www.facebook.com\/profile.php?id=100078783627404","https:\/\/www.instagram.com\/imfapart_hdp\/"]}]}},"_links":{"self":[{"href":"https:\/\/www.imfapart.com\/es\/wp-json\/wp\/v2\/product\/50146","targetHints":{"allow":["GET"]}}],"collection":[{"href":"https:\/\/www.imfapart.com\/es\/wp-json\/wp\/v2\/product"}],"about":[{"href":"https:\/\/www.imfapart.com\/es\/wp-json\/wp\/v2\/types\/product"}],"wp:featuredmedia":[{"embeddable":true,"href":"https:\/\/www.imfapart.com\/es\/wp-json\/wp\/v2\/media\/50166"}],"wp:attachment":[{"href":"https:\/\/www.imfapart.com\/es\/wp-json\/wp\/v2\/media?parent=50146"}],"wp:term":[{"taxonomy":"product_brand","embeddable":true,"href":"https:\/\/www.imfapart.com\/es\/wp-json\/wp\/v2\/product_brand?post=50146"},{"taxonomy":"product_cat","embeddable":true,"href":"https:\/\/www.imfapart.com\/es\/wp-json\/wp\/v2\/product_cat?post=50146"},{"taxonomy":"product_tag","embeddable":true,"href":"https:\/\/www.imfapart.com\/es\/wp-json\/wp\/v2\/product_tag?post=50146"}],"curies":[{"name":"wp","href":"https:\/\/api.w.org\/{rel}","templated":true}]}}