{"id":50173,"date":"2026-02-18T10:44:51","date_gmt":"2026-02-18T15:44:51","guid":{"rendered":"https:\/\/www.imfapart.com\/?post_type=product&#038;p=50173"},"modified":"2026-03-11T09:28:07","modified_gmt":"2026-03-11T14:28:07","slug":"food-grade-lubricants","status":"publish","type":"product","link":"https:\/\/www.imfapart.com\/es\/productos\/lubricacion\/food-grade-lubricants\/","title":{"rendered":"Lubricantes de Grado Alimentario"},"content":{"rendered":"<p data-start=\"74\" data-end=\"449\"><strong data-start=\"74\" data-end=\"91\">Aliplex P 515<\/strong><br data-start=\"91\" data-end=\"94\" \/><em data-start=\"97\" data-end=\"153\">Grasa de grado alimentario NSF H1 para peletizadoras de alimento para animales.<\/em><br data-start=\"153\" data-end=\"156\" \/>Grasa formulada con espesante de sulfonato de calcio y aceite mineral USP.<br data-start=\"230\" data-end=\"233\" \/>Especialmente dise\u00f1ada para rodamientos en peletizadoras de alimento para animales.<br data-start=\"295\" data-end=\"298\" \/>Alta resistencia a la humedad y a los productos qu\u00edmicos utilizados en la industria alimentaria.<br data-start=\"370\" data-end=\"373\" \/>Adecuada para peletizadoras Rosal Mabrik.<br data-start=\"415\" data-end=\"418\" \/>N.\u00ba de registro NSF: 157037.<\/p>\n<p data-start=\"74\" data-end=\"449\"><strong data-start=\"459\" data-end=\"485\">Intergrease Aliplex BM<\/strong><br data-start=\"485\" data-end=\"488\" \/><em data-start=\"491\" data-end=\"549\">Grasa semisint\u00e9tica de grado alimentario NSF H1 para peletizadoras.<\/em><br data-start=\"549\" data-end=\"552\" \/>Grasa con espesante de bentonita y aceite base semisint\u00e9tico.<br data-start=\"615\" data-end=\"618\" \/>Especialmente dise\u00f1ada para rodamientos de peletizadoras en la producci\u00f3n de alimento para animales.<br data-start=\"690\" data-end=\"693\" \/>Alta resistencia a la humedad y a los productos qu\u00edmicos utilizados en la industria alimentaria.<br data-start=\"765\" data-end=\"768\" \/>Adecuada para peletizadoras CPM, B\u00fchler, Van Aarsen, Ferrel-Ross y M\u00fcller.<br data-start=\"846\" data-end=\"849\" \/>N.\u00ba de registro NSF: 141298.<\/p>\n<p data-start=\"890\" data-end=\"1183\"><strong data-start=\"890\" data-end=\"908\">Aliplex CA 102<\/strong><br data-start=\"908\" data-end=\"911\" \/><em data-start=\"914\" data-end=\"976\">Grasa de grado alimentario NSF H1 resistente a entornos qu\u00edmicos.<\/em><br data-start=\"976\" data-end=\"979\" \/>Grasa formulada con espesante de sulfonato de calcio y aceite mineral USP.<br data-start=\"1053\" data-end=\"1056\" \/>Alta resistencia a la humedad y a los productos qu\u00edmicos utilizados en las industrias alimentaria y farmac\u00e9utica.<br data-start=\"1149\" data-end=\"1152\" \/>N.\u00ba de registro NSF: 154454.<\/p>\n<p data-start=\"1193\" data-end=\"1471\"><strong data-start=\"1193\" data-end=\"1206\">Aliplex 2<\/strong><br data-start=\"1206\" data-end=\"1209\" \/><em data-start=\"1212\" data-end=\"1248\">Grasa de grado alimentario de uso general.<\/em><br data-start=\"1248\" data-end=\"1251\" \/>Grasa de grado alimentario de uso general.<br data-start=\"1376\" data-end=\"1379\" \/>Ideal para gu\u00edas, deslizaderas, rodamientos y cojinetes lisos.<br data-start=\"1437\" data-end=\"1440\" \/>N.\u00ba de registro NSF: 153193.<\/p>\n<h4 data-start=\"86\" data-end=\"98\">Para Engranajes<\/h4>\n<p data-start=\"100\" data-end=\"254\"><strong data-start=\"100\" data-end=\"117\">Gear Synt FGL<\/strong><br data-start=\"117\" data-end=\"120\" \/><em data-start=\"120\" data-end=\"165\">Aceite sint\u00e9tico de grado alimentario para reductores de engranajes.<\/em><br data-start=\"165\" data-end=\"168\" \/>Familia de aceites registrados NSF H1. Compatible con pares de engranajes acero-acero y acero-bronce.<\/p>\n<p data-start=\"256\" data-end=\"394\"><strong data-start=\"256\" data-end=\"276\">Interoil FGL 220<\/strong><br data-start=\"276\" data-end=\"279\" \/><em data-start=\"279\" data-end=\"314\">Aceite de grado alimentario para reductores de engranajes.<\/em><br data-start=\"314\" data-end=\"317\" \/>Aceite de extrema presi\u00f3n compatible con pares de engranajes acero-acero y acero-bronce.<\/p>\n<p data-start=\"396\" data-end=\"527\"><strong data-start=\"396\" data-end=\"411\">Sucrosynt C<\/strong><br data-start=\"411\" data-end=\"414\" \/><em data-start=\"414\" data-end=\"444\">Grasa de grado alimentario para engranajes.<\/em><br data-start=\"444\" data-end=\"447\" \/>Grasa registrada NSF H1 para engranajes abiertos. Alta adhesi\u00f3n y estructura fibrosa larga.<\/p>\n<h4 data-start=\"534\" data-end=\"547\">Para Cadenas<\/h4>\n<p data-start=\"549\" data-end=\"696\"><strong data-start=\"549\" data-end=\"567\">Interoil Cad P<\/strong><br data-start=\"567\" data-end=\"570\" \/><em data-start=\"570\" data-end=\"615\">Aceite de grado alimentario para cadenas de alta temperatura.<\/em><br data-start=\"615\" data-end=\"618\" \/>Aceite de alta adhesi\u00f3n registrado NSF H1 para aplicaciones generales en hornos hasta 180 \u00b0C.<\/p>\n<p data-start=\"698\" data-end=\"812\"><strong data-start=\"698\" data-end=\"719\">Interoil Cad Food<\/strong><br data-start=\"719\" data-end=\"722\" \/><em data-start=\"722\" data-end=\"750\">Aceite de grado alimentario para cadenas.<\/em><br data-start=\"750\" data-end=\"753\" \/>Aceite de alta adhesi\u00f3n registrado NSF H1 que evita el goteo.<\/p>\n<p data-start=\"814\" data-end=\"982\"><strong data-start=\"814\" data-end=\"837\">Hidrosynt FGL Spray<\/strong><br data-start=\"837\" data-end=\"840\" \/><em data-start=\"840\" data-end=\"878\">Aceite sint\u00e9tico de grado alimentario para cadenas.<\/em><br data-start=\"878\" data-end=\"881\" \/>Aceite registrado NSF H1 para c\u00e1maras de refrigeraci\u00f3n y t\u00faneles de congelaci\u00f3n. Previene la adhesi\u00f3n de contaminantes.<\/p>\n<h4 data-start=\"989\" data-end=\"1013\">Para Sistemas Hidr\u00e1ulicos<\/h4>\n<p data-start=\"1015\" data-end=\"1147\"><strong data-start=\"1015\" data-end=\"1031\">Interoil FGL<\/strong><br data-start=\"1031\" data-end=\"1034\" \/><em data-start=\"1034\" data-end=\"1073\">Aceite de grado alimentario para sistemas hidr\u00e1ulicos.<\/em><br data-start=\"1073\" data-end=\"1076\" \/>NSF H1 registered oil family for general hydraulic system applications.<\/p>\n<p data-start=\"1149\" data-end=\"1283\"><strong data-start=\"1149\" data-end=\"1166\">Hidrosynt FGL<\/strong><br data-start=\"1166\" data-end=\"1169\" \/><em data-start=\"1169\" data-end=\"1218\">Aceite sint\u00e9tico de grado alimentario para sistemas hidr\u00e1ulicos.<\/em><br data-start=\"1218\" data-end=\"1221\" \/>Familia de aceites hidr\u00e1ulicos registrada NSF H1 con larga vida \u00fatil.<\/p>\n<h4 data-start=\"1290\" data-end=\"1308\">Para Compresores<\/h4>\n<p data-start=\"1310\" data-end=\"1449\"><strong data-start=\"1310\" data-end=\"1324\">C Synt FGL<\/strong><br data-start=\"1324\" data-end=\"1327\" \/><em data-start=\"1327\" data-end=\"1370\">Aceite sint\u00e9tico de grado alimentario para compresores.<\/em><br data-start=\"1370\" data-end=\"1373\" \/>Familia de aceites registrada NSF H1. Previene la formaci\u00f3n de barniz y residuos de carbono.<\/p>\n<h4 data-start=\"1456\" data-end=\"1471\">Para Rodamientos<\/h4>\n<p data-start=\"1473\" data-end=\"1592\"><strong data-start=\"1473\" data-end=\"1484\">ALIPLEX<\/strong><br data-start=\"1484\" data-end=\"1487\" \/><em data-start=\"1487\" data-end=\"1520\">Grasa de grado alimentario para rodamientos.<\/em><br data-start=\"1520\" data-end=\"1523\" \/>Familia de grasas registrada NSF H1 para rodamientos con excelente adhesi\u00f3n.<\/p>\n<h4 data-start=\"1599\" data-end=\"1621\">For Electric Motors<\/h4>\n<p data-start=\"1623\" data-end=\"1765\"><strong data-start=\"1623\" data-end=\"1644\">Sintaplex HS Zero<\/strong><br data-start=\"1644\" data-end=\"1647\" \/><em data-start=\"1647\" data-end=\"1676\">Grasa para motores el\u00e9ctricos.<\/em><br data-start=\"1676\" data-end=\"1679\" \/>Grasa de extrema presi\u00f3n, larga duraci\u00f3n y sin sangrado (zero bleed). Ideal para aplicaciones de alta velocidad.<\/p>","protected":false},"excerpt":{"rendered":"<h3><strong>Principales categor\u00edas de lubricantes de grado alimentario seg\u00fan su tipo de registro NSF y su aplicaci\u00f3n.<\/strong><\/h3>\n<h4 data-start=\"43\" data-end=\"64\"><strong data-start=\"47\" data-end=\"64\">Lubricantes H1<\/strong><\/h4>\n<p data-start=\"66\" data-end=\"171\">Lubricantes utilizados en aplicaciones donde es t\u00e9cnicamente imposible evitar el contacto incidental con los alimentos.<\/p>\n<p data-start=\"173\" data-end=\"360\">Estos productos pueden utilizarse en aplicaciones donde existe la posibilidad de contacto incidental con productos comestibles. Debe utilizarse en el equipo la cantidad m\u00ednima necesaria de material.<\/p>\n<p data-start=\"362\" data-end=\"599\">El uso de estos lubricantes es com\u00fan en todo tipo de maquinaria ubicada cerca de \u00e1reas de procesamiento de alimentos, como cadenas, cintas transportadoras, hornos, peletizadoras y muchos otros equipos donde no se puede descartar el contacto accidental.<\/p>\n<hr data-start=\"601\" data-end=\"604\" \/>\n<h4 data-start=\"606\" data-end=\"627\"><strong data-start=\"610\" data-end=\"627\">Lubricantes H2<\/strong><\/h4>\n<p data-start=\"629\" data-end=\"736\">Lubricantes para aplicaci\u00f3n general en la industria alimentaria donde no existe posibilidad de contacto con los alimentos.<\/p>\n<p data-start=\"738\" data-end=\"895\">Estos productos pueden utilizarse como lubricantes en \u00e1reas de procesamiento de alimentos y en entornos circundantes donde no hay posibilidad de contacto con productos comestibles.<\/p>\n<p data-start=\"897\" data-end=\"1107\">Los productos de esta categor\u00eda no se consideran de grado alimentario como tal; sin embargo, su uso es importante porque cumplen con los requisitos de FDA CFR 21, lo que garantiza que no tendr\u00e1n efectos adversos cuando se utilicen correctamente.<\/p>\n<hr data-start=\"1109\" data-end=\"1112\" \/>\n<h4 data-start=\"1114\" data-end=\"1135\"><strong data-start=\"1118\" data-end=\"1135\">Lubricantes H3<\/strong><\/h4>\n<p data-start=\"1137\" data-end=\"1231\">Categor\u00eda de registro para lubricantes y\/o agentes desmoldantes que tienen contacto directo con los alimentos.<\/p>\n<p data-start=\"1233\" data-end=\"1431\">Estos productos pueden utilizarse en parrillas, hornos y otras superficies duras que entran en contacto directo con los alimentos para evitar que se adhieran durante el procesamiento. Est\u00e1 permitido que tengan contacto directo con los alimentos.<\/p>\n<p data-start=\"1433\" data-end=\"1618\">Ejemplos de procesos donde estos materiales son necesarios incluyen operaciones de panader\u00eda para evitar que el pan se adhiera a los moldes, as\u00ed como aplicaciones similares en la producci\u00f3n de confiter\u00eda.<\/p>","protected":false},"featured_media":50174,"template":"","meta":{"_joinchat":[]},"product_brand":[],"product_cat":[92],"product_tag":[],"class_list":{"0":"post-50173","1":"product","2":"type-product","3":"status-publish","4":"has-post-thumbnail","6":"product_cat-lubricacion","8":"first","9":"instock","10":"shipping-taxable","11":"product-type-simple"},"yoast_head":"<!-- This site is optimized with the Yoast SEO plugin v26.2 - https:\/\/yoast.com\/wordpress\/plugins\/seo\/ -->\n<title>Food Grade Lubricants - IMFAPART | Industrial filtration and lubrication<\/title>\n<meta name=\"description\" content=\"Main categories of food-grade lubricants according to their NSF registration type and application.\" \/>\n<meta name=\"robots\" content=\"index, follow, max-snippet:-1, max-image-preview:large, max-video-preview:-1\" \/>\n<link rel=\"canonical\" href=\"https:\/\/www.imfapart.com\/es\/productos\/lubricacion\/food-grade-lubricants\/\" \/>\n<meta property=\"og:locale\" content=\"es_ES\" \/>\n<meta property=\"og:type\" content=\"article\" \/>\n<meta property=\"og:title\" content=\"Food Grade Lubricants - IMFAPART | Industrial filtration and lubrication\" \/>\n<meta property=\"og:description\" content=\"Main categories of food-grade lubricants according to their NSF registration type and application.\" \/>\n<meta property=\"og:url\" content=\"https:\/\/www.imfapart.com\/es\/productos\/lubricacion\/food-grade-lubricants\/\" \/>\n<meta property=\"og:site_name\" content=\"IMFAPART | Industrial filtration and lubrication\" \/>\n<meta property=\"article:publisher\" content=\"https:\/\/www.facebook.com\/profile.php?id=100078783627404\" \/>\n<meta property=\"article:modified_time\" content=\"2026-03-11T14:28:07+00:00\" \/>\n<meta property=\"og:image\" content=\"http:\/\/www.imfapart.com\/wp-content\/uploads\/2026\/02\/Aliplex-2.png\" \/>\n\t<meta property=\"og:image:width\" content=\"300\" \/>\n\t<meta property=\"og:image:height\" content=\"366\" \/>\n\t<meta property=\"og:image:type\" content=\"image\/png\" \/>\n<meta name=\"twitter:card\" content=\"summary_large_image\" \/>\n<meta name=\"twitter:label1\" content=\"Tiempo de lectura\" \/>\n\t<meta name=\"twitter:data1\" content=\"2 minutos\" \/>\n<script type=\"application\/ld+json\" class=\"yoast-schema-graph\">{\"@context\":\"https:\/\/schema.org\",\"@graph\":[{\"@type\":\"WebPage\",\"@id\":\"https:\/\/www.imfapart.com\/productos\/lubricacion\/food-grade-lubricants\/\",\"url\":\"https:\/\/www.imfapart.com\/productos\/lubricacion\/food-grade-lubricants\/\",\"name\":\"Food Grade Lubricants - IMFAPART | Industrial filtration and lubrication\",\"isPartOf\":{\"@id\":\"https:\/\/www.imfapart.com\/#website\"},\"primaryImageOfPage\":{\"@id\":\"https:\/\/www.imfapart.com\/productos\/lubricacion\/food-grade-lubricants\/#primaryimage\"},\"image\":{\"@id\":\"https:\/\/www.imfapart.com\/productos\/lubricacion\/food-grade-lubricants\/#primaryimage\"},\"thumbnailUrl\":\"https:\/\/www.imfapart.com\/wp-content\/uploads\/2026\/02\/Aliplex-2.png\",\"datePublished\":\"2026-02-18T15:44:51+00:00\",\"dateModified\":\"2026-03-11T14:28:07+00:00\",\"description\":\"Main categories of food-grade lubricants according to their NSF registration type and application.\",\"breadcrumb\":{\"@id\":\"https:\/\/www.imfapart.com\/productos\/lubricacion\/food-grade-lubricants\/#breadcrumb\"},\"inLanguage\":\"es-CO\",\"potentialAction\":[{\"@type\":\"ReadAction\",\"target\":[\"https:\/\/www.imfapart.com\/productos\/lubricacion\/food-grade-lubricants\/\"]}]},{\"@type\":\"ImageObject\",\"inLanguage\":\"es-CO\",\"@id\":\"https:\/\/www.imfapart.com\/productos\/lubricacion\/food-grade-lubricants\/#primaryimage\",\"url\":\"https:\/\/www.imfapart.com\/wp-content\/uploads\/2026\/02\/Aliplex-2.png\",\"contentUrl\":\"https:\/\/www.imfapart.com\/wp-content\/uploads\/2026\/02\/Aliplex-2.png\",\"width\":300,\"height\":366},{\"@type\":\"BreadcrumbList\",\"@id\":\"https:\/\/www.imfapart.com\/productos\/lubricacion\/food-grade-lubricants\/#breadcrumb\",\"itemListElement\":[{\"@type\":\"ListItem\",\"position\":1,\"name\":\"Inicio\",\"item\":\"https:\/\/www.imfapart.com\/\"},{\"@type\":\"ListItem\",\"position\":2,\"name\":\"Nuestros Productos\",\"item\":\"https:\/\/www.imfapart.com\/productos\/\"},{\"@type\":\"ListItem\",\"position\":3,\"name\":\"Food Grade Lubricants\"}]},{\"@type\":\"WebSite\",\"@id\":\"https:\/\/www.imfapart.com\/#website\",\"url\":\"https:\/\/www.imfapart.com\/\",\"name\":\"IMFAPART | Industrial filtration and lubrication\",\"description\":\"We specialize in providing solutions to our clients, and our product range spans a varied selection, from filtration to industrial lubrication.\",\"publisher\":{\"@id\":\"https:\/\/www.imfapart.com\/#organization\"},\"potentialAction\":[{\"@type\":\"SearchAction\",\"target\":{\"@type\":\"EntryPoint\",\"urlTemplate\":\"https:\/\/www.imfapart.com\/?s={search_term_string}\"},\"query-input\":{\"@type\":\"PropertyValueSpecification\",\"valueRequired\":true,\"valueName\":\"search_term_string\"}}],\"inLanguage\":\"es-CO\"},{\"@type\":\"Organization\",\"@id\":\"https:\/\/www.imfapart.com\/#organization\",\"name\":\"IMFAPART | Industrial filtration and lubrication\",\"url\":\"https:\/\/www.imfapart.com\/\",\"logo\":{\"@type\":\"ImageObject\",\"inLanguage\":\"es-CO\",\"@id\":\"https:\/\/www.imfapart.com\/#\/schema\/logo\/image\/\",\"url\":\"https:\/\/www.imfapart.com\/wp-content\/uploads\/2023\/09\/Logo-IMFAPART.png\",\"contentUrl\":\"https:\/\/www.imfapart.com\/wp-content\/uploads\/2023\/09\/Logo-IMFAPART.png\",\"width\":350,\"height\":111,\"caption\":\"IMFAPART | Industrial filtration and lubrication\"},\"image\":{\"@id\":\"https:\/\/www.imfapart.com\/#\/schema\/logo\/image\/\"},\"sameAs\":[\"https:\/\/www.facebook.com\/profile.php?id=100078783627404\",\"https:\/\/www.instagram.com\/imfapart_hdp\/\"]}]}<\/script>\n<!-- \/ Yoast SEO plugin. -->","yoast_head_json":{"title":"Food Grade Lubricants - IMFAPART | Industrial filtration and lubrication","description":"Principales categor\u00edas de lubricantes de grado alimentario seg\u00fan su tipo de registro NSF y su aplicaci\u00f3n.","robots":{"index":"index","follow":"follow","max-snippet":"max-snippet:-1","max-image-preview":"max-image-preview:large","max-video-preview":"max-video-preview:-1"},"canonical":"https:\/\/www.imfapart.com\/es\/productos\/lubricacion\/food-grade-lubricants\/","og_locale":"es_ES","og_type":"article","og_title":"Food Grade Lubricants - IMFAPART | Industrial filtration and lubrication","og_description":"Main categories of food-grade lubricants according to their NSF registration type and application.","og_url":"https:\/\/www.imfapart.com\/es\/productos\/lubricacion\/food-grade-lubricants\/","og_site_name":"IMFAPART | Industrial filtration and lubrication","article_publisher":"https:\/\/www.facebook.com\/profile.php?id=100078783627404","article_modified_time":"2026-03-11T14:28:07+00:00","og_image":[{"width":300,"height":366,"url":"http:\/\/www.imfapart.com\/wp-content\/uploads\/2026\/02\/Aliplex-2.png","type":"image\/png"}],"twitter_card":"summary_large_image","twitter_misc":{"Tiempo de lectura":"2 minutos"},"schema":{"@context":"https:\/\/schema.org","@graph":[{"@type":"WebPage","@id":"https:\/\/www.imfapart.com\/productos\/lubricacion\/food-grade-lubricants\/","url":"https:\/\/www.imfapart.com\/productos\/lubricacion\/food-grade-lubricants\/","name":"Food Grade Lubricants - IMFAPART | Industrial filtration and lubrication","isPartOf":{"@id":"https:\/\/www.imfapart.com\/#website"},"primaryImageOfPage":{"@id":"https:\/\/www.imfapart.com\/productos\/lubricacion\/food-grade-lubricants\/#primaryimage"},"image":{"@id":"https:\/\/www.imfapart.com\/productos\/lubricacion\/food-grade-lubricants\/#primaryimage"},"thumbnailUrl":"https:\/\/www.imfapart.com\/wp-content\/uploads\/2026\/02\/Aliplex-2.png","datePublished":"2026-02-18T15:44:51+00:00","dateModified":"2026-03-11T14:28:07+00:00","description":"Principales categor\u00edas de lubricantes de grado alimentario seg\u00fan su tipo de registro NSF y su aplicaci\u00f3n.","breadcrumb":{"@id":"https:\/\/www.imfapart.com\/productos\/lubricacion\/food-grade-lubricants\/#breadcrumb"},"inLanguage":"es-CO","potentialAction":[{"@type":"ReadAction","target":["https:\/\/www.imfapart.com\/productos\/lubricacion\/food-grade-lubricants\/"]}]},{"@type":"ImageObject","inLanguage":"es-CO","@id":"https:\/\/www.imfapart.com\/productos\/lubricacion\/food-grade-lubricants\/#primaryimage","url":"https:\/\/www.imfapart.com\/wp-content\/uploads\/2026\/02\/Aliplex-2.png","contentUrl":"https:\/\/www.imfapart.com\/wp-content\/uploads\/2026\/02\/Aliplex-2.png","width":300,"height":366},{"@type":"BreadcrumbList","@id":"https:\/\/www.imfapart.com\/productos\/lubricacion\/food-grade-lubricants\/#breadcrumb","itemListElement":[{"@type":"ListItem","position":1,"name":"Inicio","item":"https:\/\/www.imfapart.com\/"},{"@type":"ListItem","position":2,"name":"Nuestros Productos","item":"https:\/\/www.imfapart.com\/productos\/"},{"@type":"ListItem","position":3,"name":"Food Grade Lubricants"}]},{"@type":"WebSite","@id":"https:\/\/www.imfapart.com\/#website","url":"https:\/\/www.imfapart.com\/","name":"IMFAPART | Industrial filtration and lubrication","description":"We specialize in providing solutions to our clients, and our product range spans a varied selection, from filtration to industrial lubrication.","publisher":{"@id":"https:\/\/www.imfapart.com\/#organization"},"potentialAction":[{"@type":"SearchAction","target":{"@type":"EntryPoint","urlTemplate":"https:\/\/www.imfapart.com\/?s={search_term_string}"},"query-input":{"@type":"PropertyValueSpecification","valueRequired":true,"valueName":"search_term_string"}}],"inLanguage":"es-CO"},{"@type":"Organization","@id":"https:\/\/www.imfapart.com\/#organization","name":"IMFAPART | Industrial filtration and lubrication","url":"https:\/\/www.imfapart.com\/","logo":{"@type":"ImageObject","inLanguage":"es-CO","@id":"https:\/\/www.imfapart.com\/#\/schema\/logo\/image\/","url":"https:\/\/www.imfapart.com\/wp-content\/uploads\/2023\/09\/Logo-IMFAPART.png","contentUrl":"https:\/\/www.imfapart.com\/wp-content\/uploads\/2023\/09\/Logo-IMFAPART.png","width":350,"height":111,"caption":"IMFAPART | Industrial filtration and lubrication"},"image":{"@id":"https:\/\/www.imfapart.com\/#\/schema\/logo\/image\/"},"sameAs":["https:\/\/www.facebook.com\/profile.php?id=100078783627404","https:\/\/www.instagram.com\/imfapart_hdp\/"]}]}},"_links":{"self":[{"href":"https:\/\/www.imfapart.com\/es\/wp-json\/wp\/v2\/product\/50173","targetHints":{"allow":["GET"]}}],"collection":[{"href":"https:\/\/www.imfapart.com\/es\/wp-json\/wp\/v2\/product"}],"about":[{"href":"https:\/\/www.imfapart.com\/es\/wp-json\/wp\/v2\/types\/product"}],"wp:featuredmedia":[{"embeddable":true,"href":"https:\/\/www.imfapart.com\/es\/wp-json\/wp\/v2\/media\/50174"}],"wp:attachment":[{"href":"https:\/\/www.imfapart.com\/es\/wp-json\/wp\/v2\/media?parent=50173"}],"wp:term":[{"taxonomy":"product_brand","embeddable":true,"href":"https:\/\/www.imfapart.com\/es\/wp-json\/wp\/v2\/product_brand?post=50173"},{"taxonomy":"product_cat","embeddable":true,"href":"https:\/\/www.imfapart.com\/es\/wp-json\/wp\/v2\/product_cat?post=50173"},{"taxonomy":"product_tag","embeddable":true,"href":"https:\/\/www.imfapart.com\/es\/wp-json\/wp\/v2\/product_tag?post=50173"}],"curies":[{"name":"wp","href":"https:\/\/api.w.org\/{rel}","templated":true}]}}