{"id":50236,"date":"2026-02-18T14:16:54","date_gmt":"2026-02-18T19:16:54","guid":{"rendered":"https:\/\/www.imfapart.com\/?post_type=product&#038;p=50236"},"modified":"2026-03-13T16:18:36","modified_gmt":"2026-03-13T21:18:36","slug":"transmission-sprockets","status":"publish","type":"product","link":"https:\/\/www.imfapart.com\/es\/productos\/transmision-de-potencia\/pinones\/transmission-sprockets\/","title":{"rendered":"Pi\u00f1ones de Transmisi\u00f3n"},"content":{"rendered":"<h3 data-start=\"515\" data-end=\"538\"><strong data-start=\"519\" data-end=\"538\">Pi\u00f1\u00f3n Tipo A<\/strong><\/h3>\n<p data-start=\"540\" data-end=\"700\">Los pi\u00f1ones tipo A son pi\u00f1ones de placa plana sin cubo. Generalmente se montan directamente sobre un eje utilizando un cubo, un cubo soldable o una soluci\u00f3n de montaje personalizada.<\/p>\n<p data-start=\"702\" data-end=\"800\"><strong data-start=\"702\" data-end=\"719\">Aplicaciones<\/strong> Ensamblajes compactos, maquinaria personalizada y aplicaciones donde el espacio es limitado.<\/p>\n<p data-start=\"802\" data-end=\"819\"><strong data-start=\"802\" data-end=\"819\">Caracter\u00edsticas Clave:<\/strong><\/p>\n<p data-start=\"822\" data-end=\"837\">Dise\u00f1o sin cubo<\/p>\n<p data-start=\"840\" data-end=\"865\">Ligero y compacto<\/p>\n<p data-start=\"868\" data-end=\"909\">Ideal para soldadura o fabricaci\u00f3n personalizada<\/p>\n<h3 data-start=\"916\" data-end=\"939\"><\/h3>\n<h3 data-start=\"916\" data-end=\"939\"><strong data-start=\"920\" data-end=\"939\">Pi\u00f1on Tipo B<\/strong><\/h3>\n<p data-start=\"941\" data-end=\"1088\">Los pi\u00f1ones tipo B incluyen un cubo en un lado, proporcionando soporte adicional y permitiendo el montaje directo en un eje con chavetero y tornillos de fijaci\u00f3n.<\/p>\n<p data-start=\"1090\" data-end=\"1161\"><strong data-start=\"1090\" data-end=\"1107\">Aplicaciones<\/strong> Maquinaria industrial est\u00e1ndar y sistemas de transporte.<\/p>\n<p data-start=\"1163\" data-end=\"1180\"><strong data-start=\"1163\" data-end=\"1180\">Caracter\u00edsticas Clave:<\/strong><\/p>\n<p data-start=\"1183\" data-end=\"1202\">Dise\u00f1o sin cubo<\/p>\n<p data-start=\"1205\" data-end=\"1227\">Ligero y compacto<\/p>\n<p data-start=\"1230\" data-end=\"1249\">F\u00e1cil instalaci\u00f3n<\/p>\n<h3 data-start=\"1256\" data-end=\"1279\"><\/h3>\n<h3 data-start=\"1256\" data-end=\"1279\"><strong data-start=\"1260\" data-end=\"1279\">Pi\u00f1on Tipo C<\/strong><\/h3>\n<p data-start=\"1281\" data-end=\"1370\">Los pi\u00f1ones tipo C cuentan con cubos en ambos lados, ofreciendo m\u00e1xima resistencia y soporte del eje.<\/p>\n<p data-start=\"1372\" data-end=\"1432\"><strong data-start=\"1372\" data-end=\"1389\">Aplicaciones<\/strong> Sistemas de transmisi\u00f3n de servicio pesado y aplicaciones de alta carga.<\/p>\n<p data-start=\"1434\" data-end=\"1451\"><strong data-start=\"1434\" data-end=\"1451\">Caracter\u00edsticas Clave:<\/strong><\/p>\n<p data-start=\"1454\" data-end=\"1479\">Construcci\u00f3n con doble cubo<\/p>\n<p data-start=\"1482\" data-end=\"1512\">Mayor estabilidad de alineaci\u00f3n<\/p>\n<p data-start=\"1515\" data-end=\"1554\">Adecuado para aplicaciones de alto torque<\/p>\n<h3 data-start=\"1561\" data-end=\"1590\"><\/h3>\n<h3 data-start=\"1561\" data-end=\"1590\"><strong data-start=\"1565\" data-end=\"1590\">Pi\u00f1\u00f3n de Ingenier\u00eda<\/strong><\/h3>\n<p data-start=\"1592\" data-end=\"1748\">Los pi\u00f1ones de ingenier\u00eda son pi\u00f1ones de servicio pesado dise\u00f1ados para cadenas de ingenier\u00eda de gran paso, utilizadas en miner\u00eda, cemento, pulpa y papel, y manejo de materiales a granel.<\/p>\n<p data-start=\"1750\" data-end=\"1767\"><strong data-start=\"1750\" data-end=\"1767\">Caracter\u00edsticas Clave:<\/strong><\/p>\n<p data-start=\"1770\" data-end=\"1809\">Dise\u00f1ados para cadenas de clase ingenier\u00eda<\/p>\n<p data-start=\"1812\" data-end=\"1832\">Alta capacidad de carga<\/p>\n<p data-start=\"1835\" data-end=\"1868\">Perfiles de dientes personalizados disponibles<\/p>\n<p data-start=\"1871\" data-end=\"1910\">Fabricados para entornos extremos<\/p>\n<h3 data-start=\"1917\" data-end=\"1940\"><\/h3>\n<h3 data-start=\"1917\" data-end=\"1940\"><strong data-start=\"1921\" data-end=\"1940\">Pi\u00f1\u00f3n Simple<\/strong><\/h3>\n<p data-start=\"1942\" data-end=\"2017\">Un pi\u00f1\u00f3n simple est\u00e1 dise\u00f1ado para operar con una sola cadena de rodillos.<\/p>\n<p data-start=\"2019\" data-end=\"2073\"><strong data-start=\"2019\" data-end=\"2036\">Aplicaciones<\/strong> Sistemas est\u00e1ndar de transmisi\u00f3n de potencia.<\/p>\n<p data-start=\"2075\" data-end=\"2092\"><strong data-start=\"2075\" data-end=\"2092\">Caracter\u00edsticas Clave:<\/strong><\/p>\n<p data-start=\"2095\" data-end=\"2119\">Configuraci\u00f3n est\u00e1ndar<\/p>\n<p data-start=\"2122\" data-end=\"2155\">Amplia gama de tama\u00f1os y pasos<\/p>\n<p data-start=\"2158\" data-end=\"2183\">Soluci\u00f3n rentable<\/p>\n<h3 data-start=\"2190\" data-end=\"2213\"><\/h3>\n<h3 data-start=\"2190\" data-end=\"2213\"><strong data-start=\"2194\" data-end=\"2213\">Pi\u00f1\u00f3n Doble<\/strong><\/h3>\n<p data-start=\"2215\" data-end=\"2330\">Los pi\u00f1ones dobles est\u00e1n dise\u00f1ados para operar con cadenas de rodillos de doble hilera o dos cadenas simples funcionando en paralelo.<\/p>\n<p data-start=\"2332\" data-end=\"2401\"><strong data-start=\"2332\" data-end=\"2349\">Aplicaciones<\/strong> Requerimientos de mayor torque y sistemas de transmisi\u00f3n sincronizados.<\/p>\n<p data-start=\"2403\" data-end=\"2420\"><strong data-start=\"2403\" data-end=\"2420\">Caracter\u00edsticas Clave:<\/strong><\/p>\n<p data-start=\"2423\" data-end=\"2448\">Mayor capacidad de carga<\/p>\n<p data-start=\"2451\" data-end=\"2481\">Mejor distribuci\u00f3n del torque<\/p>\n<p data-start=\"2484\" data-end=\"2517\">Ideal para operaciones de servicio pesado<\/p>\n<h3 data-start=\"2524\" data-end=\"2553\"><\/h3>\n<h3 data-start=\"2524\" data-end=\"2553\"><strong data-start=\"2528\" data-end=\"2553\">Pi\u00f1\u00f3n de Paso Doble<\/strong><\/h3>\n<p data-start=\"2555\" data-end=\"2690\">Los pi\u00f1ones de paso doble est\u00e1n dise\u00f1ados para cadenas de paso doble, las cuales tienen una mayor distancia entre pasos y se utilizan com\u00fanmente en sistemas transportadores.<\/p>\n<p data-start=\"2692\" data-end=\"2750\"><strong data-start=\"2692\" data-end=\"2709\">Aplicaciones<\/strong> Manipulaci\u00f3n de materiales y sistemas de transporte.<\/p>\n<p data-start=\"2752\" data-end=\"2769\"><strong data-start=\"2752\" data-end=\"2769\">Caracter\u00edsticas Clave:<\/strong><\/p>\n<p data-start=\"2772\" data-end=\"2794\">Mayor distancia entre pasos<\/p>\n<p data-start=\"2797\" data-end=\"2813\">Peso reducido<\/p>\n<p data-start=\"2816\" data-end=\"2851\">Optimizado para transporte a baja velocidad<\/p>\n<h3 data-start=\"2858\" data-end=\"2877\"><\/h3>\n<h3 data-start=\"2858\" data-end=\"2877\"><strong data-start=\"2862\" data-end=\"2877\">Pi\u00f1\u00f3n BS<\/strong><\/h3>\n<p data-start=\"2879\" data-end=\"3000\">Los pi\u00f1ones BS se fabrican de acuerdo con las especificaciones del Est\u00e1ndar Brit\u00e1nico (BS) y son compatibles con cadenas de rodillos BS.<\/p>\n<p data-start=\"3002\" data-end=\"3083\"><strong data-start=\"3002\" data-end=\"3019\">Aplicaciones<\/strong> Equipos que requieren compatibilidad con cadenas bajo norma ISO \/ British Standard.<\/p>\n<p data-start=\"3085\" data-end=\"3102\"><strong data-start=\"3085\" data-end=\"3102\">Caracter\u00edsticas Clave:<\/strong><\/p>\n<p data-start=\"3105\" data-end=\"3137\">Dise\u00f1ados seg\u00fan normas BS \/ ISO<\/p>\n<p data-start=\"3140\" data-end=\"3164\">Geometr\u00eda de dientes precisa<\/p>\n<p data-start=\"3167\" data-end=\"3205\">Disponibles en m\u00faltiples configuraciones<\/p>\n<h3 data-start=\"3212\" data-end=\"3233\"><\/h3>\n<h3 data-start=\"3212\" data-end=\"3233\"><strong data-start=\"3216\" data-end=\"3233\">Pi\u00f1\u00f3n ANSI<\/strong><\/h3>\n<p data-start=\"3235\" data-end=\"3378\">Los pi\u00f1ones ANSI se fabrican de acuerdo con las normas ANSI (American National Standards Institute) y son compatibles con cadenas de rodillos ANSI.<\/p>\n<p data-start=\"3380\" data-end=\"3457\"><strong data-start=\"3380\" data-end=\"3397\">Aplicaciones<\/strong> Equipos bajo est\u00e1ndar norteamericano y maquinaria industrial.<\/p>\n<p data-start=\"3459\" data-end=\"3476\"><strong data-start=\"3459\" data-end=\"3476\">Caracter\u00edsticas Clave:<\/strong><\/p>\n<p data-start=\"3479\" data-end=\"3507\">Dise\u00f1ados seg\u00fan normas ANSI<\/p>\n<p data-start=\"3510\" data-end=\"3544\">Paso y perfil de dientes precisos<\/p>\n<p data-start=\"3547\" data-end=\"3589\">Amplia disponibilidad e intercambiabilidad<\/p>","protected":false},"excerpt":{"rendered":"<p data-start=\"110\" data-end=\"375\">Los pi\u00f1ones de transmisi\u00f3n son componentes mecanizados con precisi\u00f3n dise\u00f1ados para transmitir movimiento y potencia entre ejes mediante cadenas de rodillos. Se utilizan ampliamente en transportadores, maquinaria industrial, equipos agr\u00edcolas, l\u00edneas de procesamiento de alimentos y aplicaciones de trabajo pesado.<\/p>\n<p data-start=\"377\" data-end=\"508\">Seleccionar el pi\u00f1\u00f3n adecuado garantiza un correcto acoplamiento con la cadena, menor desgaste, distribuci\u00f3n \u00f3ptima de la carga y una mayor vida \u00fatil del sistema.<\/p>","protected":false},"featured_media":50521,"template":"","meta":{"_joinchat":[]},"product_brand":[],"product_cat":[93,113],"product_tag":[],"class_list":{"0":"post-50236","1":"product","2":"type-product","3":"status-publish","4":"has-post-thumbnail","6":"product_cat-transmision-de-potencia","7":"product_cat-pinones","9":"first","10":"instock","11":"shipping-taxable","12":"product-type-simple"},"yoast_head":"<!-- This site is optimized with the Yoast SEO plugin v26.2 - https:\/\/yoast.com\/wordpress\/plugins\/seo\/ -->\n<title>Transmission Sprockets - IMFAPART | Industrial filtration and lubrication<\/title>\n<meta name=\"robots\" content=\"index, follow, max-snippet:-1, max-image-preview:large, max-video-preview:-1\" \/>\n<link rel=\"canonical\" href=\"https:\/\/www.imfapart.com\/es\/productos\/transmision-de-potencia\/pinones\/transmission-sprockets\/\" \/>\n<meta property=\"og:locale\" content=\"es_ES\" \/>\n<meta property=\"og:type\" content=\"article\" \/>\n<meta property=\"og:title\" content=\"Transmission Sprockets - IMFAPART | Industrial filtration and lubrication\" \/>\n<meta property=\"og:description\" content=\"Transmission sprockets are precision-machined components designed to transmit motion and power between shafts through roller chains. They are widely used in conveyors, industrial machinery, agricultural equipment, food processing lines, and heavy-duty applications. Selecting the correct sprocket ensures proper chain engagement, reduced wear, optimal load distribution, and extended service life.\" \/>\n<meta property=\"og:url\" content=\"https:\/\/www.imfapart.com\/es\/productos\/transmision-de-potencia\/pinones\/transmission-sprockets\/\" \/>\n<meta property=\"og:site_name\" content=\"IMFAPART | Industrial filtration and lubrication\" \/>\n<meta property=\"article:publisher\" content=\"https:\/\/www.facebook.com\/profile.php?id=100078783627404\" \/>\n<meta property=\"article:modified_time\" content=\"2026-03-13T21:18:36+00:00\" \/>\n<meta property=\"og:image\" content=\"http:\/\/www.imfapart.com\/wp-content\/uploads\/2026\/02\/Sprocket-Type-C.png\" \/>\n\t<meta property=\"og:image:width\" content=\"500\" \/>\n\t<meta property=\"og:image:height\" content=\"500\" \/>\n\t<meta property=\"og:image:type\" content=\"image\/png\" \/>\n<meta name=\"twitter:card\" content=\"summary_large_image\" \/>\n<meta name=\"twitter:label1\" content=\"Tiempo de lectura\" \/>\n\t<meta name=\"twitter:data1\" content=\"2 minutos\" \/>\n<script type=\"application\/ld+json\" class=\"yoast-schema-graph\">{\"@context\":\"https:\/\/schema.org\",\"@graph\":[{\"@type\":\"WebPage\",\"@id\":\"https:\/\/www.imfapart.com\/productos\/transmision-de-potencia\/pinones\/transmission-sprockets\/\",\"url\":\"https:\/\/www.imfapart.com\/productos\/transmision-de-potencia\/pinones\/transmission-sprockets\/\",\"name\":\"Transmission Sprockets - IMFAPART | Industrial filtration and lubrication\",\"isPartOf\":{\"@id\":\"https:\/\/www.imfapart.com\/#website\"},\"primaryImageOfPage\":{\"@id\":\"https:\/\/www.imfapart.com\/productos\/transmision-de-potencia\/pinones\/transmission-sprockets\/#primaryimage\"},\"image\":{\"@id\":\"https:\/\/www.imfapart.com\/productos\/transmision-de-potencia\/pinones\/transmission-sprockets\/#primaryimage\"},\"thumbnailUrl\":\"https:\/\/www.imfapart.com\/wp-content\/uploads\/2026\/02\/Sprocket-Type-C.png\",\"datePublished\":\"2026-02-18T19:16:54+00:00\",\"dateModified\":\"2026-03-13T21:18:36+00:00\",\"breadcrumb\":{\"@id\":\"https:\/\/www.imfapart.com\/productos\/transmision-de-potencia\/pinones\/transmission-sprockets\/#breadcrumb\"},\"inLanguage\":\"es-CO\",\"potentialAction\":[{\"@type\":\"ReadAction\",\"target\":[\"https:\/\/www.imfapart.com\/productos\/transmision-de-potencia\/pinones\/transmission-sprockets\/\"]}]},{\"@type\":\"ImageObject\",\"inLanguage\":\"es-CO\",\"@id\":\"https:\/\/www.imfapart.com\/productos\/transmision-de-potencia\/pinones\/transmission-sprockets\/#primaryimage\",\"url\":\"https:\/\/www.imfapart.com\/wp-content\/uploads\/2026\/02\/Sprocket-Type-C.png\",\"contentUrl\":\"https:\/\/www.imfapart.com\/wp-content\/uploads\/2026\/02\/Sprocket-Type-C.png\",\"width\":500,\"height\":500},{\"@type\":\"BreadcrumbList\",\"@id\":\"https:\/\/www.imfapart.com\/productos\/transmision-de-potencia\/pinones\/transmission-sprockets\/#breadcrumb\",\"itemListElement\":[{\"@type\":\"ListItem\",\"position\":1,\"name\":\"Inicio\",\"item\":\"https:\/\/www.imfapart.com\/\"},{\"@type\":\"ListItem\",\"position\":2,\"name\":\"Nuestros Productos\",\"item\":\"https:\/\/www.imfapart.com\/productos\/\"},{\"@type\":\"ListItem\",\"position\":3,\"name\":\"Transmission Sprockets\"}]},{\"@type\":\"WebSite\",\"@id\":\"https:\/\/www.imfapart.com\/#website\",\"url\":\"https:\/\/www.imfapart.com\/\",\"name\":\"IMFAPART | Industrial filtration and lubrication\",\"description\":\"We specialize in providing solutions to our clients, and our product range spans a varied selection, from filtration to industrial lubrication.\",\"publisher\":{\"@id\":\"https:\/\/www.imfapart.com\/#organization\"},\"potentialAction\":[{\"@type\":\"SearchAction\",\"target\":{\"@type\":\"EntryPoint\",\"urlTemplate\":\"https:\/\/www.imfapart.com\/?s={search_term_string}\"},\"query-input\":{\"@type\":\"PropertyValueSpecification\",\"valueRequired\":true,\"valueName\":\"search_term_string\"}}],\"inLanguage\":\"es-CO\"},{\"@type\":\"Organization\",\"@id\":\"https:\/\/www.imfapart.com\/#organization\",\"name\":\"IMFAPART | Industrial filtration and lubrication\",\"url\":\"https:\/\/www.imfapart.com\/\",\"logo\":{\"@type\":\"ImageObject\",\"inLanguage\":\"es-CO\",\"@id\":\"https:\/\/www.imfapart.com\/#\/schema\/logo\/image\/\",\"url\":\"https:\/\/www.imfapart.com\/wp-content\/uploads\/2023\/09\/Logo-IMFAPART.png\",\"contentUrl\":\"https:\/\/www.imfapart.com\/wp-content\/uploads\/2023\/09\/Logo-IMFAPART.png\",\"width\":350,\"height\":111,\"caption\":\"IMFAPART | Industrial filtration and lubrication\"},\"image\":{\"@id\":\"https:\/\/www.imfapart.com\/#\/schema\/logo\/image\/\"},\"sameAs\":[\"https:\/\/www.facebook.com\/profile.php?id=100078783627404\",\"https:\/\/www.instagram.com\/imfapart_hdp\/\"]}]}<\/script>\n<!-- \/ Yoast SEO plugin. -->","yoast_head_json":{"title":"Transmission Sprockets - IMFAPART | Industrial filtration and lubrication","robots":{"index":"index","follow":"follow","max-snippet":"max-snippet:-1","max-image-preview":"max-image-preview:large","max-video-preview":"max-video-preview:-1"},"canonical":"https:\/\/www.imfapart.com\/es\/productos\/transmision-de-potencia\/pinones\/transmission-sprockets\/","og_locale":"es_ES","og_type":"article","og_title":"Transmission Sprockets - IMFAPART | Industrial filtration and lubrication","og_description":"Transmission sprockets are precision-machined components designed to transmit motion and power between shafts through roller chains. They are widely used in conveyors, industrial machinery, agricultural equipment, food processing lines, and heavy-duty applications. Selecting the correct sprocket ensures proper chain engagement, reduced wear, optimal load distribution, and extended service life.","og_url":"https:\/\/www.imfapart.com\/es\/productos\/transmision-de-potencia\/pinones\/transmission-sprockets\/","og_site_name":"IMFAPART | Industrial filtration and lubrication","article_publisher":"https:\/\/www.facebook.com\/profile.php?id=100078783627404","article_modified_time":"2026-03-13T21:18:36+00:00","og_image":[{"width":500,"height":500,"url":"http:\/\/www.imfapart.com\/wp-content\/uploads\/2026\/02\/Sprocket-Type-C.png","type":"image\/png"}],"twitter_card":"summary_large_image","twitter_misc":{"Tiempo de lectura":"2 minutos"},"schema":{"@context":"https:\/\/schema.org","@graph":[{"@type":"WebPage","@id":"https:\/\/www.imfapart.com\/productos\/transmision-de-potencia\/pinones\/transmission-sprockets\/","url":"https:\/\/www.imfapart.com\/productos\/transmision-de-potencia\/pinones\/transmission-sprockets\/","name":"Transmission Sprockets - IMFAPART | Industrial filtration and lubrication","isPartOf":{"@id":"https:\/\/www.imfapart.com\/#website"},"primaryImageOfPage":{"@id":"https:\/\/www.imfapart.com\/productos\/transmision-de-potencia\/pinones\/transmission-sprockets\/#primaryimage"},"image":{"@id":"https:\/\/www.imfapart.com\/productos\/transmision-de-potencia\/pinones\/transmission-sprockets\/#primaryimage"},"thumbnailUrl":"https:\/\/www.imfapart.com\/wp-content\/uploads\/2026\/02\/Sprocket-Type-C.png","datePublished":"2026-02-18T19:16:54+00:00","dateModified":"2026-03-13T21:18:36+00:00","breadcrumb":{"@id":"https:\/\/www.imfapart.com\/productos\/transmision-de-potencia\/pinones\/transmission-sprockets\/#breadcrumb"},"inLanguage":"es-CO","potentialAction":[{"@type":"ReadAction","target":["https:\/\/www.imfapart.com\/productos\/transmision-de-potencia\/pinones\/transmission-sprockets\/"]}]},{"@type":"ImageObject","inLanguage":"es-CO","@id":"https:\/\/www.imfapart.com\/productos\/transmision-de-potencia\/pinones\/transmission-sprockets\/#primaryimage","url":"https:\/\/www.imfapart.com\/wp-content\/uploads\/2026\/02\/Sprocket-Type-C.png","contentUrl":"https:\/\/www.imfapart.com\/wp-content\/uploads\/2026\/02\/Sprocket-Type-C.png","width":500,"height":500},{"@type":"BreadcrumbList","@id":"https:\/\/www.imfapart.com\/productos\/transmision-de-potencia\/pinones\/transmission-sprockets\/#breadcrumb","itemListElement":[{"@type":"ListItem","position":1,"name":"Inicio","item":"https:\/\/www.imfapart.com\/"},{"@type":"ListItem","position":2,"name":"Nuestros Productos","item":"https:\/\/www.imfapart.com\/productos\/"},{"@type":"ListItem","position":3,"name":"Transmission Sprockets"}]},{"@type":"WebSite","@id":"https:\/\/www.imfapart.com\/#website","url":"https:\/\/www.imfapart.com\/","name":"IMFAPART | Industrial filtration and lubrication","description":"We specialize in providing solutions to our clients, and our product range spans a varied selection, from filtration to industrial lubrication.","publisher":{"@id":"https:\/\/www.imfapart.com\/#organization"},"potentialAction":[{"@type":"SearchAction","target":{"@type":"EntryPoint","urlTemplate":"https:\/\/www.imfapart.com\/?s={search_term_string}"},"query-input":{"@type":"PropertyValueSpecification","valueRequired":true,"valueName":"search_term_string"}}],"inLanguage":"es-CO"},{"@type":"Organization","@id":"https:\/\/www.imfapart.com\/#organization","name":"IMFAPART | Industrial filtration and lubrication","url":"https:\/\/www.imfapart.com\/","logo":{"@type":"ImageObject","inLanguage":"es-CO","@id":"https:\/\/www.imfapart.com\/#\/schema\/logo\/image\/","url":"https:\/\/www.imfapart.com\/wp-content\/uploads\/2023\/09\/Logo-IMFAPART.png","contentUrl":"https:\/\/www.imfapart.com\/wp-content\/uploads\/2023\/09\/Logo-IMFAPART.png","width":350,"height":111,"caption":"IMFAPART | Industrial filtration and lubrication"},"image":{"@id":"https:\/\/www.imfapart.com\/#\/schema\/logo\/image\/"},"sameAs":["https:\/\/www.facebook.com\/profile.php?id=100078783627404","https:\/\/www.instagram.com\/imfapart_hdp\/"]}]}},"_links":{"self":[{"href":"https:\/\/www.imfapart.com\/es\/wp-json\/wp\/v2\/product\/50236","targetHints":{"allow":["GET"]}}],"collection":[{"href":"https:\/\/www.imfapart.com\/es\/wp-json\/wp\/v2\/product"}],"about":[{"href":"https:\/\/www.imfapart.com\/es\/wp-json\/wp\/v2\/types\/product"}],"wp:featuredmedia":[{"embeddable":true,"href":"https:\/\/www.imfapart.com\/es\/wp-json\/wp\/v2\/media\/50521"}],"wp:attachment":[{"href":"https:\/\/www.imfapart.com\/es\/wp-json\/wp\/v2\/media?parent=50236"}],"wp:term":[{"taxonomy":"product_brand","embeddable":true,"href":"https:\/\/www.imfapart.com\/es\/wp-json\/wp\/v2\/product_brand?post=50236"},{"taxonomy":"product_cat","embeddable":true,"href":"https:\/\/www.imfapart.com\/es\/wp-json\/wp\/v2\/product_cat?post=50236"},{"taxonomy":"product_tag","embeddable":true,"href":"https:\/\/www.imfapart.com\/es\/wp-json\/wp\/v2\/product_tag?post=50236"}],"curies":[{"name":"wp","href":"https:\/\/api.w.org\/{rel}","templated":true}]}}